{"id":3575,"date":"2024-05-06T09:43:11","date_gmt":"2024-05-06T07:43:11","guid":{"rendered":"https:\/\/www.mariahilf.eu\/?page_id=3575"},"modified":"2024-06-12T10:40:54","modified_gmt":"2024-06-12T08:40:54","slug":"pout-motorkaru","status":"publish","type":"page","link":"https:\/\/www.mariahilf.eu\/de\/historie\/pout-motorkaru\/","title":{"rendered":"Pilgerfahrt der Motorradfahrer"},"content":{"rendered":"<div data-elementor-type=\"wp-page\" data-elementor-id=\"3575\" class=\"elementor elementor-3575\" data-elementor-post-type=\"page\">\n\t\t\t\t\t\t<section class=\"elementor-section elementor-top-section elementor-element elementor-element-8c9cc8e elementor-section-boxed elementor-section-height-default elementor-section-height-default\" data-id=\"8c9cc8e\" data-element_type=\"section\" data-e-type=\"section\">\n\t\t\t\t\t\t<div class=\"elementor-container elementor-column-gap-default\">\n\t\t\t\t\t<div class=\"elementor-column elementor-col-100 elementor-top-column elementor-element elementor-element-99d42eb\" data-id=\"99d42eb\" data-element_type=\"column\" data-e-type=\"column\">\n\t\t\t<div class=\"elementor-widget-wrap elementor-element-populated\">\n\t\t\t\t\t\t<div class=\"elementor-element elementor-element-5a80789 elementor-widget elementor-widget-text-editor\" data-id=\"5a80789\" data-element_type=\"widget\" data-e-type=\"widget\" data-widget_type=\"text-editor.default\">\n\t\t\t\t<div class=\"elementor-widget-container\">\n\t\t\t\t\t\t\t\t\t<h1 style=\"text-align: center;\"><strong>18.05.2024\u00a0<\/strong><\/h1><h3 style=\"text-align: center;\"><strong>NATIONALE MOTORRAD-PILGERFAHRT<\/strong><\/h3><h3 style=\"text-align: center;\"><strong>M\u0161e sv. ve 14:00 hod.<\/strong><\/h3><h3 style=\"text-align: center;\"><strong>a \u017eehn\u00e1n\u00ed motorek.<\/strong><\/h3><h3 style=\"text-align: center;\">\u00a0<\/h3>\t\t\t\t\t\t\t\t<\/div>\n\t\t\t\t<\/div>\n\t\t\t\t\t<\/div>\n\t\t<\/div>\n\t\t\t\t\t<\/div>\n\t\t<\/section>\n\t\t\t\t<section class=\"elementor-section elementor-top-section elementor-element elementor-element-fb456a4 elementor-section-boxed elementor-section-height-default elementor-section-height-default\" data-id=\"fb456a4\" data-element_type=\"section\" data-e-type=\"section\">\n\t\t\t\t\t\t<div class=\"elementor-container elementor-column-gap-default\">\n\t\t\t\t\t<div class=\"elementor-column elementor-col-100 elementor-top-column elementor-element elementor-element-3dee1d7\" data-id=\"3dee1d7\" data-element_type=\"column\" data-e-type=\"column\">\n\t\t\t<div class=\"elementor-widget-wrap elementor-element-populated\">\n\t\t\t\t\t\t<div class=\"elementor-element elementor-element-87f7589 elementor-widget elementor-widget-spacer\" data-id=\"87f7589\" data-element_type=\"widget\" data-e-type=\"widget\" data-widget_type=\"spacer.default\">\n\t\t\t\t<div class=\"elementor-widget-container\">\n\t\t\t\t\t\t\t<div class=\"elementor-spacer\">\n\t\t\t<div class=\"elementor-spacer-inner\"><\/div>\n\t\t<\/div>\n\t\t\t\t\t\t<\/div>\n\t\t\t\t<\/div>\n\t\t\t\t\t<\/div>\n\t\t<\/div>\n\t\t\t\t\t<\/div>\n\t\t<\/section>\n\t\t\t\t<\/div>","protected":false},"excerpt":{"rendered":"<p>18.05.2024\u00a0 N\u00c1RODN\u00cd POU\u0164\u00a0 MOTORK\u00c1\u0158\u016e M\u0161e sv. ve 14:00 hod. a \u017eehn\u00e1n\u00ed motorek.<\/p>","protected":false},"author":2,"featured_media":3725,"parent":705,"menu_order":0,"comment_status":"closed","ping_status":"closed","template":"","meta":{"_acf_changed":false,"footnotes":""},"class_list":["post-3575","page","type-page","status-publish","has-post-thumbnail","hentry"],"acf":[],"yoast_head":"<!-- This site is optimized with the Yoast SEO plugin v27.4 - https:\/\/yoast.com\/product\/yoast-seo-wordpress\/ -->\n<title>Pou\u0165 motork\u00e1\u0159\u016f - Maria Hilf - Poutn\u00ed M\u00edsto Panny Marie Pomocn\u00e9<\/title>\n<meta name=\"robots\" content=\"index, follow, max-snippet:-1, max-image-preview:large, max-video-preview:-1\" \/>\n<link rel=\"canonical\" href=\"https:\/\/www.mariahilf.eu\/de\/historie\/pout-motorkaru\/\" \/>\n<meta property=\"og:locale\" content=\"de_DE\" \/>\n<meta property=\"og:type\" content=\"article\" \/>\n<meta property=\"og:title\" content=\"Pou\u0165 motork\u00e1\u0159\u016f - Maria Hilf - Poutn\u00ed M\u00edsto Panny Marie Pomocn\u00e9\" \/>\n<meta property=\"og:description\" content=\"18.05.2024\u00a0 N\u00c1RODN\u00cd POU\u0164\u00a0 MOTORK\u00c1\u0158\u016e M\u0161e sv. ve 14:00 hod. a \u017eehn\u00e1n\u00ed motorek.\" \/>\n<meta property=\"og:url\" content=\"https:\/\/www.mariahilf.eu\/de\/historie\/pout-motorkaru\/\" \/>\n<meta property=\"og:site_name\" content=\"Maria Hilf - Poutn\u00ed M\u00edsto Panny Marie Pomocn\u00e9\" \/>\n<meta property=\"article:publisher\" content=\"https:\/\/www.facebook.com\/pannamariapomocna\/\" \/>\n<meta property=\"article:modified_time\" content=\"2024-06-12T08:40:54+00:00\" \/>\n<meta property=\"og:image\" content=\"https:\/\/www.mariahilf.eu\/wp-content\/uploads\/2024\/06\/pielgrzymka_motocyklistow.jpeg\" \/>\n\t<meta property=\"og:image:width\" content=\"800\" \/>\n\t<meta property=\"og:image:height\" content=\"600\" \/>\n\t<meta property=\"og:image:type\" content=\"image\/jpeg\" \/>\n<meta name=\"twitter:card\" content=\"summary_large_image\" \/>\n<script type=\"application\/ld+json\" class=\"yoast-schema-graph\">{\"@context\":\"https:\\\/\\\/schema.org\",\"@graph\":[{\"@type\":\"WebPage\",\"@id\":\"https:\\\/\\\/www.mariahilf.eu\\\/historie\\\/pout-motorkaru\\\/\",\"url\":\"https:\\\/\\\/www.mariahilf.eu\\\/historie\\\/pout-motorkaru\\\/\",\"name\":\"Pou\u0165 motork\u00e1\u0159\u016f - Maria Hilf - Poutn\u00ed M\u00edsto Panny Marie Pomocn\u00e9\",\"isPartOf\":{\"@id\":\"https:\\\/\\\/www.mariahilf.eu\\\/#website\"},\"primaryImageOfPage\":{\"@id\":\"https:\\\/\\\/www.mariahilf.eu\\\/historie\\\/pout-motorkaru\\\/#primaryimage\"},\"image\":{\"@id\":\"https:\\\/\\\/www.mariahilf.eu\\\/historie\\\/pout-motorkaru\\\/#primaryimage\"},\"thumbnailUrl\":\"https:\\\/\\\/i0.wp.com\\\/www.mariahilf.eu\\\/wp-content\\\/uploads\\\/2024\\\/06\\\/pielgrzymka_motocyklistow.jpeg?fit=800%2C600&ssl=1\",\"datePublished\":\"2024-05-06T07:43:11+00:00\",\"dateModified\":\"2024-06-12T08:40:54+00:00\",\"breadcrumb\":{\"@id\":\"https:\\\/\\\/www.mariahilf.eu\\\/historie\\\/pout-motorkaru\\\/#breadcrumb\"},\"inLanguage\":\"de\",\"potentialAction\":[{\"@type\":\"ReadAction\",\"target\":[\"https:\\\/\\\/www.mariahilf.eu\\\/historie\\\/pout-motorkaru\\\/\"]}]},{\"@type\":\"ImageObject\",\"inLanguage\":\"de\",\"@id\":\"https:\\\/\\\/www.mariahilf.eu\\\/historie\\\/pout-motorkaru\\\/#primaryimage\",\"url\":\"https:\\\/\\\/i0.wp.com\\\/www.mariahilf.eu\\\/wp-content\\\/uploads\\\/2024\\\/06\\\/pielgrzymka_motocyklistow.jpeg?fit=800%2C600&ssl=1\",\"contentUrl\":\"https:\\\/\\\/i0.wp.com\\\/www.mariahilf.eu\\\/wp-content\\\/uploads\\\/2024\\\/06\\\/pielgrzymka_motocyklistow.jpeg?fit=800%2C600&ssl=1\",\"width\":800,\"height\":600},{\"@type\":\"BreadcrumbList\",\"@id\":\"https:\\\/\\\/www.mariahilf.eu\\\/historie\\\/pout-motorkaru\\\/#breadcrumb\",\"itemListElement\":[{\"@type\":\"ListItem\",\"position\":1,\"name\":\"Strona g\u0142\u00f3wna\",\"item\":\"https:\\\/\\\/www.mariahilf.eu\\\/\"},{\"@type\":\"ListItem\",\"position\":2,\"name\":\"Historie\",\"item\":\"https:\\\/\\\/www.mariahilf.eu\\\/historie\\\/\"},{\"@type\":\"ListItem\",\"position\":3,\"name\":\"Pou\u0165 motork\u00e1\u0159\u016f\"}]},{\"@type\":\"WebSite\",\"@id\":\"https:\\\/\\\/www.mariahilf.eu\\\/#website\",\"url\":\"https:\\\/\\\/www.mariahilf.eu\\\/\",\"name\":\"Maria Hilf - Poutn\u00ed M\u00edsto Panny Marie Pomocn\u00e9\",\"description\":\"Duchovn\u00ed spr\u00e1va poutn\u00edho m\u00edsta Panny Marie Pomocn\u00e9\",\"publisher\":{\"@id\":\"https:\\\/\\\/www.mariahilf.eu\\\/#organization\"},\"potentialAction\":[{\"@type\":\"SearchAction\",\"target\":{\"@type\":\"EntryPoint\",\"urlTemplate\":\"https:\\\/\\\/www.mariahilf.eu\\\/?s={search_term_string}\"},\"query-input\":{\"@type\":\"PropertyValueSpecification\",\"valueRequired\":true,\"valueName\":\"search_term_string\"}}],\"inLanguage\":\"de\"},{\"@type\":\"Organization\",\"@id\":\"https:\\\/\\\/www.mariahilf.eu\\\/#organization\",\"name\":\"Parafia Matki Bo\u017cej Cz\u0119stochowskiej w Knurowie\",\"url\":\"https:\\\/\\\/www.mariahilf.eu\\\/\",\"logo\":{\"@type\":\"ImageObject\",\"inLanguage\":\"de\",\"@id\":\"https:\\\/\\\/www.mariahilf.eu\\\/#\\\/schema\\\/logo\\\/image\\\/\",\"url\":\"https:\\\/\\\/i0.wp.com\\\/www.mariahilf.eu\\\/wp-content\\\/uploads\\\/2018\\\/08\\\/logo_web_300x348.png?fit=300%2C348&ssl=1\",\"contentUrl\":\"https:\\\/\\\/i0.wp.com\\\/www.mariahilf.eu\\\/wp-content\\\/uploads\\\/2018\\\/08\\\/logo_web_300x348.png?fit=300%2C348&ssl=1\",\"width\":300,\"height\":348,\"caption\":\"Parafia Matki Bo\u017cej Cz\u0119stochowskiej w Knurowie\"},\"image\":{\"@id\":\"https:\\\/\\\/www.mariahilf.eu\\\/#\\\/schema\\\/logo\\\/image\\\/\"},\"sameAs\":[\"https:\\\/\\\/www.facebook.com\\\/pannamariapomocna\\\/\"]}]}<\/script>\n<!-- \/ Yoast SEO plugin. -->","yoast_head_json":{"title":"Pou\u0165 motork\u00e1\u0159\u016f - Maria Hilf - Poutn\u00ed M\u00edsto Panny Marie Pomocn\u00e9","robots":{"index":"index","follow":"follow","max-snippet":"max-snippet:-1","max-image-preview":"max-image-preview:large","max-video-preview":"max-video-preview:-1"},"canonical":"https:\/\/www.mariahilf.eu\/de\/historie\/pout-motorkaru\/","og_locale":"de_DE","og_type":"article","og_title":"Pou\u0165 motork\u00e1\u0159\u016f - Maria Hilf - Poutn\u00ed M\u00edsto Panny Marie Pomocn\u00e9","og_description":"18.05.2024\u00a0 N\u00c1RODN\u00cd POU\u0164\u00a0 MOTORK\u00c1\u0158\u016e M\u0161e sv. ve 14:00 hod. a \u017eehn\u00e1n\u00ed motorek.","og_url":"https:\/\/www.mariahilf.eu\/de\/historie\/pout-motorkaru\/","og_site_name":"Maria Hilf - Poutn\u00ed M\u00edsto Panny Marie Pomocn\u00e9","article_publisher":"https:\/\/www.facebook.com\/pannamariapomocna\/","article_modified_time":"2024-06-12T08:40:54+00:00","og_image":[{"width":800,"height":600,"url":"https:\/\/www.mariahilf.eu\/wp-content\/uploads\/2024\/06\/pielgrzymka_motocyklistow.jpeg","type":"image\/jpeg"}],"twitter_card":"summary_large_image","schema":{"@context":"https:\/\/schema.org","@graph":[{"@type":"WebPage","@id":"https:\/\/www.mariahilf.eu\/historie\/pout-motorkaru\/","url":"https:\/\/www.mariahilf.eu\/historie\/pout-motorkaru\/","name":"Pou\u0165 motork\u00e1\u0159\u016f - Maria Hilf - Poutn\u00ed M\u00edsto Panny Marie Pomocn\u00e9","isPartOf":{"@id":"https:\/\/www.mariahilf.eu\/#website"},"primaryImageOfPage":{"@id":"https:\/\/www.mariahilf.eu\/historie\/pout-motorkaru\/#primaryimage"},"image":{"@id":"https:\/\/www.mariahilf.eu\/historie\/pout-motorkaru\/#primaryimage"},"thumbnailUrl":"https:\/\/i0.wp.com\/www.mariahilf.eu\/wp-content\/uploads\/2024\/06\/pielgrzymka_motocyklistow.jpeg?fit=800%2C600&ssl=1","datePublished":"2024-05-06T07:43:11+00:00","dateModified":"2024-06-12T08:40:54+00:00","breadcrumb":{"@id":"https:\/\/www.mariahilf.eu\/historie\/pout-motorkaru\/#breadcrumb"},"inLanguage":"de","potentialAction":[{"@type":"ReadAction","target":["https:\/\/www.mariahilf.eu\/historie\/pout-motorkaru\/"]}]},{"@type":"ImageObject","inLanguage":"de","@id":"https:\/\/www.mariahilf.eu\/historie\/pout-motorkaru\/#primaryimage","url":"https:\/\/i0.wp.com\/www.mariahilf.eu\/wp-content\/uploads\/2024\/06\/pielgrzymka_motocyklistow.jpeg?fit=800%2C600&ssl=1","contentUrl":"https:\/\/i0.wp.com\/www.mariahilf.eu\/wp-content\/uploads\/2024\/06\/pielgrzymka_motocyklistow.jpeg?fit=800%2C600&ssl=1","width":800,"height":600},{"@type":"BreadcrumbList","@id":"https:\/\/www.mariahilf.eu\/historie\/pout-motorkaru\/#breadcrumb","itemListElement":[{"@type":"ListItem","position":1,"name":"Strona g\u0142\u00f3wna","item":"https:\/\/www.mariahilf.eu\/"},{"@type":"ListItem","position":2,"name":"Historie","item":"https:\/\/www.mariahilf.eu\/historie\/"},{"@type":"ListItem","position":3,"name":"Pou\u0165 motork\u00e1\u0159\u016f"}]},{"@type":"WebSite","@id":"https:\/\/www.mariahilf.eu\/#website","url":"https:\/\/www.mariahilf.eu\/","name":"Maria Hilf - Poutn\u00ed M\u00edsto Panny Marie Pomocn\u00e9","description":"Duchovn\u00ed spr\u00e1va poutn\u00edho m\u00edsta Panny Marie Pomocn\u00e9","publisher":{"@id":"https:\/\/www.mariahilf.eu\/#organization"},"potentialAction":[{"@type":"SearchAction","target":{"@type":"EntryPoint","urlTemplate":"https:\/\/www.mariahilf.eu\/?s={search_term_string}"},"query-input":{"@type":"PropertyValueSpecification","valueRequired":true,"valueName":"search_term_string"}}],"inLanguage":"de"},{"@type":"Organization","@id":"https:\/\/www.mariahilf.eu\/#organization","name":"Parafia Matki Bo\u017cej Cz\u0119stochowskiej w Knurowie","url":"https:\/\/www.mariahilf.eu\/","logo":{"@type":"ImageObject","inLanguage":"de","@id":"https:\/\/www.mariahilf.eu\/#\/schema\/logo\/image\/","url":"https:\/\/i0.wp.com\/www.mariahilf.eu\/wp-content\/uploads\/2018\/08\/logo_web_300x348.png?fit=300%2C348&ssl=1","contentUrl":"https:\/\/i0.wp.com\/www.mariahilf.eu\/wp-content\/uploads\/2018\/08\/logo_web_300x348.png?fit=300%2C348&ssl=1","width":300,"height":348,"caption":"Parafia Matki Bo\u017cej Cz\u0119stochowskiej w Knurowie"},"image":{"@id":"https:\/\/www.mariahilf.eu\/#\/schema\/logo\/image\/"},"sameAs":["https:\/\/www.facebook.com\/pannamariapomocna\/"]}]}},"jetpack_shortlink":"https:\/\/wp.me\/PaKJZm-VF","jetpack_sharing_enabled":true,"_links":{"self":[{"href":"https:\/\/www.mariahilf.eu\/de\/wp-json\/wp\/v2\/pages\/3575","targetHints":{"allow":["GET"]}}],"collection":[{"href":"https:\/\/www.mariahilf.eu\/de\/wp-json\/wp\/v2\/pages"}],"about":[{"href":"https:\/\/www.mariahilf.eu\/de\/wp-json\/wp\/v2\/types\/page"}],"author":[{"embeddable":true,"href":"https:\/\/www.mariahilf.eu\/de\/wp-json\/wp\/v2\/users\/2"}],"replies":[{"embeddable":true,"href":"https:\/\/www.mariahilf.eu\/de\/wp-json\/wp\/v2\/comments?post=3575"}],"version-history":[{"count":5,"href":"https:\/\/www.mariahilf.eu\/de\/wp-json\/wp\/v2\/pages\/3575\/revisions"}],"predecessor-version":[{"id":3726,"href":"https:\/\/www.mariahilf.eu\/de\/wp-json\/wp\/v2\/pages\/3575\/revisions\/3726"}],"up":[{"embeddable":true,"href":"https:\/\/www.mariahilf.eu\/de\/wp-json\/wp\/v2\/pages\/705"}],"wp:featuredmedia":[{"embeddable":true,"href":"https:\/\/www.mariahilf.eu\/de\/wp-json\/wp\/v2\/media\/3725"}],"wp:attachment":[{"href":"https:\/\/www.mariahilf.eu\/de\/wp-json\/wp\/v2\/media?parent=3575"}],"curies":[{"name":"wp","href":"https:\/\/api.w.org\/{rel}","templated":true}]}}