{"id":3655,"date":"2024-05-07T11:12:37","date_gmt":"2024-05-07T09:12:37","guid":{"rendered":"https:\/\/www.mariahilf.eu\/?page_id=3655"},"modified":"2024-05-07T11:39:18","modified_gmt":"2024-05-07T09:39:18","slug":"kontaktni-udaje","status":"publish","type":"page","link":"https:\/\/www.mariahilf.eu\/de\/kontaktni-udaje\/","title":{"rendered":"Kontakt"},"content":{"rendered":"<div data-elementor-type=\"wp-page\" data-elementor-id=\"3655\" class=\"elementor elementor-3655\" data-elementor-post-type=\"page\">\n\t\t\t\t\t\t<section class=\"elementor-section elementor-top-section elementor-element elementor-element-b5dfd78 elementor-section-boxed elementor-section-height-default elementor-section-height-default\" data-id=\"b5dfd78\" data-element_type=\"section\">\n\t\t\t\t\t\t<div class=\"elementor-container elementor-column-gap-default\">\n\t\t\t\t\t<div class=\"elementor-column elementor-col-50 elementor-top-column elementor-element elementor-element-497f7bc\" data-id=\"497f7bc\" data-element_type=\"column\">\n\t\t\t<div class=\"elementor-widget-wrap elementor-element-populated\">\n\t\t\t\t\t\t<div class=\"elementor-element elementor-element-2ab1ada elementor-widget elementor-widget-text-editor\" data-id=\"2ab1ada\" data-element_type=\"widget\" data-widget_type=\"text-editor.default\">\n\t\t\t\t<div class=\"elementor-widget-container\">\n\t\t\t\t\t\t\t\t\t<h2><strong>Duchovn\u00ed spr\u00e1va\u00a0<\/strong><strong>poutn\u00edho m\u00edsta <\/strong><strong>Panny Marie Pomocn\u00e9<\/strong><\/h2><h3><strong>CZ\u00a0 793 76 Zlat\u00e9 Hory \u010d. p. 170<br \/><br \/>E-Mail:<\/strong>\u00a0 \u00a0mariahilf@email.cz<strong><br \/>kontakt:\u00a0<\/strong>\u00a0+ 420 731 254 224<\/h3><h3><strong>\u010c\u00edslo datov\u00e9 schr\u00e1nky:<\/strong>\u00a0 bg3mahy<br \/><strong>\u010c\u00edslo \u00fa\u010dtu:<\/strong>\u00a0 3514404399\/0800<\/h3><h3><strong>nr konta (IBAN):<\/strong>\u00a0CZ60 0800 0000 0035 1440 4399<\/h3><h3><strong>Wallfahrtsort t\u00e4glich ge\u00f6ffnet:<br \/><\/strong><\/h3><h3><strong>duben &#8211; z\u00e1\u0159\u00ed:<\/strong> 8:00 &#8211; 18:00<br \/>(kwiecie\u0144 &#8211; wrzesie\u0144)<br \/><strong>\u0159\u00edjen &#8211; b\u0159ezen:<\/strong> 8:00 &#8211; 16:00<br \/>(pa\u017adziernik &#8211; marzec)<\/h3><h3>\u00a0<\/h3>\t\t\t\t\t\t\t\t<\/div>\n\t\t\t\t<\/div>\n\t\t\t\t\t<\/div>\n\t\t<\/div>\n\t\t\t\t<div class=\"elementor-column elementor-col-50 elementor-top-column elementor-element elementor-element-7617f80\" data-id=\"7617f80\" data-element_type=\"column\">\n\t\t\t<div class=\"elementor-widget-wrap elementor-element-populated\">\n\t\t\t\t\t\t<div class=\"elementor-element elementor-element-9cfc370 elementor-widget elementor-widget-text-editor\" data-id=\"9cfc370\" data-element_type=\"widget\" data-widget_type=\"text-editor.default\">\n\t\t\t\t<div class=\"elementor-widget-container\">\n\t\t\t\t\t\t\t\t\t<h2><strong>REKTOR POUTN\u00cdHO M\u00cdSTA:<\/strong><\/h2><h4><strong>P. ThLic. Mgr. Mariusz Rafa\u0142 Jo\u0144czyk<br \/><br \/>mobil:<br \/><\/strong>+ 420 731 254 224 (pracovn\u00ed)<strong><br \/><\/strong>+ 420 736 108 896 (osobn\u00ed)<br \/><strong>E-Mail:<br \/><\/strong>mariahilf@email.cz<\/h4><h2><span style=\"color: #ff0000;\"><strong>POZOR\u00a0 !!!<\/strong><\/span><\/h2><h3><strong>od 01.01.2022\u00a0<\/strong><strong>jsou zru\u0161en\u00e9 telefonn\u00ed \u010d\u00edsla:<br \/><\/strong>+420 584 425 916<br \/>+420 605 469 363<\/h3>\t\t\t\t\t\t\t\t<\/div>\n\t\t\t\t<\/div>\n\t\t\t\t\t<\/div>\n\t\t<\/div>\n\t\t\t\t\t<\/div>\n\t\t<\/section>\n\t\t\t\t<section class=\"elementor-section elementor-top-section elementor-element elementor-element-5fae775 elementor-section-boxed elementor-section-height-default elementor-section-height-default\" data-id=\"5fae775\" data-element_type=\"section\">\n\t\t\t\t\t\t<div class=\"elementor-container elementor-column-gap-default\">\n\t\t\t\t\t<div class=\"elementor-column elementor-col-100 elementor-top-column elementor-element elementor-element-cc7d7bf\" data-id=\"cc7d7bf\" data-element_type=\"column\">\n\t\t\t<div class=\"elementor-widget-wrap elementor-element-populated\">\n\t\t\t\t\t\t<div class=\"elementor-element elementor-element-30a1be8 elementor-widget elementor-widget-image\" data-id=\"30a1be8\" data-element_type=\"widget\" data-widget_type=\"image.default\">\n\t\t\t\t<div class=\"elementor-widget-container\">\n\t\t\t\t\t\t\t\t\t\t\t\t\t\t\t<img fetchpriority=\"high\" decoding=\"async\" width=\"2560\" height=\"1244\" src=\"https:\/\/i0.wp.com\/www.mariahilf.eu\/wp-content\/uploads\/2022\/09\/20220423_172745-scaled.jpg?fit=2560%2C1244&amp;ssl=1\" class=\"attachment-full size-full wp-image-2199\" alt=\"\" srcset=\"https:\/\/i0.wp.com\/www.mariahilf.eu\/wp-content\/uploads\/2022\/09\/20220423_172745-scaled.jpg?w=2560&amp;ssl=1 2560w, https:\/\/i0.wp.com\/www.mariahilf.eu\/wp-content\/uploads\/2022\/09\/20220423_172745-scaled.jpg?resize=300%2C146&amp;ssl=1 300w, https:\/\/i0.wp.com\/www.mariahilf.eu\/wp-content\/uploads\/2022\/09\/20220423_172745-scaled.jpg?resize=1024%2C498&amp;ssl=1 1024w, https:\/\/i0.wp.com\/www.mariahilf.eu\/wp-content\/uploads\/2022\/09\/20220423_172745-scaled.jpg?resize=768%2C373&amp;ssl=1 768w, https:\/\/i0.wp.com\/www.mariahilf.eu\/wp-content\/uploads\/2022\/09\/20220423_172745-scaled.jpg?resize=1536%2C747&amp;ssl=1 1536w, https:\/\/i0.wp.com\/www.mariahilf.eu\/wp-content\/uploads\/2022\/09\/20220423_172745-scaled.jpg?resize=2048%2C996&amp;ssl=1 2048w, https:\/\/i0.wp.com\/www.mariahilf.eu\/wp-content\/uploads\/2022\/09\/20220423_172745-scaled.jpg?resize=18%2C9&amp;ssl=1 18w\" sizes=\"(max-width: 1000px) 100vw, 1000px\" \/>\t\t\t\t\t\t\t\t\t\t\t\t\t\t\t<\/div>\n\t\t\t\t<\/div>\n\t\t\t\t\t<\/div>\n\t\t<\/div>\n\t\t\t\t\t<\/div>\n\t\t<\/section>\n\t\t\t\t<\/div>","protected":false},"excerpt":{"rendered":"<p>Duchovn\u00ed spr\u00e1va\u00a0poutn\u00edho m\u00edsta Panny Marie Pomocn\u00e9 CZ\u00a0 793 76 Zlat\u00e9 Hory \u010d. p. 170 e-mail: \u00a0 \u00a0mariahilf@email.cz kontakt:\u00a0\u00a0+ 420 731 254 224 \u010c\u00edslo datov\u00e9 schr\u00e1nky:\u00a0 bg3mahy \u010c\u00edslo \u00fa\u010dtu:\u00a0 3514404399\/0800 nr konta (IBAN):\u00a0CZ60 0800 0000 0035 1440 4399 Poutn\u00ed m\u00edsto otev\u0159eno denn\u011b: duben &#8211; z\u00e1\u0159\u00ed: 8:00 &#8211; 18:00 (kwiecie\u0144 &#8211; wrzesie\u0144) \u0159\u00edjen &#8211; b\u0159ezen: 8:00 &#8211;<\/p>\n<div><a class=\"fw-btn fw-btn-1 fw-btn-black\" href=\"https:\/\/www.mariahilf.eu\/de\/kontaktni-udaje\/\"><span>Lesen ...<\/span><\/a><\/div>","protected":false},"author":2,"featured_media":695,"parent":0,"menu_order":0,"comment_status":"closed","ping_status":"open","template":"","meta":{"_acf_changed":false,"footnotes":""},"class_list":["post-3655","page","type-page","status-publish","has-post-thumbnail","hentry"],"acf":[],"yoast_head":"<!-- This site is optimized with the Yoast SEO plugin v26.6 - https:\/\/yoast.com\/wordpress\/plugins\/seo\/ -->\n<title>Kontaktn\u00ed \u00fadaje - Maria Hilf - Poutn\u00ed M\u00edsto Panny Marie Pomocn\u00e9<\/title>\n<meta name=\"robots\" content=\"index, follow, max-snippet:-1, max-image-preview:large, max-video-preview:-1\" \/>\n<link rel=\"canonical\" href=\"https:\/\/www.mariahilf.eu\/de\/kontaktni-udaje\/\" \/>\n<meta property=\"og:locale\" content=\"de_DE\" \/>\n<meta property=\"og:type\" content=\"article\" \/>\n<meta property=\"og:title\" content=\"Kontaktn\u00ed \u00fadaje - Maria Hilf - Poutn\u00ed M\u00edsto Panny Marie Pomocn\u00e9\" \/>\n<meta property=\"og:description\" content=\"Duchovn\u00ed spr\u00e1va\u00a0poutn\u00edho m\u00edsta Panny Marie Pomocn\u00e9 CZ\u00a0 793 76 Zlat\u00e9 Hory \u010d. p. 170 e-mail: \u00a0 \u00a0mariahilf@email.cz kontakt:\u00a0\u00a0+ 420 731 254 224 \u010c\u00edslo datov\u00e9 schr\u00e1nky:\u00a0 bg3mahy \u010c\u00edslo \u00fa\u010dtu:\u00a0 3514404399\/0800 nr konta (IBAN):\u00a0CZ60 0800 0000 0035 1440 4399 Poutn\u00ed m\u00edsto otev\u0159eno denn\u011b: duben &#8211; z\u00e1\u0159\u00ed: 8:00 &#8211; 18:00 (kwiecie\u0144 &#8211; wrzesie\u0144) \u0159\u00edjen &#8211; b\u0159ezen: 8:00 &#8211;P\u0159e\u010d\u00edst...\" \/>\n<meta property=\"og:url\" content=\"https:\/\/www.mariahilf.eu\/de\/kontaktni-udaje\/\" \/>\n<meta property=\"og:site_name\" content=\"Maria Hilf - Poutn\u00ed M\u00edsto Panny Marie Pomocn\u00e9\" \/>\n<meta property=\"article:publisher\" content=\"https:\/\/www.facebook.com\/pannamariapomocna\/\" \/>\n<meta property=\"article:modified_time\" content=\"2024-05-07T09:39:18+00:00\" \/>\n<meta property=\"og:image\" content=\"https:\/\/www.mariahilf.eu\/wp-content\/uploads\/2018\/08\/formularz.jpg\" \/>\n\t<meta property=\"og:image:width\" content=\"1920\" \/>\n\t<meta property=\"og:image:height\" content=\"868\" \/>\n\t<meta property=\"og:image:type\" content=\"image\/jpeg\" \/>\n<meta name=\"twitter:card\" content=\"summary_large_image\" \/>\n<script type=\"application\/ld+json\" class=\"yoast-schema-graph\">{\"@context\":\"https:\/\/schema.org\",\"@graph\":[{\"@type\":\"WebPage\",\"@id\":\"https:\/\/www.mariahilf.eu\/kontaktni-udaje\/\",\"url\":\"https:\/\/www.mariahilf.eu\/kontaktni-udaje\/\",\"name\":\"Kontaktn\u00ed \u00fadaje - Maria Hilf - Poutn\u00ed M\u00edsto Panny Marie Pomocn\u00e9\",\"isPartOf\":{\"@id\":\"https:\/\/www.mariahilf.eu\/#website\"},\"primaryImageOfPage\":{\"@id\":\"https:\/\/www.mariahilf.eu\/kontaktni-udaje\/#primaryimage\"},\"image\":{\"@id\":\"https:\/\/www.mariahilf.eu\/kontaktni-udaje\/#primaryimage\"},\"thumbnailUrl\":\"https:\/\/i0.wp.com\/www.mariahilf.eu\/wp-content\/uploads\/2018\/08\/formularz.jpg?fit=1920%2C868&ssl=1\",\"datePublished\":\"2024-05-07T09:12:37+00:00\",\"dateModified\":\"2024-05-07T09:39:18+00:00\",\"breadcrumb\":{\"@id\":\"https:\/\/www.mariahilf.eu\/kontaktni-udaje\/#breadcrumb\"},\"inLanguage\":\"de\",\"potentialAction\":[{\"@type\":\"ReadAction\",\"target\":[\"https:\/\/www.mariahilf.eu\/kontaktni-udaje\/\"]}]},{\"@type\":\"ImageObject\",\"inLanguage\":\"de\",\"@id\":\"https:\/\/www.mariahilf.eu\/kontaktni-udaje\/#primaryimage\",\"url\":\"https:\/\/i0.wp.com\/www.mariahilf.eu\/wp-content\/uploads\/2018\/08\/formularz.jpg?fit=1920%2C868&ssl=1\",\"contentUrl\":\"https:\/\/i0.wp.com\/www.mariahilf.eu\/wp-content\/uploads\/2018\/08\/formularz.jpg?fit=1920%2C868&ssl=1\",\"width\":1920,\"height\":868},{\"@type\":\"BreadcrumbList\",\"@id\":\"https:\/\/www.mariahilf.eu\/kontaktni-udaje\/#breadcrumb\",\"itemListElement\":[{\"@type\":\"ListItem\",\"position\":1,\"name\":\"Strona g\u0142\u00f3wna\",\"item\":\"https:\/\/www.mariahilf.eu\/\"},{\"@type\":\"ListItem\",\"position\":2,\"name\":\"Kontaktn\u00ed \u00fadaje\"}]},{\"@type\":\"WebSite\",\"@id\":\"https:\/\/www.mariahilf.eu\/#website\",\"url\":\"https:\/\/www.mariahilf.eu\/\",\"name\":\"Maria Hilf - Poutn\u00ed M\u00edsto Panny Marie Pomocn\u00e9\",\"description\":\"Duchovn\u00ed spr\u00e1va poutn\u00edho m\u00edsta Panny Marie Pomocn\u00e9\",\"publisher\":{\"@id\":\"https:\/\/www.mariahilf.eu\/#organization\"},\"potentialAction\":[{\"@type\":\"SearchAction\",\"target\":{\"@type\":\"EntryPoint\",\"urlTemplate\":\"https:\/\/www.mariahilf.eu\/?s={search_term_string}\"},\"query-input\":{\"@type\":\"PropertyValueSpecification\",\"valueRequired\":true,\"valueName\":\"search_term_string\"}}],\"inLanguage\":\"de\"},{\"@type\":\"Organization\",\"@id\":\"https:\/\/www.mariahilf.eu\/#organization\",\"name\":\"Parafia Matki Bo\u017cej Cz\u0119stochowskiej w Knurowie\",\"url\":\"https:\/\/www.mariahilf.eu\/\",\"logo\":{\"@type\":\"ImageObject\",\"inLanguage\":\"de\",\"@id\":\"https:\/\/www.mariahilf.eu\/#\/schema\/logo\/image\/\",\"url\":\"https:\/\/i0.wp.com\/www.mariahilf.eu\/wp-content\/uploads\/2018\/08\/logo_web_300x348.png?fit=300%2C348&ssl=1\",\"contentUrl\":\"https:\/\/i0.wp.com\/www.mariahilf.eu\/wp-content\/uploads\/2018\/08\/logo_web_300x348.png?fit=300%2C348&ssl=1\",\"width\":300,\"height\":348,\"caption\":\"Parafia Matki Bo\u017cej Cz\u0119stochowskiej w Knurowie\"},\"image\":{\"@id\":\"https:\/\/www.mariahilf.eu\/#\/schema\/logo\/image\/\"},\"sameAs\":[\"https:\/\/www.facebook.com\/pannamariapomocna\/\"]}]}<\/script>\n<!-- \/ Yoast SEO plugin. -->","yoast_head_json":{"title":"Kontaktn\u00ed \u00fadaje - Maria Hilf - Poutn\u00ed M\u00edsto Panny Marie Pomocn\u00e9","robots":{"index":"index","follow":"follow","max-snippet":"max-snippet:-1","max-image-preview":"max-image-preview:large","max-video-preview":"max-video-preview:-1"},"canonical":"https:\/\/www.mariahilf.eu\/de\/kontaktni-udaje\/","og_locale":"de_DE","og_type":"article","og_title":"Kontaktn\u00ed \u00fadaje - Maria Hilf - Poutn\u00ed M\u00edsto Panny Marie Pomocn\u00e9","og_description":"Duchovn\u00ed spr\u00e1va\u00a0poutn\u00edho m\u00edsta Panny Marie Pomocn\u00e9 CZ\u00a0 793 76 Zlat\u00e9 Hory \u010d. p. 170 e-mail: \u00a0 \u00a0mariahilf@email.cz kontakt:\u00a0\u00a0+ 420 731 254 224 \u010c\u00edslo datov\u00e9 schr\u00e1nky:\u00a0 bg3mahy \u010c\u00edslo \u00fa\u010dtu:\u00a0 3514404399\/0800 nr konta (IBAN):\u00a0CZ60 0800 0000 0035 1440 4399 Poutn\u00ed m\u00edsto otev\u0159eno denn\u011b: duben &#8211; z\u00e1\u0159\u00ed: 8:00 &#8211; 18:00 (kwiecie\u0144 &#8211; wrzesie\u0144) \u0159\u00edjen &#8211; b\u0159ezen: 8:00 &#8211;P\u0159e\u010d\u00edst...","og_url":"https:\/\/www.mariahilf.eu\/de\/kontaktni-udaje\/","og_site_name":"Maria Hilf - Poutn\u00ed M\u00edsto Panny Marie Pomocn\u00e9","article_publisher":"https:\/\/www.facebook.com\/pannamariapomocna\/","article_modified_time":"2024-05-07T09:39:18+00:00","og_image":[{"width":1920,"height":868,"url":"https:\/\/www.mariahilf.eu\/wp-content\/uploads\/2018\/08\/formularz.jpg","type":"image\/jpeg"}],"twitter_card":"summary_large_image","schema":{"@context":"https:\/\/schema.org","@graph":[{"@type":"WebPage","@id":"https:\/\/www.mariahilf.eu\/kontaktni-udaje\/","url":"https:\/\/www.mariahilf.eu\/kontaktni-udaje\/","name":"Kontaktn\u00ed \u00fadaje - Maria Hilf - Poutn\u00ed M\u00edsto Panny Marie Pomocn\u00e9","isPartOf":{"@id":"https:\/\/www.mariahilf.eu\/#website"},"primaryImageOfPage":{"@id":"https:\/\/www.mariahilf.eu\/kontaktni-udaje\/#primaryimage"},"image":{"@id":"https:\/\/www.mariahilf.eu\/kontaktni-udaje\/#primaryimage"},"thumbnailUrl":"https:\/\/i0.wp.com\/www.mariahilf.eu\/wp-content\/uploads\/2018\/08\/formularz.jpg?fit=1920%2C868&ssl=1","datePublished":"2024-05-07T09:12:37+00:00","dateModified":"2024-05-07T09:39:18+00:00","breadcrumb":{"@id":"https:\/\/www.mariahilf.eu\/kontaktni-udaje\/#breadcrumb"},"inLanguage":"de","potentialAction":[{"@type":"ReadAction","target":["https:\/\/www.mariahilf.eu\/kontaktni-udaje\/"]}]},{"@type":"ImageObject","inLanguage":"de","@id":"https:\/\/www.mariahilf.eu\/kontaktni-udaje\/#primaryimage","url":"https:\/\/i0.wp.com\/www.mariahilf.eu\/wp-content\/uploads\/2018\/08\/formularz.jpg?fit=1920%2C868&ssl=1","contentUrl":"https:\/\/i0.wp.com\/www.mariahilf.eu\/wp-content\/uploads\/2018\/08\/formularz.jpg?fit=1920%2C868&ssl=1","width":1920,"height":868},{"@type":"BreadcrumbList","@id":"https:\/\/www.mariahilf.eu\/kontaktni-udaje\/#breadcrumb","itemListElement":[{"@type":"ListItem","position":1,"name":"Strona g\u0142\u00f3wna","item":"https:\/\/www.mariahilf.eu\/"},{"@type":"ListItem","position":2,"name":"Kontaktn\u00ed \u00fadaje"}]},{"@type":"WebSite","@id":"https:\/\/www.mariahilf.eu\/#website","url":"https:\/\/www.mariahilf.eu\/","name":"Maria Hilf - Poutn\u00ed M\u00edsto Panny Marie Pomocn\u00e9","description":"Duchovn\u00ed spr\u00e1va poutn\u00edho m\u00edsta Panny Marie Pomocn\u00e9","publisher":{"@id":"https:\/\/www.mariahilf.eu\/#organization"},"potentialAction":[{"@type":"SearchAction","target":{"@type":"EntryPoint","urlTemplate":"https:\/\/www.mariahilf.eu\/?s={search_term_string}"},"query-input":{"@type":"PropertyValueSpecification","valueRequired":true,"valueName":"search_term_string"}}],"inLanguage":"de"},{"@type":"Organization","@id":"https:\/\/www.mariahilf.eu\/#organization","name":"Parafia Matki Bo\u017cej Cz\u0119stochowskiej w Knurowie","url":"https:\/\/www.mariahilf.eu\/","logo":{"@type":"ImageObject","inLanguage":"de","@id":"https:\/\/www.mariahilf.eu\/#\/schema\/logo\/image\/","url":"https:\/\/i0.wp.com\/www.mariahilf.eu\/wp-content\/uploads\/2018\/08\/logo_web_300x348.png?fit=300%2C348&ssl=1","contentUrl":"https:\/\/i0.wp.com\/www.mariahilf.eu\/wp-content\/uploads\/2018\/08\/logo_web_300x348.png?fit=300%2C348&ssl=1","width":300,"height":348,"caption":"Parafia Matki Bo\u017cej Cz\u0119stochowskiej w Knurowie"},"image":{"@id":"https:\/\/www.mariahilf.eu\/#\/schema\/logo\/image\/"},"sameAs":["https:\/\/www.facebook.com\/pannamariapomocna\/"]}]}},"jetpack_shortlink":"https:\/\/wp.me\/PaKJZm-WX","jetpack_sharing_enabled":true,"_links":{"self":[{"href":"https:\/\/www.mariahilf.eu\/de\/wp-json\/wp\/v2\/pages\/3655","targetHints":{"allow":["GET"]}}],"collection":[{"href":"https:\/\/www.mariahilf.eu\/de\/wp-json\/wp\/v2\/pages"}],"about":[{"href":"https:\/\/www.mariahilf.eu\/de\/wp-json\/wp\/v2\/types\/page"}],"author":[{"embeddable":true,"href":"https:\/\/www.mariahilf.eu\/de\/wp-json\/wp\/v2\/users\/2"}],"replies":[{"embeddable":true,"href":"https:\/\/www.mariahilf.eu\/de\/wp-json\/wp\/v2\/comments?post=3655"}],"version-history":[{"count":6,"href":"https:\/\/www.mariahilf.eu\/de\/wp-json\/wp\/v2\/pages\/3655\/revisions"}],"predecessor-version":[{"id":3662,"href":"https:\/\/www.mariahilf.eu\/de\/wp-json\/wp\/v2\/pages\/3655\/revisions\/3662"}],"wp:featuredmedia":[{"embeddable":true,"href":"https:\/\/www.mariahilf.eu\/de\/wp-json\/wp\/v2\/media\/695"}],"wp:attachment":[{"href":"https:\/\/www.mariahilf.eu\/de\/wp-json\/wp\/v2\/media?parent=3655"}],"curies":[{"name":"wp","href":"https:\/\/api.w.org\/{rel}","templated":true}]}}