{"id":705,"date":"2018-08-28T17:58:00","date_gmt":"2018-08-28T15:58:00","guid":{"rendered":"http:\/\/mariahilf.online\/?page_id=705"},"modified":"2018-10-27T20:42:08","modified_gmt":"2018-10-27T18:42:08","slug":"historie","status":"publish","type":"page","link":"https:\/\/www.mariahilf.eu\/de\/historie\/","title":{"rendered":"Geschichte"},"content":{"rendered":"","protected":false},"excerpt":{"rendered":"","protected":false},"author":2,"featured_media":0,"parent":0,"menu_order":0,"comment_status":"closed","ping_status":"closed","template":"","meta":{"_acf_changed":false,"footnotes":""},"class_list":["post-705","page","type-page","status-publish","hentry"],"acf":[],"yoast_head":"<!-- This site is optimized with the Yoast SEO plugin v26.6 - https:\/\/yoast.com\/wordpress\/plugins\/seo\/ -->\n<title>Historie - Maria Hilf - Poutn\u00ed M\u00edsto Panny Marie Pomocn\u00e9<\/title>\n<meta name=\"robots\" content=\"index, follow, max-snippet:-1, max-image-preview:large, max-video-preview:-1\" \/>\n<link rel=\"canonical\" href=\"https:\/\/www.mariahilf.eu\/de\/historie\/\" \/>\n<meta property=\"og:locale\" content=\"de_DE\" \/>\n<meta property=\"og:type\" content=\"article\" \/>\n<meta property=\"og:title\" content=\"Historie - Maria Hilf - Poutn\u00ed M\u00edsto Panny Marie Pomocn\u00e9\" \/>\n<meta property=\"og:url\" content=\"https:\/\/www.mariahilf.eu\/de\/historie\/\" \/>\n<meta property=\"og:site_name\" content=\"Maria Hilf - Poutn\u00ed M\u00edsto Panny Marie Pomocn\u00e9\" \/>\n<meta property=\"article:publisher\" content=\"https:\/\/www.facebook.com\/pannamariapomocna\/\" \/>\n<meta property=\"article:modified_time\" content=\"2018-10-27T18:42:08+00:00\" \/>\n<meta property=\"og:image\" content=\"https:\/\/i0.wp.com\/www.mariahilf.eu\/wp-content\/uploads\/2019\/07\/6-TV_NOE_0060.jpg?fit=5472%2C3078&ssl=1\" \/>\n\t<meta property=\"og:image:width\" content=\"5472\" \/>\n\t<meta property=\"og:image:height\" content=\"3078\" \/>\n\t<meta property=\"og:image:type\" content=\"image\/jpeg\" \/>\n<meta name=\"twitter:card\" content=\"summary_large_image\" \/>\n<script type=\"application\/ld+json\" class=\"yoast-schema-graph\">{\"@context\":\"https:\/\/schema.org\",\"@graph\":[{\"@type\":\"WebPage\",\"@id\":\"https:\/\/www.mariahilf.eu\/historie\/\",\"url\":\"https:\/\/www.mariahilf.eu\/historie\/\",\"name\":\"Historie - Maria Hilf - Poutn\u00ed M\u00edsto Panny Marie Pomocn\u00e9\",\"isPartOf\":{\"@id\":\"https:\/\/www.mariahilf.eu\/#website\"},\"datePublished\":\"2018-08-28T15:58:00+00:00\",\"dateModified\":\"2018-10-27T18:42:08+00:00\",\"breadcrumb\":{\"@id\":\"https:\/\/www.mariahilf.eu\/historie\/#breadcrumb\"},\"inLanguage\":\"de\",\"potentialAction\":[{\"@type\":\"ReadAction\",\"target\":[\"https:\/\/www.mariahilf.eu\/historie\/\"]}]},{\"@type\":\"BreadcrumbList\",\"@id\":\"https:\/\/www.mariahilf.eu\/historie\/#breadcrumb\",\"itemListElement\":[{\"@type\":\"ListItem\",\"position\":1,\"name\":\"Strona g\u0142\u00f3wna\",\"item\":\"https:\/\/www.mariahilf.eu\/\"},{\"@type\":\"ListItem\",\"position\":2,\"name\":\"Historie\"}]},{\"@type\":\"WebSite\",\"@id\":\"https:\/\/www.mariahilf.eu\/#website\",\"url\":\"https:\/\/www.mariahilf.eu\/\",\"name\":\"Maria Hilf - Poutn\u00ed M\u00edsto Panny Marie Pomocn\u00e9\",\"description\":\"Duchovn\u00ed spr\u00e1va poutn\u00edho m\u00edsta Panny Marie Pomocn\u00e9\",\"publisher\":{\"@id\":\"https:\/\/www.mariahilf.eu\/#organization\"},\"potentialAction\":[{\"@type\":\"SearchAction\",\"target\":{\"@type\":\"EntryPoint\",\"urlTemplate\":\"https:\/\/www.mariahilf.eu\/?s={search_term_string}\"},\"query-input\":{\"@type\":\"PropertyValueSpecification\",\"valueRequired\":true,\"valueName\":\"search_term_string\"}}],\"inLanguage\":\"de\"},{\"@type\":\"Organization\",\"@id\":\"https:\/\/www.mariahilf.eu\/#organization\",\"name\":\"Parafia Matki Bo\u017cej Cz\u0119stochowskiej w Knurowie\",\"url\":\"https:\/\/www.mariahilf.eu\/\",\"logo\":{\"@type\":\"ImageObject\",\"inLanguage\":\"de\",\"@id\":\"https:\/\/www.mariahilf.eu\/#\/schema\/logo\/image\/\",\"url\":\"https:\/\/i0.wp.com\/www.mariahilf.eu\/wp-content\/uploads\/2018\/08\/logo_web_300x348.png?fit=300%2C348&ssl=1\",\"contentUrl\":\"https:\/\/i0.wp.com\/www.mariahilf.eu\/wp-content\/uploads\/2018\/08\/logo_web_300x348.png?fit=300%2C348&ssl=1\",\"width\":300,\"height\":348,\"caption\":\"Parafia Matki Bo\u017cej Cz\u0119stochowskiej w Knurowie\"},\"image\":{\"@id\":\"https:\/\/www.mariahilf.eu\/#\/schema\/logo\/image\/\"},\"sameAs\":[\"https:\/\/www.facebook.com\/pannamariapomocna\/\"]}]}<\/script>\n<!-- \/ Yoast SEO plugin. -->","yoast_head_json":{"title":"Historie - Maria Hilf - Poutn\u00ed M\u00edsto Panny Marie Pomocn\u00e9","robots":{"index":"index","follow":"follow","max-snippet":"max-snippet:-1","max-image-preview":"max-image-preview:large","max-video-preview":"max-video-preview:-1"},"canonical":"https:\/\/www.mariahilf.eu\/de\/historie\/","og_locale":"de_DE","og_type":"article","og_title":"Historie - Maria Hilf - Poutn\u00ed M\u00edsto Panny Marie Pomocn\u00e9","og_url":"https:\/\/www.mariahilf.eu\/de\/historie\/","og_site_name":"Maria Hilf - Poutn\u00ed M\u00edsto Panny Marie Pomocn\u00e9","article_publisher":"https:\/\/www.facebook.com\/pannamariapomocna\/","article_modified_time":"2018-10-27T18:42:08+00:00","og_image":[{"width":5472,"height":3078,"url":"https:\/\/i0.wp.com\/www.mariahilf.eu\/wp-content\/uploads\/2019\/07\/6-TV_NOE_0060.jpg?fit=5472%2C3078&ssl=1","type":"image\/jpeg"}],"twitter_card":"summary_large_image","schema":{"@context":"https:\/\/schema.org","@graph":[{"@type":"WebPage","@id":"https:\/\/www.mariahilf.eu\/historie\/","url":"https:\/\/www.mariahilf.eu\/historie\/","name":"Historie - Maria Hilf - Poutn\u00ed M\u00edsto Panny Marie Pomocn\u00e9","isPartOf":{"@id":"https:\/\/www.mariahilf.eu\/#website"},"datePublished":"2018-08-28T15:58:00+00:00","dateModified":"2018-10-27T18:42:08+00:00","breadcrumb":{"@id":"https:\/\/www.mariahilf.eu\/historie\/#breadcrumb"},"inLanguage":"de","potentialAction":[{"@type":"ReadAction","target":["https:\/\/www.mariahilf.eu\/historie\/"]}]},{"@type":"BreadcrumbList","@id":"https:\/\/www.mariahilf.eu\/historie\/#breadcrumb","itemListElement":[{"@type":"ListItem","position":1,"name":"Strona g\u0142\u00f3wna","item":"https:\/\/www.mariahilf.eu\/"},{"@type":"ListItem","position":2,"name":"Historie"}]},{"@type":"WebSite","@id":"https:\/\/www.mariahilf.eu\/#website","url":"https:\/\/www.mariahilf.eu\/","name":"Maria Hilf - Poutn\u00ed M\u00edsto Panny Marie Pomocn\u00e9","description":"Duchovn\u00ed spr\u00e1va poutn\u00edho m\u00edsta Panny Marie Pomocn\u00e9","publisher":{"@id":"https:\/\/www.mariahilf.eu\/#organization"},"potentialAction":[{"@type":"SearchAction","target":{"@type":"EntryPoint","urlTemplate":"https:\/\/www.mariahilf.eu\/?s={search_term_string}"},"query-input":{"@type":"PropertyValueSpecification","valueRequired":true,"valueName":"search_term_string"}}],"inLanguage":"de"},{"@type":"Organization","@id":"https:\/\/www.mariahilf.eu\/#organization","name":"Parafia Matki Bo\u017cej Cz\u0119stochowskiej w Knurowie","url":"https:\/\/www.mariahilf.eu\/","logo":{"@type":"ImageObject","inLanguage":"de","@id":"https:\/\/www.mariahilf.eu\/#\/schema\/logo\/image\/","url":"https:\/\/i0.wp.com\/www.mariahilf.eu\/wp-content\/uploads\/2018\/08\/logo_web_300x348.png?fit=300%2C348&ssl=1","contentUrl":"https:\/\/i0.wp.com\/www.mariahilf.eu\/wp-content\/uploads\/2018\/08\/logo_web_300x348.png?fit=300%2C348&ssl=1","width":300,"height":348,"caption":"Parafia Matki Bo\u017cej Cz\u0119stochowskiej w Knurowie"},"image":{"@id":"https:\/\/www.mariahilf.eu\/#\/schema\/logo\/image\/"},"sameAs":["https:\/\/www.facebook.com\/pannamariapomocna\/"]}]}},"jetpack_shortlink":"https:\/\/wp.me\/PaKJZm-bn","jetpack_sharing_enabled":true,"_links":{"self":[{"href":"https:\/\/www.mariahilf.eu\/de\/wp-json\/wp\/v2\/pages\/705","targetHints":{"allow":["GET"]}}],"collection":[{"href":"https:\/\/www.mariahilf.eu\/de\/wp-json\/wp\/v2\/pages"}],"about":[{"href":"https:\/\/www.mariahilf.eu\/de\/wp-json\/wp\/v2\/types\/page"}],"author":[{"embeddable":true,"href":"https:\/\/www.mariahilf.eu\/de\/wp-json\/wp\/v2\/users\/2"}],"replies":[{"embeddable":true,"href":"https:\/\/www.mariahilf.eu\/de\/wp-json\/wp\/v2\/comments?post=705"}],"version-history":[{"count":0,"href":"https:\/\/www.mariahilf.eu\/de\/wp-json\/wp\/v2\/pages\/705\/revisions"}],"wp:attachment":[{"href":"https:\/\/www.mariahilf.eu\/de\/wp-json\/wp\/v2\/media?parent=705"}],"curies":[{"name":"wp","href":"https:\/\/api.w.org\/{rel}","templated":true}]}}