{"id":707,"date":"2018-08-28T17:58:31","date_gmt":"2018-08-28T15:58:31","guid":{"rendered":"http:\/\/mariahilf.online\/?page_id=707"},"modified":"2023-09-22T22:48:26","modified_gmt":"2023-09-22T20:48:26","slug":"vznik-a-rozvoj-poutniho-mista","status":"publish","type":"page","link":"https:\/\/www.mariahilf.eu\/de\/historie\/vznik-a-rozvoj-poutniho-mista\/","title":{"rendered":"Entstehung und Entwicklung des Wallfahrtsortes"},"content":{"rendered":"<p><a href=\"https:\/\/i0.wp.com\/www.mariahilf.eu\/wp-content\/uploads\/2018\/12\/ObrazStary.jpg?ssl=1\"><img data-recalc-dims=\"1\" fetchpriority=\"high\" decoding=\"async\" class=\"alignleft wp-image-1067 size-full\" src=\"https:\/\/i0.wp.com\/www.mariahilf.eu\/wp-content\/uploads\/2018\/12\/ObrazStary.jpg?resize=221%2C250&#038;ssl=1\" alt=\"\" width=\"221\" height=\"250\" \/><\/a>Die Qu\u00e4lereien des Drei\u00dfigj\u00e4hrigen Krieges drangen bis in die Schlesischen Berge vor. Als die Schweden 1647 gegen Zuckmantel zogen, verlie\u00df die Bev\u00f6lkerung Haus und  Hof. Sie konnte das nackte Leben nur durch die Flucht ins Gebirge retten.\nDie Frau des \u00f6rtlichen Metzgers, Anna Tannheiser, welche in gesegnetem Zustande war, fand ungef\u00e4hr eine Stunde vom Ort entfernt einen sicheren Platz auf dem Berg Bo\u017e\u00ed dar \/ Gottesgabe. An diesem Ort nun, der von einer Feldswand wie mit einer Mauer umgeben, verborgen durch m\u00e4chtige Tannen, so gesch\u00fctzt war, dass ihn die Feinde nicht bedrohen konnten, wurde die Frau von den Wehen \u00fcberrascht. In dieser Notlage bat sie Gott inst\u00e4ndig um Hilfe und die Heilige Jungfrau um  ihre F\u00fcrbitte. Und sie wurde erh\u00f6rt. Am 18. Juli gebar sie hier einen gesunden Jungen, namens Martin, mit dem sie bald nachhause zur\u00fcckkehren konnte. Aus dem Knaben wurde ein ehrenhafter Mann, der es bis zum Ratsherrn seiner Heimatstadt brachte. Dessen Tochter, Dorothea Wei\u00df, erf\u00fcllte dann den letzten Willen von Anna Tannheiser. Sie lie\u00df vom Maler Simon Schwarz ein Bild - Maria die Gottesgeb\u00e4rrein \u2013 anfertigen das sie in der Waldeinsamkeit, wo ihr Vater geboren worden war, an einer Tanne anbringen lies.<\/p>\n<p>Im Oktober 1718 und im darauffolgenden Jahr wurde dieser Ort Ziel der ersten Wallfahrer. Langsam kamen immer mehr Verehrer der Jungfrau Maria aus dem Freiwaldauer Gebiet (Jesenicko) und aus weiter entfernt liegenden Gegenden hierher. Im Laufe von zehn Jahren wurde nun eine Kapelle errichtet und die Aufzeichnungen  einer bisch\u00f6flichen Visitationskommission, bestehend aus einem Priester und zwei \u00c4rzten, belegen schon f\u00fcr diese verh\u00e4ltnism\u00e4\u00dfig kurze Zeit nicht weiniger als f\u00fcnf Wunderheilungen.<\/p>\n<ul>\n<li><strong>Foto:<\/strong>\u00a0<em>Das urspr\u00fcngliche Marienbild es befindet sich jetzt in der Pfarrkirche Zuckmantel.<\/em><\/li>\n<\/ul>\n<p>Auf Wunsch der Gl\u00e4ubigergemeinde von Zlat\u00e9 Hory \/ Zuckmantel genehmigte das \u201eBisch\u00f6fliche Amt zu Breslau \/ Wroclaw\", dass ein sehr sch\u00f6nes wundert\u00e4tiges Bild -eine Kopie der ber\u00fchmten Passauer 'Madonna mit <a href=\"https:\/\/i0.wp.com\/www.mariahilf.eu\/wp-content\/uploads\/2018\/12\/ObrazNovy.jpg?ssl=1\"><img data-recalc-dims=\"1\" decoding=\"async\" class=\"alignright wp-image-1073 size-full\" src=\"https:\/\/i0.wp.com\/www.mariahilf.eu\/wp-content\/uploads\/2018\/12\/ObrazNovy.jpg?resize=195%2C250&#038;ssl=1\" alt=\"\" width=\"195\" height=\"250\" \/><\/a>Kind' von Lucas Cranach - 1729 in die hiesige Pfarrkirche \u00fcberf\u00fchrt werde; f\u00fcr die Waldkapelle fertigte man eine andere Kopie an. Bald aber drohte dem jungen Wallfahrtsort zum erstenmal Gefahr. Die \u201eAufkl\u00e4rungsreformen\" Kaiser Josefs II. drangen sogar bis hierher vor und 1785 wurde von der Oberbeh\u00f6rde die Niederrei\u00dfung der h\u00f6lzernen Kapelle befohlen. Die Bev\u00f6lkerung von Zuckmantel, vom bisch\u00f6flichen Amt unterst\u00fctzt, wehrte sich. Eine Berufung wurde zwar abgewiesen, zur Niederrei\u00dfung kam es aber dennoch nicht, weil sich in der n\u00e4heren und weiteren Umgebung kein Mensch fand, der diesem beh\u00f6rdlichen Befehl nachgekommen w\u00e4re.<\/p>\n<p>Mit goldenen Lettern verewigte sich der Erzpriester Dr. Philipp Dittrich, der 1830 nach Zuckmantel gekommen war, in der Historie von Maria Hilf. Der wachsende Ansturm der Pilger brachte ihn auf den Gedanken, anstelle der Kapelle - schon l\u00e4ngst gen\u00fcgte sie nicht mehr den Anforderungen - eine Kirche zu bauen. Auf die Frage, woher er daf\u00fcr in diesem armen Landstrich das Geld nehme, antwortete er: \u201eIch kenne eine Frau, die unsch\u00e4tzbaren Reichtum besitzt, sie wird uns die Kirche ihrem Ruhme weihen.\"<\/p>\n<ul>\n<li><strong>Foto:\u00a0<\/strong><em>Kopie des urspr\u00fcnglichen f\u00fcr die Waldkapelle 1729 angefertigten Bildes. W\u00e4hrend der Zeit der Zerst\u00f6rung durch das Kommunistische Regime war das Bild bei verschiedenen Familien versteckt. Bei der Weihe der wiedererrichteten Kirche 1995 wurde das Bild nach mehr als vierzig Jahren an seinen urspr\u00fcnglichen Platz zur\u00fcckgebracht. <\/em><\/li>\n<\/ul>\n<p>Dieses Vertrauen hat sich als richtig erwiesen. Als das Geb\u00e4ude bekannt wurde, leistete jeder marianische Anbeter alles, was er tun konnte. Wohlhabende Geschenke, arm an unserer eigenen Arbeit. Die Pilger brachten Ziegel, Sand und Steine \u200b\u200bzur Baustelle.<\/p>\n<p><strong><a href=\"https:\/\/i0.wp.com\/www.mariahilf.eu\/wp-content\/uploads\/2018\/12\/PuvodniKostelM2.jpg?ssl=1\"><img data-recalc-dims=\"1\" decoding=\"async\" class=\"alignleft wp-image-1075 size-full\" src=\"https:\/\/i0.wp.com\/www.mariahilf.eu\/wp-content\/uploads\/2018\/12\/PuvodniKostelM2.jpg?resize=190%2C253&#038;ssl=1\" alt=\"\" width=\"190\" height=\"253\" \/><\/a>Der Grundstein wurde 1834 gelegt und zur feierlichen Einweihung kam es zu Maria Geburt, dem 8. September 1841.<\/strong><strong>\u00ed Panny Marie 8. z\u00e1\u0159\u00ed 1841.<\/strong><\/p>\n<p>Der Flei\u00df der Zuckmantel Geistlichkeit und die opferbereite Liebe der Gl\u00e4ubigen zeitigten immer neue Erfolge in ihrem Bem\u00fchen um  den Wallfahrtsort. <a href=\"https:\/\/i0.wp.com\/www.mariahilf.eu\/wp-content\/uploads\/2018\/12\/StariPoutniciM.jpg?ssl=1\"><img data-recalc-dims=\"1\" loading=\"lazy\" decoding=\"async\" class=\"alignright wp-image-1076 size-full\" src=\"https:\/\/i0.wp.com\/www.mariahilf.eu\/wp-content\/uploads\/2018\/12\/StariPoutniciM.jpg?resize=292%2C200&#038;ssl=1\" alt=\"\" width=\"292\" height=\"200\" \/><\/a>Dank des tapferen und von den Nazis verfolgten Priesters <strong>P. Vinzenz Brauner<\/strong>wurden einige Zubauten am Kreuzweg und an der Martha- und Annekapelle vorgenommen. Am Heiligen Brunnen wurden anschlie\u00dfend auch Reparaturen vorgenommen.<\/p>\n<p style=\"text-align: right;\"><strong>Foto:<\/strong>\u00a0<em>Pilger vor der urspr\u00fcnglichen Kirche<\/em><\/p>\n<p style=\"text-align: left;\"><strong>Vor dem zweiten Weltkrieg sch\u00e4tzte man die Zahl der Pilger j\u00e4hrlich auf  80-100 000.<\/strong><\/p>","protected":false},"excerpt":{"rendered":"<p>\u00datrapy t\u0159icetilet\u00e9 v\u00e1lky pronikly tak\u00e9 do slezsk\u00fdch hor. Kdy\u017e \u0160v\u00e9dov\u00e9 p\u0159it\u00e1hli roku 1647 k m\u011bstu Zuckmantlu (dnes Zlat\u00e9 Hory), obyvatelstvo opou\u0161t\u011blo sv\u016fj majetek\u00a0a zachra\u0148ovalo si hol\u00fd \u017eivot \u00fat\u011bkem do hor. \u017dena m\u00edstn\u00edho \u0159ezn\u00edka Anna Tannheiserov\u00e1, kter\u00e1 byla v po\u017eehnan\u00e9m stavu, na\u0161la bezpe\u010dn\u00e9 m\u00edsto na ho\u0159e zvan\u00e9 Bo\u017e\u00ed dar (Gottesgabe) asi hodinu cesty od m\u011bsta. V<\/p>\n<div><a class=\"fw-btn fw-btn-1 fw-btn-black\" href=\"https:\/\/www.mariahilf.eu\/de\/historie\/vznik-a-rozvoj-poutniho-mista\/\"><span>Lesen ...<\/span><\/a><\/div>","protected":false},"author":2,"featured_media":720,"parent":705,"menu_order":0,"comment_status":"closed","ping_status":"closed","template":"","meta":{"_acf_changed":false,"footnotes":""},"class_list":["post-707","page","type-page","status-publish","has-post-thumbnail","hentry"],"acf":[],"yoast_head":"<!-- This site is optimized with the Yoast SEO plugin v26.6 - https:\/\/yoast.com\/wordpress\/plugins\/seo\/ -->\n<title>Vznik a rozvoj poutn\u00edho m\u00edsta - Maria Hilf - Poutn\u00ed M\u00edsto Panny Marie Pomocn\u00e9<\/title>\n<meta name=\"robots\" content=\"index, follow, max-snippet:-1, max-image-preview:large, max-video-preview:-1\" \/>\n<link rel=\"canonical\" href=\"https:\/\/www.mariahilf.eu\/de\/historie\/vznik-a-rozvoj-poutniho-mista\/\" \/>\n<meta property=\"og:locale\" content=\"de_DE\" \/>\n<meta property=\"og:type\" content=\"article\" \/>\n<meta property=\"og:title\" content=\"Vznik a rozvoj poutn\u00edho m\u00edsta - Maria Hilf - Poutn\u00ed M\u00edsto Panny Marie Pomocn\u00e9\" \/>\n<meta property=\"og:description\" content=\"\u00datrapy t\u0159icetilet\u00e9 v\u00e1lky pronikly tak\u00e9 do slezsk\u00fdch hor. Kdy\u017e \u0160v\u00e9dov\u00e9 p\u0159it\u00e1hli roku 1647 k m\u011bstu Zuckmantlu (dnes Zlat\u00e9 Hory), obyvatelstvo opou\u0161t\u011blo sv\u016fj majetek\u00a0a zachra\u0148ovalo si hol\u00fd \u017eivot \u00fat\u011bkem do hor. \u017dena m\u00edstn\u00edho \u0159ezn\u00edka Anna Tannheiserov\u00e1, kter\u00e1 byla v po\u017eehnan\u00e9m stavu, na\u0161la bezpe\u010dn\u00e9 m\u00edsto na ho\u0159e zvan\u00e9 Bo\u017e\u00ed dar (Gottesgabe) asi hodinu cesty od m\u011bsta. VP\u0159e\u010d\u00edst...\" \/>\n<meta property=\"og:url\" content=\"https:\/\/www.mariahilf.eu\/de\/historie\/vznik-a-rozvoj-poutniho-mista\/\" \/>\n<meta property=\"og:site_name\" content=\"Maria Hilf - Poutn\u00ed M\u00edsto Panny Marie Pomocn\u00e9\" \/>\n<meta property=\"article:publisher\" content=\"https:\/\/www.facebook.com\/pannamariapomocna\/\" \/>\n<meta property=\"article:modified_time\" content=\"2023-09-22T20:48:26+00:00\" \/>\n<meta property=\"og:image\" content=\"https:\/\/www.mariahilf.eu\/wp-content\/uploads\/2018\/08\/historia.png\" \/>\n\t<meta property=\"og:image:width\" content=\"2000\" \/>\n\t<meta property=\"og:image:height\" content=\"1125\" \/>\n\t<meta property=\"og:image:type\" content=\"image\/png\" \/>\n<meta name=\"twitter:card\" content=\"summary_large_image\" \/>\n<script type=\"application\/ld+json\" class=\"yoast-schema-graph\">{\"@context\":\"https:\/\/schema.org\",\"@graph\":[{\"@type\":\"WebPage\",\"@id\":\"https:\/\/www.mariahilf.eu\/historie\/vznik-a-rozvoj-poutniho-mista\/\",\"url\":\"https:\/\/www.mariahilf.eu\/historie\/vznik-a-rozvoj-poutniho-mista\/\",\"name\":\"Vznik a rozvoj poutn\u00edho m\u00edsta - Maria Hilf - Poutn\u00ed M\u00edsto Panny Marie Pomocn\u00e9\",\"isPartOf\":{\"@id\":\"https:\/\/www.mariahilf.eu\/#website\"},\"primaryImageOfPage\":{\"@id\":\"https:\/\/www.mariahilf.eu\/historie\/vznik-a-rozvoj-poutniho-mista\/#primaryimage\"},\"image\":{\"@id\":\"https:\/\/www.mariahilf.eu\/historie\/vznik-a-rozvoj-poutniho-mista\/#primaryimage\"},\"thumbnailUrl\":\"https:\/\/i0.wp.com\/www.mariahilf.eu\/wp-content\/uploads\/2018\/08\/historia.png?fit=2000%2C1125&ssl=1\",\"datePublished\":\"2018-08-28T15:58:31+00:00\",\"dateModified\":\"2023-09-22T20:48:26+00:00\",\"breadcrumb\":{\"@id\":\"https:\/\/www.mariahilf.eu\/historie\/vznik-a-rozvoj-poutniho-mista\/#breadcrumb\"},\"inLanguage\":\"de\",\"potentialAction\":[{\"@type\":\"ReadAction\",\"target\":[\"https:\/\/www.mariahilf.eu\/historie\/vznik-a-rozvoj-poutniho-mista\/\"]}]},{\"@type\":\"ImageObject\",\"inLanguage\":\"de\",\"@id\":\"https:\/\/www.mariahilf.eu\/historie\/vznik-a-rozvoj-poutniho-mista\/#primaryimage\",\"url\":\"https:\/\/i0.wp.com\/www.mariahilf.eu\/wp-content\/uploads\/2018\/08\/historia.png?fit=2000%2C1125&ssl=1\",\"contentUrl\":\"https:\/\/i0.wp.com\/www.mariahilf.eu\/wp-content\/uploads\/2018\/08\/historia.png?fit=2000%2C1125&ssl=1\",\"width\":2000,\"height\":1125},{\"@type\":\"BreadcrumbList\",\"@id\":\"https:\/\/www.mariahilf.eu\/historie\/vznik-a-rozvoj-poutniho-mista\/#breadcrumb\",\"itemListElement\":[{\"@type\":\"ListItem\",\"position\":1,\"name\":\"Strona g\u0142\u00f3wna\",\"item\":\"https:\/\/www.mariahilf.eu\/\"},{\"@type\":\"ListItem\",\"position\":2,\"name\":\"Historie\",\"item\":\"https:\/\/www.mariahilf.eu\/historie\/\"},{\"@type\":\"ListItem\",\"position\":3,\"name\":\"Vznik a rozvoj poutn\u00edho m\u00edsta\"}]},{\"@type\":\"WebSite\",\"@id\":\"https:\/\/www.mariahilf.eu\/#website\",\"url\":\"https:\/\/www.mariahilf.eu\/\",\"name\":\"Maria Hilf - Poutn\u00ed M\u00edsto Panny Marie Pomocn\u00e9\",\"description\":\"Duchovn\u00ed spr\u00e1va poutn\u00edho m\u00edsta Panny Marie Pomocn\u00e9\",\"publisher\":{\"@id\":\"https:\/\/www.mariahilf.eu\/#organization\"},\"potentialAction\":[{\"@type\":\"SearchAction\",\"target\":{\"@type\":\"EntryPoint\",\"urlTemplate\":\"https:\/\/www.mariahilf.eu\/?s={search_term_string}\"},\"query-input\":{\"@type\":\"PropertyValueSpecification\",\"valueRequired\":true,\"valueName\":\"search_term_string\"}}],\"inLanguage\":\"de\"},{\"@type\":\"Organization\",\"@id\":\"https:\/\/www.mariahilf.eu\/#organization\",\"name\":\"Parafia Matki Bo\u017cej Cz\u0119stochowskiej w Knurowie\",\"url\":\"https:\/\/www.mariahilf.eu\/\",\"logo\":{\"@type\":\"ImageObject\",\"inLanguage\":\"de\",\"@id\":\"https:\/\/www.mariahilf.eu\/#\/schema\/logo\/image\/\",\"url\":\"https:\/\/i0.wp.com\/www.mariahilf.eu\/wp-content\/uploads\/2018\/08\/logo_web_300x348.png?fit=300%2C348&ssl=1\",\"contentUrl\":\"https:\/\/i0.wp.com\/www.mariahilf.eu\/wp-content\/uploads\/2018\/08\/logo_web_300x348.png?fit=300%2C348&ssl=1\",\"width\":300,\"height\":348,\"caption\":\"Parafia Matki Bo\u017cej Cz\u0119stochowskiej w Knurowie\"},\"image\":{\"@id\":\"https:\/\/www.mariahilf.eu\/#\/schema\/logo\/image\/\"},\"sameAs\":[\"https:\/\/www.facebook.com\/pannamariapomocna\/\"]}]}<\/script>\n<!-- \/ Yoast SEO plugin. -->","yoast_head_json":{"title":"Vznik a rozvoj poutn\u00edho m\u00edsta - Maria Hilf - Poutn\u00ed M\u00edsto Panny Marie Pomocn\u00e9","robots":{"index":"index","follow":"follow","max-snippet":"max-snippet:-1","max-image-preview":"max-image-preview:large","max-video-preview":"max-video-preview:-1"},"canonical":"https:\/\/www.mariahilf.eu\/de\/historie\/vznik-a-rozvoj-poutniho-mista\/","og_locale":"de_DE","og_type":"article","og_title":"Vznik a rozvoj poutn\u00edho m\u00edsta - Maria Hilf - Poutn\u00ed M\u00edsto Panny Marie Pomocn\u00e9","og_description":"\u00datrapy t\u0159icetilet\u00e9 v\u00e1lky pronikly tak\u00e9 do slezsk\u00fdch hor. Kdy\u017e \u0160v\u00e9dov\u00e9 p\u0159it\u00e1hli roku 1647 k m\u011bstu Zuckmantlu (dnes Zlat\u00e9 Hory), obyvatelstvo opou\u0161t\u011blo sv\u016fj majetek\u00a0a zachra\u0148ovalo si hol\u00fd \u017eivot \u00fat\u011bkem do hor. \u017dena m\u00edstn\u00edho \u0159ezn\u00edka Anna Tannheiserov\u00e1, kter\u00e1 byla v po\u017eehnan\u00e9m stavu, na\u0161la bezpe\u010dn\u00e9 m\u00edsto na ho\u0159e zvan\u00e9 Bo\u017e\u00ed dar (Gottesgabe) asi hodinu cesty od m\u011bsta. VP\u0159e\u010d\u00edst...","og_url":"https:\/\/www.mariahilf.eu\/de\/historie\/vznik-a-rozvoj-poutniho-mista\/","og_site_name":"Maria Hilf - Poutn\u00ed M\u00edsto Panny Marie Pomocn\u00e9","article_publisher":"https:\/\/www.facebook.com\/pannamariapomocna\/","article_modified_time":"2023-09-22T20:48:26+00:00","og_image":[{"width":2000,"height":1125,"url":"https:\/\/www.mariahilf.eu\/wp-content\/uploads\/2018\/08\/historia.png","type":"image\/png"}],"twitter_card":"summary_large_image","schema":{"@context":"https:\/\/schema.org","@graph":[{"@type":"WebPage","@id":"https:\/\/www.mariahilf.eu\/historie\/vznik-a-rozvoj-poutniho-mista\/","url":"https:\/\/www.mariahilf.eu\/historie\/vznik-a-rozvoj-poutniho-mista\/","name":"Vznik a rozvoj poutn\u00edho m\u00edsta - Maria Hilf - Poutn\u00ed M\u00edsto Panny Marie Pomocn\u00e9","isPartOf":{"@id":"https:\/\/www.mariahilf.eu\/#website"},"primaryImageOfPage":{"@id":"https:\/\/www.mariahilf.eu\/historie\/vznik-a-rozvoj-poutniho-mista\/#primaryimage"},"image":{"@id":"https:\/\/www.mariahilf.eu\/historie\/vznik-a-rozvoj-poutniho-mista\/#primaryimage"},"thumbnailUrl":"https:\/\/i0.wp.com\/www.mariahilf.eu\/wp-content\/uploads\/2018\/08\/historia.png?fit=2000%2C1125&ssl=1","datePublished":"2018-08-28T15:58:31+00:00","dateModified":"2023-09-22T20:48:26+00:00","breadcrumb":{"@id":"https:\/\/www.mariahilf.eu\/historie\/vznik-a-rozvoj-poutniho-mista\/#breadcrumb"},"inLanguage":"de","potentialAction":[{"@type":"ReadAction","target":["https:\/\/www.mariahilf.eu\/historie\/vznik-a-rozvoj-poutniho-mista\/"]}]},{"@type":"ImageObject","inLanguage":"de","@id":"https:\/\/www.mariahilf.eu\/historie\/vznik-a-rozvoj-poutniho-mista\/#primaryimage","url":"https:\/\/i0.wp.com\/www.mariahilf.eu\/wp-content\/uploads\/2018\/08\/historia.png?fit=2000%2C1125&ssl=1","contentUrl":"https:\/\/i0.wp.com\/www.mariahilf.eu\/wp-content\/uploads\/2018\/08\/historia.png?fit=2000%2C1125&ssl=1","width":2000,"height":1125},{"@type":"BreadcrumbList","@id":"https:\/\/www.mariahilf.eu\/historie\/vznik-a-rozvoj-poutniho-mista\/#breadcrumb","itemListElement":[{"@type":"ListItem","position":1,"name":"Strona g\u0142\u00f3wna","item":"https:\/\/www.mariahilf.eu\/"},{"@type":"ListItem","position":2,"name":"Historie","item":"https:\/\/www.mariahilf.eu\/historie\/"},{"@type":"ListItem","position":3,"name":"Vznik a rozvoj poutn\u00edho m\u00edsta"}]},{"@type":"WebSite","@id":"https:\/\/www.mariahilf.eu\/#website","url":"https:\/\/www.mariahilf.eu\/","name":"Maria Hilf - Poutn\u00ed M\u00edsto Panny Marie Pomocn\u00e9","description":"Duchovn\u00ed spr\u00e1va poutn\u00edho m\u00edsta Panny Marie Pomocn\u00e9","publisher":{"@id":"https:\/\/www.mariahilf.eu\/#organization"},"potentialAction":[{"@type":"SearchAction","target":{"@type":"EntryPoint","urlTemplate":"https:\/\/www.mariahilf.eu\/?s={search_term_string}"},"query-input":{"@type":"PropertyValueSpecification","valueRequired":true,"valueName":"search_term_string"}}],"inLanguage":"de"},{"@type":"Organization","@id":"https:\/\/www.mariahilf.eu\/#organization","name":"Parafia Matki Bo\u017cej Cz\u0119stochowskiej w Knurowie","url":"https:\/\/www.mariahilf.eu\/","logo":{"@type":"ImageObject","inLanguage":"de","@id":"https:\/\/www.mariahilf.eu\/#\/schema\/logo\/image\/","url":"https:\/\/i0.wp.com\/www.mariahilf.eu\/wp-content\/uploads\/2018\/08\/logo_web_300x348.png?fit=300%2C348&ssl=1","contentUrl":"https:\/\/i0.wp.com\/www.mariahilf.eu\/wp-content\/uploads\/2018\/08\/logo_web_300x348.png?fit=300%2C348&ssl=1","width":300,"height":348,"caption":"Parafia Matki Bo\u017cej Cz\u0119stochowskiej w Knurowie"},"image":{"@id":"https:\/\/www.mariahilf.eu\/#\/schema\/logo\/image\/"},"sameAs":["https:\/\/www.facebook.com\/pannamariapomocna\/"]}]}},"jetpack_shortlink":"https:\/\/wp.me\/PaKJZm-bp","jetpack_sharing_enabled":true,"_links":{"self":[{"href":"https:\/\/www.mariahilf.eu\/de\/wp-json\/wp\/v2\/pages\/707","targetHints":{"allow":["GET"]}}],"collection":[{"href":"https:\/\/www.mariahilf.eu\/de\/wp-json\/wp\/v2\/pages"}],"about":[{"href":"https:\/\/www.mariahilf.eu\/de\/wp-json\/wp\/v2\/types\/page"}],"author":[{"embeddable":true,"href":"https:\/\/www.mariahilf.eu\/de\/wp-json\/wp\/v2\/users\/2"}],"replies":[{"embeddable":true,"href":"https:\/\/www.mariahilf.eu\/de\/wp-json\/wp\/v2\/comments?post=707"}],"version-history":[{"count":3,"href":"https:\/\/www.mariahilf.eu\/de\/wp-json\/wp\/v2\/pages\/707\/revisions"}],"predecessor-version":[{"id":2766,"href":"https:\/\/www.mariahilf.eu\/de\/wp-json\/wp\/v2\/pages\/707\/revisions\/2766"}],"up":[{"embeddable":true,"href":"https:\/\/www.mariahilf.eu\/de\/wp-json\/wp\/v2\/pages\/705"}],"wp:featuredmedia":[{"embeddable":true,"href":"https:\/\/www.mariahilf.eu\/de\/wp-json\/wp\/v2\/media\/720"}],"wp:attachment":[{"href":"https:\/\/www.mariahilf.eu\/de\/wp-json\/wp\/v2\/media?parent=707"}],"curies":[{"name":"wp","href":"https:\/\/api.w.org\/{rel}","templated":true}]}}