{"id":709,"date":"2018-08-28T17:58:48","date_gmt":"2018-08-28T15:58:48","guid":{"rendered":"http:\/\/mariahilf.online\/?page_id=709"},"modified":"2023-09-20T11:08:18","modified_gmt":"2023-09-20T09:08:18","slug":"devastace","status":"publish","type":"page","link":"https:\/\/www.mariahilf.eu\/de\/historie\/devastace\/","title":{"rendered":"Verv\u00fcstung des Wallfahrtsortes"},"content":{"rendered":"<p><strong><a href=\"https:\/\/i0.wp.com\/www.mariahilf.eu\/wp-content\/uploads\/2018\/12\/VandaloveM.jpg?ssl=1\"><img data-recalc-dims=\"1\" fetchpriority=\"high\" decoding=\"async\" class=\"alignleft wp-image-1086 size-full\" src=\"https:\/\/i0.wp.com\/www.mariahilf.eu\/wp-content\/uploads\/2018\/12\/VandaloveM.jpg?resize=289%2C200&#038;ssl=1\" alt=\"\" width=\"289\" height=\"200\" \/><\/a>Die Einstellung der Gottesdienste in der Kirche Maria Hilf 1995<\/strong> sowie das Verbot des Zutritts von Pilgern wurde mit der Durchf\u00fchrung der laufenden Grubenarbeiten begr\u00fcndet. Davon aber, dass es sich um eine durch und durch konstruierte Angelegenheit handelte zeugte schon die Tatsache, dass allen anderen Besuchern, wie zuf\u00e4llig vorbeikommenden Urlaubern oder den Kindern aus dem Zuckmantler Erholungsheim bei ihren Bergwanderungen in der Umgebung des Marienheiligtums niemals Einhalt geboten wurde, w\u00e4hrend hingegen andere Besucher wohl willkommen waren, n\u00e4mlich\u2026.Vandalen. Und alle Beweise ihrer unheilvollen T\u00e4tigkeit zeugten davon, dass es sich nicht um zuf\u00e4llige, sondern von irgendwoher gelenkte und zielgerichtete Besch\u00e4digungen handelte, die letztlich auch den Grund zur vollst\u00e4ndigen Liquidierung der Anlage liefern sollten.<\/p>\n<p>W\u00e4hrend sich der Administrator<strong> P. E. \u0160tula und P. E. Morcinek<\/strong> zusammen mit anderen Gl\u00e4ubigen um die Erhaltung der Kirche bem\u00fchten, kam es in sie ohne R\u00fccksicht auf historische oder k\u00fcnstlerische Werte zu bestialischen Verw\u00fcstungen. Stufe f\u00fcr Stufe wurden der Altar, die Kirchenb\u00e4nke und zuletzt auch noch die Orgel zerst\u00f6rt. Der gepflasterte Kirchenboden, die Marmoreinfassungen, die Stufen und das Kapellgew\u00f6lbe wurde demoliert. Aus diesen Materialien wurde sp\u00e4ter das nicht weit weg gelegene Autobuswarteh\u00e4uschen errichtet. Und das alles am heiligen Tage unter der besorgten Aufsicht der Polizei.\n\n   \n\n \n\nIn dieser ganz unerfreulichen Situation bekam der Zuckmantler geistliche Verwalter P. E.Gottsmann Besuch. Die Beamten der Bezirks- und Kreiskirchenbeh\u00f6rde, unter der Begleitung von Ordinarius Vesel\u00fd, kamen um die schriftliche Zustimmung zum Niederrei\u00dfen von Maria Hilf. Hart gingen sie gegen den alten und kranken Priester vor, dieser aber gab nicht nach.<\/p>\n<p><strong>Die Oberbeh\u00f6rde war aber entschlossen, die Demolierung um jeden Preis durchzuf\u00fchren.<\/strong><\/p>\n<p><a href=\"https:\/\/i0.wp.com\/www.mariahilf.eu\/wp-content\/uploads\/2018\/12\/InterierM.jpg?ssl=1\"><img data-recalc-dims=\"1\" decoding=\"async\" class=\"alignright wp-image-1089 size-full\" src=\"https:\/\/i0.wp.com\/www.mariahilf.eu\/wp-content\/uploads\/2018\/12\/InterierM.jpg?resize=290%2C200&#038;ssl=1\" alt=\"\" width=\"290\" height=\"200\" \/><\/a>Eine Atempause im Kampf um die Erhaltung des Heiligtums brachte f\u00fcr kurze Zeit der Prager Fr\u00fchling <strong>1968<\/strong> Die Gl\u00e4ubigen, unter der F\u00fchrung des neu ernannten Administrators P. Metod\u011bj Ne\u010das, waren sich rasch dieser Chance bewusst und beseitigten die \u00e4rgsten Sch\u00e4den. Diese kurze Zeit der Demokratisierung l\u00f6ste aber wieder eine straffe \"Normalisierung\" ab; der Kampf gegen die Kirche entbrannte von neuem. Das Schlusskapitel in der tragischen Geschichte des  Wallfahrtsortes wurde\u00a0<strong>am 16. Mai 1973<\/strong>geschrieben. Es blieb nur der letzte Akt \u00fcbrig : Die Bekanntgabe des Befehls, dass die Kirche augenblicklich das Holzerger\u00fcst abbaue und Zement, Sand und anderes Baumaterial wegschaffe. Zum Niederrei\u00dfen   des neuen Blechdaches blieben den Gl\u00e4ubigen  nur f\u00fcnf Tage.<\/p>\n<p>Mit Schmerzen entfernten sie aus der Waldeinsamkeit alles, was ihr Opfermut in den letzten Monaten zusammengetragen hatte. Die letzte Hoffnung zerstarb endg\u00fcltig am <strong>22. September 1973<\/strong>...<\/p>\n<p><strong>Nichts sollte daran erinnern, dass hier einst ein Gotteshaus stand.\u00a0<\/strong><\/p>\n<p><a href=\"https:\/\/i0.wp.com\/www.mariahilf.eu\/wp-content\/uploads\/2018\/12\/HromadaM.jpg?ssl=1\"><img data-recalc-dims=\"1\" decoding=\"async\" class=\"alignleft wp-image-1090 size-full\" src=\"https:\/\/i0.wp.com\/www.mariahilf.eu\/wp-content\/uploads\/2018\/12\/HromadaM.jpg?resize=285%2C200&#038;ssl=1\" alt=\"\" width=\"285\" height=\"200\" \/><\/a><a href=\"https:\/\/i0.wp.com\/www.mariahilf.eu\/wp-content\/uploads\/2018\/12\/TravaM.jpg?ssl=1\"><img data-recalc-dims=\"1\" loading=\"lazy\" decoding=\"async\" class=\"alignright wp-image-1091 size-full\" src=\"https:\/\/i0.wp.com\/www.mariahilf.eu\/wp-content\/uploads\/2018\/12\/TravaM.jpg?resize=286%2C200&#038;ssl=1\" alt=\"\" width=\"286\" height=\"200\" \/><\/a>Alles, was Gottes Liebe und Kraft dokumentierte, musste verschwinden, einschlie\u00dflich Dankesbriefen f\u00fcr die Heilung. Die Bulldozer beendeten die Arbeit des Zorns und zerst\u00f6rten unz\u00e4hlige dankbare Marmorplatten, eine Reihe von Kr\u00fccken und Prothesen, Bandagen und dergleichen, die die dankbaren Pilger dort abgelegt hatten, um ihre Genesung zu beweisen.<\/p>\n<p>Bulldozer vollendeten das Werk des B\u00f6sen. Alles, was Gottes Liebe und Macht bewies, sollte verschwinden: Dankschreiben f\u00fcr Errettung aus Not  und die vielen marmornen Motivt\u00e4felchen an  den W\u00e4nden. Das wurde alles wieder zu Staub gemacht.\n\nNur Steine erinnerten, dass der zuf\u00e4lliger Wanderer auf geheiligtem Boden stand. Eine  leere Ein\u00f6de inmitten von Unkraut und Brennesseln, rundum traurige \u00dcberreste : Teile des Zwiebeldaches, dort und da hinfallende Tr\u00fcmmer, ein Engel ohne Kopf.<\/p>\n<p><strong>Aber Gottes Wege sind unerforschbar und wer von uns wei\u00df schon, welchen Sinn gerade der Leidensweg seines Zuckmantler Gedenkortes hatte? Was hatte der Herr mit dem Ort vor ?<\/strong><\/p>","protected":false},"excerpt":{"rendered":"<p>Zastaven\u00ed bohoslu\u017eeb v kostele P. Marie Pomocn\u00e9 u Zlat\u00fdch Hor roku 1955 a z\u00e1kaz kon\u00e1n\u00ed pout\u00ed byly od\u016fvodn\u011bny prov\u00e1d\u011bn\u00edm d\u016fln\u00edch prac\u00ed. Bylo v\u0161ak zji\u0161t\u011bno, \u017ee \u0159editelstv\u00ed Rudn\u00fdch dol\u016f o uzav\u0159en\u00ed poutn\u00edho kostela a okoln\u00edho prostoru ne\u017e\u00e1dalo.\u00a0O tom, \u017ee \u0161lo o naprosto vykonstruovan\u00e9 d\u016fvody, sv\u011bd\u010dil i fakt, \u017ee v\u0161em ostatn\u00edm n\u00e1v\u0161t\u011bvn\u00edk\u016fm, n\u00e1hodn\u00fdm rekreant\u016fm stejn\u011b jako d\u011btem<\/p>\n<div><a class=\"fw-btn fw-btn-1 fw-btn-black\" href=\"https:\/\/www.mariahilf.eu\/de\/historie\/devastace\/\"><span>Lesen ...<\/span><\/a><\/div>","protected":false},"author":2,"featured_media":720,"parent":705,"menu_order":0,"comment_status":"closed","ping_status":"closed","template":"","meta":{"_acf_changed":false,"footnotes":""},"class_list":["post-709","page","type-page","status-publish","has-post-thumbnail","hentry"],"acf":[],"yoast_head":"<!-- This site is optimized with the Yoast SEO plugin v26.6 - https:\/\/yoast.com\/wordpress\/plugins\/seo\/ -->\n<title>Devastace poutn\u00edho m\u00edsta - Maria Hilf - Poutn\u00ed M\u00edsto Panny Marie Pomocn\u00e9<\/title>\n<meta name=\"robots\" content=\"index, follow, max-snippet:-1, max-image-preview:large, max-video-preview:-1\" \/>\n<link rel=\"canonical\" href=\"https:\/\/www.mariahilf.eu\/de\/historie\/devastace\/\" \/>\n<meta property=\"og:locale\" content=\"de_DE\" \/>\n<meta property=\"og:type\" content=\"article\" \/>\n<meta property=\"og:title\" content=\"Devastace poutn\u00edho m\u00edsta - Maria Hilf - Poutn\u00ed M\u00edsto Panny Marie Pomocn\u00e9\" \/>\n<meta property=\"og:description\" content=\"Zastaven\u00ed bohoslu\u017eeb v kostele P. Marie Pomocn\u00e9 u Zlat\u00fdch Hor roku 1955 a z\u00e1kaz kon\u00e1n\u00ed pout\u00ed byly od\u016fvodn\u011bny prov\u00e1d\u011bn\u00edm d\u016fln\u00edch prac\u00ed. Bylo v\u0161ak zji\u0161t\u011bno, \u017ee \u0159editelstv\u00ed Rudn\u00fdch dol\u016f o uzav\u0159en\u00ed poutn\u00edho kostela a okoln\u00edho prostoru ne\u017e\u00e1dalo.\u00a0O tom, \u017ee \u0161lo o naprosto vykonstruovan\u00e9 d\u016fvody, sv\u011bd\u010dil i fakt, \u017ee v\u0161em ostatn\u00edm n\u00e1v\u0161t\u011bvn\u00edk\u016fm, n\u00e1hodn\u00fdm rekreant\u016fm stejn\u011b jako d\u011btemP\u0159e\u010d\u00edst...\" \/>\n<meta property=\"og:url\" content=\"https:\/\/www.mariahilf.eu\/de\/historie\/devastace\/\" \/>\n<meta property=\"og:site_name\" content=\"Maria Hilf - Poutn\u00ed M\u00edsto Panny Marie Pomocn\u00e9\" \/>\n<meta property=\"article:publisher\" content=\"https:\/\/www.facebook.com\/pannamariapomocna\/\" \/>\n<meta property=\"article:modified_time\" content=\"2023-09-20T09:08:18+00:00\" \/>\n<meta property=\"og:image\" content=\"https:\/\/www.mariahilf.eu\/wp-content\/uploads\/2018\/08\/historia.png\" \/>\n\t<meta property=\"og:image:width\" content=\"2000\" \/>\n\t<meta property=\"og:image:height\" content=\"1125\" \/>\n\t<meta property=\"og:image:type\" content=\"image\/png\" \/>\n<meta name=\"twitter:card\" content=\"summary_large_image\" \/>\n<script type=\"application\/ld+json\" class=\"yoast-schema-graph\">{\"@context\":\"https:\/\/schema.org\",\"@graph\":[{\"@type\":\"WebPage\",\"@id\":\"https:\/\/www.mariahilf.eu\/historie\/devastace\/\",\"url\":\"https:\/\/www.mariahilf.eu\/historie\/devastace\/\",\"name\":\"Devastace poutn\u00edho m\u00edsta - Maria Hilf - Poutn\u00ed M\u00edsto Panny Marie Pomocn\u00e9\",\"isPartOf\":{\"@id\":\"https:\/\/www.mariahilf.eu\/#website\"},\"primaryImageOfPage\":{\"@id\":\"https:\/\/www.mariahilf.eu\/historie\/devastace\/#primaryimage\"},\"image\":{\"@id\":\"https:\/\/www.mariahilf.eu\/historie\/devastace\/#primaryimage\"},\"thumbnailUrl\":\"https:\/\/i0.wp.com\/www.mariahilf.eu\/wp-content\/uploads\/2018\/08\/historia.png?fit=2000%2C1125&ssl=1\",\"datePublished\":\"2018-08-28T15:58:48+00:00\",\"dateModified\":\"2023-09-20T09:08:18+00:00\",\"breadcrumb\":{\"@id\":\"https:\/\/www.mariahilf.eu\/historie\/devastace\/#breadcrumb\"},\"inLanguage\":\"de\",\"potentialAction\":[{\"@type\":\"ReadAction\",\"target\":[\"https:\/\/www.mariahilf.eu\/historie\/devastace\/\"]}]},{\"@type\":\"ImageObject\",\"inLanguage\":\"de\",\"@id\":\"https:\/\/www.mariahilf.eu\/historie\/devastace\/#primaryimage\",\"url\":\"https:\/\/i0.wp.com\/www.mariahilf.eu\/wp-content\/uploads\/2018\/08\/historia.png?fit=2000%2C1125&ssl=1\",\"contentUrl\":\"https:\/\/i0.wp.com\/www.mariahilf.eu\/wp-content\/uploads\/2018\/08\/historia.png?fit=2000%2C1125&ssl=1\",\"width\":2000,\"height\":1125},{\"@type\":\"BreadcrumbList\",\"@id\":\"https:\/\/www.mariahilf.eu\/historie\/devastace\/#breadcrumb\",\"itemListElement\":[{\"@type\":\"ListItem\",\"position\":1,\"name\":\"Strona g\u0142\u00f3wna\",\"item\":\"https:\/\/www.mariahilf.eu\/\"},{\"@type\":\"ListItem\",\"position\":2,\"name\":\"Historie\",\"item\":\"https:\/\/www.mariahilf.eu\/historie\/\"},{\"@type\":\"ListItem\",\"position\":3,\"name\":\"Devastace poutn\u00edho m\u00edsta\"}]},{\"@type\":\"WebSite\",\"@id\":\"https:\/\/www.mariahilf.eu\/#website\",\"url\":\"https:\/\/www.mariahilf.eu\/\",\"name\":\"Maria Hilf - Poutn\u00ed M\u00edsto Panny Marie Pomocn\u00e9\",\"description\":\"Duchovn\u00ed spr\u00e1va poutn\u00edho m\u00edsta Panny Marie Pomocn\u00e9\",\"publisher\":{\"@id\":\"https:\/\/www.mariahilf.eu\/#organization\"},\"potentialAction\":[{\"@type\":\"SearchAction\",\"target\":{\"@type\":\"EntryPoint\",\"urlTemplate\":\"https:\/\/www.mariahilf.eu\/?s={search_term_string}\"},\"query-input\":{\"@type\":\"PropertyValueSpecification\",\"valueRequired\":true,\"valueName\":\"search_term_string\"}}],\"inLanguage\":\"de\"},{\"@type\":\"Organization\",\"@id\":\"https:\/\/www.mariahilf.eu\/#organization\",\"name\":\"Parafia Matki Bo\u017cej Cz\u0119stochowskiej w Knurowie\",\"url\":\"https:\/\/www.mariahilf.eu\/\",\"logo\":{\"@type\":\"ImageObject\",\"inLanguage\":\"de\",\"@id\":\"https:\/\/www.mariahilf.eu\/#\/schema\/logo\/image\/\",\"url\":\"https:\/\/i0.wp.com\/www.mariahilf.eu\/wp-content\/uploads\/2018\/08\/logo_web_300x348.png?fit=300%2C348&ssl=1\",\"contentUrl\":\"https:\/\/i0.wp.com\/www.mariahilf.eu\/wp-content\/uploads\/2018\/08\/logo_web_300x348.png?fit=300%2C348&ssl=1\",\"width\":300,\"height\":348,\"caption\":\"Parafia Matki Bo\u017cej Cz\u0119stochowskiej w Knurowie\"},\"image\":{\"@id\":\"https:\/\/www.mariahilf.eu\/#\/schema\/logo\/image\/\"},\"sameAs\":[\"https:\/\/www.facebook.com\/pannamariapomocna\/\"]}]}<\/script>\n<!-- \/ Yoast SEO plugin. -->","yoast_head_json":{"title":"Devastace poutn\u00edho m\u00edsta - Maria Hilf - Poutn\u00ed M\u00edsto Panny Marie Pomocn\u00e9","robots":{"index":"index","follow":"follow","max-snippet":"max-snippet:-1","max-image-preview":"max-image-preview:large","max-video-preview":"max-video-preview:-1"},"canonical":"https:\/\/www.mariahilf.eu\/de\/historie\/devastace\/","og_locale":"de_DE","og_type":"article","og_title":"Devastace poutn\u00edho m\u00edsta - Maria Hilf - Poutn\u00ed M\u00edsto Panny Marie Pomocn\u00e9","og_description":"Zastaven\u00ed bohoslu\u017eeb v kostele P. Marie Pomocn\u00e9 u Zlat\u00fdch Hor roku 1955 a z\u00e1kaz kon\u00e1n\u00ed pout\u00ed byly od\u016fvodn\u011bny prov\u00e1d\u011bn\u00edm d\u016fln\u00edch prac\u00ed. Bylo v\u0161ak zji\u0161t\u011bno, \u017ee \u0159editelstv\u00ed Rudn\u00fdch dol\u016f o uzav\u0159en\u00ed poutn\u00edho kostela a okoln\u00edho prostoru ne\u017e\u00e1dalo.\u00a0O tom, \u017ee \u0161lo o naprosto vykonstruovan\u00e9 d\u016fvody, sv\u011bd\u010dil i fakt, \u017ee v\u0161em ostatn\u00edm n\u00e1v\u0161t\u011bvn\u00edk\u016fm, n\u00e1hodn\u00fdm rekreant\u016fm stejn\u011b jako d\u011btemP\u0159e\u010d\u00edst...","og_url":"https:\/\/www.mariahilf.eu\/de\/historie\/devastace\/","og_site_name":"Maria Hilf - Poutn\u00ed M\u00edsto Panny Marie Pomocn\u00e9","article_publisher":"https:\/\/www.facebook.com\/pannamariapomocna\/","article_modified_time":"2023-09-20T09:08:18+00:00","og_image":[{"width":2000,"height":1125,"url":"https:\/\/www.mariahilf.eu\/wp-content\/uploads\/2018\/08\/historia.png","type":"image\/png"}],"twitter_card":"summary_large_image","schema":{"@context":"https:\/\/schema.org","@graph":[{"@type":"WebPage","@id":"https:\/\/www.mariahilf.eu\/historie\/devastace\/","url":"https:\/\/www.mariahilf.eu\/historie\/devastace\/","name":"Devastace poutn\u00edho m\u00edsta - Maria Hilf - Poutn\u00ed M\u00edsto Panny Marie Pomocn\u00e9","isPartOf":{"@id":"https:\/\/www.mariahilf.eu\/#website"},"primaryImageOfPage":{"@id":"https:\/\/www.mariahilf.eu\/historie\/devastace\/#primaryimage"},"image":{"@id":"https:\/\/www.mariahilf.eu\/historie\/devastace\/#primaryimage"},"thumbnailUrl":"https:\/\/i0.wp.com\/www.mariahilf.eu\/wp-content\/uploads\/2018\/08\/historia.png?fit=2000%2C1125&ssl=1","datePublished":"2018-08-28T15:58:48+00:00","dateModified":"2023-09-20T09:08:18+00:00","breadcrumb":{"@id":"https:\/\/www.mariahilf.eu\/historie\/devastace\/#breadcrumb"},"inLanguage":"de","potentialAction":[{"@type":"ReadAction","target":["https:\/\/www.mariahilf.eu\/historie\/devastace\/"]}]},{"@type":"ImageObject","inLanguage":"de","@id":"https:\/\/www.mariahilf.eu\/historie\/devastace\/#primaryimage","url":"https:\/\/i0.wp.com\/www.mariahilf.eu\/wp-content\/uploads\/2018\/08\/historia.png?fit=2000%2C1125&ssl=1","contentUrl":"https:\/\/i0.wp.com\/www.mariahilf.eu\/wp-content\/uploads\/2018\/08\/historia.png?fit=2000%2C1125&ssl=1","width":2000,"height":1125},{"@type":"BreadcrumbList","@id":"https:\/\/www.mariahilf.eu\/historie\/devastace\/#breadcrumb","itemListElement":[{"@type":"ListItem","position":1,"name":"Strona g\u0142\u00f3wna","item":"https:\/\/www.mariahilf.eu\/"},{"@type":"ListItem","position":2,"name":"Historie","item":"https:\/\/www.mariahilf.eu\/historie\/"},{"@type":"ListItem","position":3,"name":"Devastace poutn\u00edho m\u00edsta"}]},{"@type":"WebSite","@id":"https:\/\/www.mariahilf.eu\/#website","url":"https:\/\/www.mariahilf.eu\/","name":"Maria Hilf - Poutn\u00ed M\u00edsto Panny Marie Pomocn\u00e9","description":"Duchovn\u00ed spr\u00e1va poutn\u00edho m\u00edsta Panny Marie Pomocn\u00e9","publisher":{"@id":"https:\/\/www.mariahilf.eu\/#organization"},"potentialAction":[{"@type":"SearchAction","target":{"@type":"EntryPoint","urlTemplate":"https:\/\/www.mariahilf.eu\/?s={search_term_string}"},"query-input":{"@type":"PropertyValueSpecification","valueRequired":true,"valueName":"search_term_string"}}],"inLanguage":"de"},{"@type":"Organization","@id":"https:\/\/www.mariahilf.eu\/#organization","name":"Parafia Matki Bo\u017cej Cz\u0119stochowskiej w Knurowie","url":"https:\/\/www.mariahilf.eu\/","logo":{"@type":"ImageObject","inLanguage":"de","@id":"https:\/\/www.mariahilf.eu\/#\/schema\/logo\/image\/","url":"https:\/\/i0.wp.com\/www.mariahilf.eu\/wp-content\/uploads\/2018\/08\/logo_web_300x348.png?fit=300%2C348&ssl=1","contentUrl":"https:\/\/i0.wp.com\/www.mariahilf.eu\/wp-content\/uploads\/2018\/08\/logo_web_300x348.png?fit=300%2C348&ssl=1","width":300,"height":348,"caption":"Parafia Matki Bo\u017cej Cz\u0119stochowskiej w Knurowie"},"image":{"@id":"https:\/\/www.mariahilf.eu\/#\/schema\/logo\/image\/"},"sameAs":["https:\/\/www.facebook.com\/pannamariapomocna\/"]}]}},"jetpack_shortlink":"https:\/\/wp.me\/PaKJZm-br","jetpack_sharing_enabled":true,"_links":{"self":[{"href":"https:\/\/www.mariahilf.eu\/de\/wp-json\/wp\/v2\/pages\/709","targetHints":{"allow":["GET"]}}],"collection":[{"href":"https:\/\/www.mariahilf.eu\/de\/wp-json\/wp\/v2\/pages"}],"about":[{"href":"https:\/\/www.mariahilf.eu\/de\/wp-json\/wp\/v2\/types\/page"}],"author":[{"embeddable":true,"href":"https:\/\/www.mariahilf.eu\/de\/wp-json\/wp\/v2\/users\/2"}],"replies":[{"embeddable":true,"href":"https:\/\/www.mariahilf.eu\/de\/wp-json\/wp\/v2\/comments?post=709"}],"version-history":[{"count":2,"href":"https:\/\/www.mariahilf.eu\/de\/wp-json\/wp\/v2\/pages\/709\/revisions"}],"predecessor-version":[{"id":2649,"href":"https:\/\/www.mariahilf.eu\/de\/wp-json\/wp\/v2\/pages\/709\/revisions\/2649"}],"up":[{"embeddable":true,"href":"https:\/\/www.mariahilf.eu\/de\/wp-json\/wp\/v2\/pages\/705"}],"wp:featuredmedia":[{"embeddable":true,"href":"https:\/\/www.mariahilf.eu\/de\/wp-json\/wp\/v2\/media\/720"}],"wp:attachment":[{"href":"https:\/\/www.mariahilf.eu\/de\/wp-json\/wp\/v2\/media?parent=709"}],"curies":[{"name":"wp","href":"https:\/\/api.w.org\/{rel}","templated":true}]}}