{"id":826,"date":"2018-09-01T21:36:25","date_gmt":"2018-09-01T19:36:25","guid":{"rendered":"http:\/\/mariahilf.online\/?page_id=826"},"modified":"2023-09-07T10:25:56","modified_gmt":"2023-09-07T08:25:56","slug":"sv-norbert","status":"publish","type":"page","link":"https:\/\/www.mariahilf.eu\/de\/relikvie\/sv-norbert\/","title":{"rendered":"Sv. Norbert"},"content":{"rendered":"<div data-elementor-type=\"wp-page\" data-elementor-id=\"826\" class=\"elementor elementor-826\" data-elementor-post-type=\"page\">\n\t\t\t\t\t\t<section class=\"elementor-section elementor-top-section elementor-element elementor-element-41ed21a elementor-section-boxed elementor-section-height-default elementor-section-height-default\" data-id=\"41ed21a\" data-element_type=\"section\" data-e-type=\"section\">\n\t\t\t\t\t\t<div class=\"elementor-container elementor-column-gap-default\">\n\t\t\t\t\t<div class=\"elementor-column elementor-col-100 elementor-top-column elementor-element elementor-element-5e5d8b2\" data-id=\"5e5d8b2\" data-element_type=\"column\" data-e-type=\"column\">\n\t\t\t<div class=\"elementor-widget-wrap elementor-element-populated\">\n\t\t\t\t\t\t<div class=\"elementor-element elementor-element-058b2ff elementor-widget elementor-widget-image\" data-id=\"058b2ff\" data-element_type=\"widget\" data-e-type=\"widget\" data-widget_type=\"image.default\">\n\t\t\t\t<div class=\"elementor-widget-container\">\n\t\t\t\t\t\t\t\t\t\t\t\t\t\t\t<img fetchpriority=\"high\" decoding=\"async\" width=\"768\" height=\"573\" src=\"https:\/\/i0.wp.com\/www.mariahilf.eu\/wp-content\/uploads\/2018\/12\/swnorbert.png?fit=768%2C573&amp;ssl=1\" class=\"attachment-medium_large size-medium_large wp-image-1063\" alt=\"\" srcset=\"https:\/\/i0.wp.com\/www.mariahilf.eu\/wp-content\/uploads\/2018\/12\/swnorbert.png?w=2252&amp;ssl=1 2252w, https:\/\/i0.wp.com\/www.mariahilf.eu\/wp-content\/uploads\/2018\/12\/swnorbert.png?resize=300%2C224&amp;ssl=1 300w, https:\/\/i0.wp.com\/www.mariahilf.eu\/wp-content\/uploads\/2018\/12\/swnorbert.png?resize=768%2C573&amp;ssl=1 768w, https:\/\/i0.wp.com\/www.mariahilf.eu\/wp-content\/uploads\/2018\/12\/swnorbert.png?resize=1024%2C764&amp;ssl=1 1024w, https:\/\/i0.wp.com\/www.mariahilf.eu\/wp-content\/uploads\/2018\/12\/swnorbert.png?w=2000&amp;ssl=1 2000w\" sizes=\"(max-width: 768px) 100vw, 768px\" \/>\t\t\t\t\t\t\t\t\t\t\t\t\t\t\t<\/div>\n\t\t\t\t<\/div>\n\t\t\t\t\t<\/div>\n\t\t<\/div>\n\t\t\t\t\t<\/div>\n\t\t<\/section>\n\t\t\t\t<\/div>","protected":false},"excerpt":{"rendered":"","protected":false},"author":3,"featured_media":1063,"parent":821,"menu_order":0,"comment_status":"closed","ping_status":"closed","template":"","meta":{"_acf_changed":false,"footnotes":""},"class_list":["post-826","page","type-page","status-publish","has-post-thumbnail","hentry"],"acf":[],"yoast_head":"<!-- This site is optimized with the Yoast SEO plugin v27.4 - https:\/\/yoast.com\/product\/yoast-seo-wordpress\/ -->\n<title>Sv. Norbert - Maria Hilf - Poutn\u00ed M\u00edsto Panny Marie Pomocn\u00e9<\/title>\n<meta name=\"robots\" content=\"index, follow, max-snippet:-1, max-image-preview:large, max-video-preview:-1\" \/>\n<link rel=\"canonical\" href=\"https:\/\/www.mariahilf.eu\/de\/relikvie\/sv-norbert\/\" \/>\n<meta property=\"og:locale\" content=\"de_DE\" \/>\n<meta property=\"og:type\" content=\"article\" \/>\n<meta property=\"og:title\" content=\"Sv. Norbert - Maria Hilf - Poutn\u00ed M\u00edsto Panny Marie Pomocn\u00e9\" \/>\n<meta property=\"og:url\" content=\"https:\/\/www.mariahilf.eu\/de\/relikvie\/sv-norbert\/\" \/>\n<meta property=\"og:site_name\" content=\"Maria Hilf - Poutn\u00ed M\u00edsto Panny Marie Pomocn\u00e9\" \/>\n<meta property=\"article:publisher\" content=\"https:\/\/www.facebook.com\/pannamariapomocna\/\" \/>\n<meta property=\"article:modified_time\" content=\"2023-09-07T08:25:56+00:00\" \/>\n<meta property=\"og:image\" content=\"https:\/\/www.mariahilf.eu\/wp-content\/uploads\/2018\/12\/swnorbert-1024x764.png\" \/>\n\t<meta property=\"og:image:width\" content=\"1024\" \/>\n\t<meta property=\"og:image:height\" content=\"764\" \/>\n\t<meta property=\"og:image:type\" content=\"image\/png\" \/>\n<meta name=\"twitter:card\" content=\"summary_large_image\" \/>\n<script type=\"application\/ld+json\" class=\"yoast-schema-graph\">{\"@context\":\"https:\\\/\\\/schema.org\",\"@graph\":[{\"@type\":\"WebPage\",\"@id\":\"https:\\\/\\\/www.mariahilf.eu\\\/relikvie\\\/sv-norbert\\\/\",\"url\":\"https:\\\/\\\/www.mariahilf.eu\\\/relikvie\\\/sv-norbert\\\/\",\"name\":\"Sv. Norbert - Maria Hilf - Poutn\u00ed M\u00edsto Panny Marie Pomocn\u00e9\",\"isPartOf\":{\"@id\":\"https:\\\/\\\/www.mariahilf.eu\\\/#website\"},\"primaryImageOfPage\":{\"@id\":\"https:\\\/\\\/www.mariahilf.eu\\\/relikvie\\\/sv-norbert\\\/#primaryimage\"},\"image\":{\"@id\":\"https:\\\/\\\/www.mariahilf.eu\\\/relikvie\\\/sv-norbert\\\/#primaryimage\"},\"thumbnailUrl\":\"https:\\\/\\\/i0.wp.com\\\/www.mariahilf.eu\\\/wp-content\\\/uploads\\\/2018\\\/12\\\/swnorbert.png?fit=2252%2C1681&ssl=1\",\"datePublished\":\"2018-09-01T19:36:25+00:00\",\"dateModified\":\"2023-09-07T08:25:56+00:00\",\"breadcrumb\":{\"@id\":\"https:\\\/\\\/www.mariahilf.eu\\\/relikvie\\\/sv-norbert\\\/#breadcrumb\"},\"inLanguage\":\"de\",\"potentialAction\":[{\"@type\":\"ReadAction\",\"target\":[\"https:\\\/\\\/www.mariahilf.eu\\\/relikvie\\\/sv-norbert\\\/\"]}]},{\"@type\":\"ImageObject\",\"inLanguage\":\"de\",\"@id\":\"https:\\\/\\\/www.mariahilf.eu\\\/relikvie\\\/sv-norbert\\\/#primaryimage\",\"url\":\"https:\\\/\\\/i0.wp.com\\\/www.mariahilf.eu\\\/wp-content\\\/uploads\\\/2018\\\/12\\\/swnorbert.png?fit=2252%2C1681&ssl=1\",\"contentUrl\":\"https:\\\/\\\/i0.wp.com\\\/www.mariahilf.eu\\\/wp-content\\\/uploads\\\/2018\\\/12\\\/swnorbert.png?fit=2252%2C1681&ssl=1\",\"width\":2252,\"height\":1681},{\"@type\":\"BreadcrumbList\",\"@id\":\"https:\\\/\\\/www.mariahilf.eu\\\/relikvie\\\/sv-norbert\\\/#breadcrumb\",\"itemListElement\":[{\"@type\":\"ListItem\",\"position\":1,\"name\":\"Strona g\u0142\u00f3wna\",\"item\":\"https:\\\/\\\/www.mariahilf.eu\\\/\"},{\"@type\":\"ListItem\",\"position\":2,\"name\":\"Relikvie\",\"item\":\"https:\\\/\\\/www.mariahilf.eu\\\/relikvie\\\/\"},{\"@type\":\"ListItem\",\"position\":3,\"name\":\"Sv. Norbert\"}]},{\"@type\":\"WebSite\",\"@id\":\"https:\\\/\\\/www.mariahilf.eu\\\/#website\",\"url\":\"https:\\\/\\\/www.mariahilf.eu\\\/\",\"name\":\"Maria Hilf - Poutn\u00ed M\u00edsto Panny Marie Pomocn\u00e9\",\"description\":\"Duchovn\u00ed spr\u00e1va poutn\u00edho m\u00edsta Panny Marie Pomocn\u00e9\",\"publisher\":{\"@id\":\"https:\\\/\\\/www.mariahilf.eu\\\/#organization\"},\"potentialAction\":[{\"@type\":\"SearchAction\",\"target\":{\"@type\":\"EntryPoint\",\"urlTemplate\":\"https:\\\/\\\/www.mariahilf.eu\\\/?s={search_term_string}\"},\"query-input\":{\"@type\":\"PropertyValueSpecification\",\"valueRequired\":true,\"valueName\":\"search_term_string\"}}],\"inLanguage\":\"de\"},{\"@type\":\"Organization\",\"@id\":\"https:\\\/\\\/www.mariahilf.eu\\\/#organization\",\"name\":\"Parafia Matki Bo\u017cej Cz\u0119stochowskiej w Knurowie\",\"url\":\"https:\\\/\\\/www.mariahilf.eu\\\/\",\"logo\":{\"@type\":\"ImageObject\",\"inLanguage\":\"de\",\"@id\":\"https:\\\/\\\/www.mariahilf.eu\\\/#\\\/schema\\\/logo\\\/image\\\/\",\"url\":\"https:\\\/\\\/i0.wp.com\\\/www.mariahilf.eu\\\/wp-content\\\/uploads\\\/2018\\\/08\\\/logo_web_300x348.png?fit=300%2C348&ssl=1\",\"contentUrl\":\"https:\\\/\\\/i0.wp.com\\\/www.mariahilf.eu\\\/wp-content\\\/uploads\\\/2018\\\/08\\\/logo_web_300x348.png?fit=300%2C348&ssl=1\",\"width\":300,\"height\":348,\"caption\":\"Parafia Matki Bo\u017cej Cz\u0119stochowskiej w Knurowie\"},\"image\":{\"@id\":\"https:\\\/\\\/www.mariahilf.eu\\\/#\\\/schema\\\/logo\\\/image\\\/\"},\"sameAs\":[\"https:\\\/\\\/www.facebook.com\\\/pannamariapomocna\\\/\"]}]}<\/script>\n<!-- \/ Yoast SEO plugin. -->","yoast_head_json":{"title":"Sv. Norbert - Maria Hilf - Poutn\u00ed M\u00edsto Panny Marie Pomocn\u00e9","robots":{"index":"index","follow":"follow","max-snippet":"max-snippet:-1","max-image-preview":"max-image-preview:large","max-video-preview":"max-video-preview:-1"},"canonical":"https:\/\/www.mariahilf.eu\/de\/relikvie\/sv-norbert\/","og_locale":"de_DE","og_type":"article","og_title":"Sv. Norbert - Maria Hilf - Poutn\u00ed M\u00edsto Panny Marie Pomocn\u00e9","og_url":"https:\/\/www.mariahilf.eu\/de\/relikvie\/sv-norbert\/","og_site_name":"Maria Hilf - Poutn\u00ed M\u00edsto Panny Marie Pomocn\u00e9","article_publisher":"https:\/\/www.facebook.com\/pannamariapomocna\/","article_modified_time":"2023-09-07T08:25:56+00:00","og_image":[{"width":1024,"height":764,"url":"https:\/\/www.mariahilf.eu\/wp-content\/uploads\/2018\/12\/swnorbert-1024x764.png","type":"image\/png"}],"twitter_card":"summary_large_image","schema":{"@context":"https:\/\/schema.org","@graph":[{"@type":"WebPage","@id":"https:\/\/www.mariahilf.eu\/relikvie\/sv-norbert\/","url":"https:\/\/www.mariahilf.eu\/relikvie\/sv-norbert\/","name":"Sv. Norbert - Maria Hilf - Poutn\u00ed M\u00edsto Panny Marie Pomocn\u00e9","isPartOf":{"@id":"https:\/\/www.mariahilf.eu\/#website"},"primaryImageOfPage":{"@id":"https:\/\/www.mariahilf.eu\/relikvie\/sv-norbert\/#primaryimage"},"image":{"@id":"https:\/\/www.mariahilf.eu\/relikvie\/sv-norbert\/#primaryimage"},"thumbnailUrl":"https:\/\/i0.wp.com\/www.mariahilf.eu\/wp-content\/uploads\/2018\/12\/swnorbert.png?fit=2252%2C1681&ssl=1","datePublished":"2018-09-01T19:36:25+00:00","dateModified":"2023-09-07T08:25:56+00:00","breadcrumb":{"@id":"https:\/\/www.mariahilf.eu\/relikvie\/sv-norbert\/#breadcrumb"},"inLanguage":"de","potentialAction":[{"@type":"ReadAction","target":["https:\/\/www.mariahilf.eu\/relikvie\/sv-norbert\/"]}]},{"@type":"ImageObject","inLanguage":"de","@id":"https:\/\/www.mariahilf.eu\/relikvie\/sv-norbert\/#primaryimage","url":"https:\/\/i0.wp.com\/www.mariahilf.eu\/wp-content\/uploads\/2018\/12\/swnorbert.png?fit=2252%2C1681&ssl=1","contentUrl":"https:\/\/i0.wp.com\/www.mariahilf.eu\/wp-content\/uploads\/2018\/12\/swnorbert.png?fit=2252%2C1681&ssl=1","width":2252,"height":1681},{"@type":"BreadcrumbList","@id":"https:\/\/www.mariahilf.eu\/relikvie\/sv-norbert\/#breadcrumb","itemListElement":[{"@type":"ListItem","position":1,"name":"Strona g\u0142\u00f3wna","item":"https:\/\/www.mariahilf.eu\/"},{"@type":"ListItem","position":2,"name":"Relikvie","item":"https:\/\/www.mariahilf.eu\/relikvie\/"},{"@type":"ListItem","position":3,"name":"Sv. Norbert"}]},{"@type":"WebSite","@id":"https:\/\/www.mariahilf.eu\/#website","url":"https:\/\/www.mariahilf.eu\/","name":"Maria Hilf - Poutn\u00ed M\u00edsto Panny Marie Pomocn\u00e9","description":"Duchovn\u00ed spr\u00e1va poutn\u00edho m\u00edsta Panny Marie Pomocn\u00e9","publisher":{"@id":"https:\/\/www.mariahilf.eu\/#organization"},"potentialAction":[{"@type":"SearchAction","target":{"@type":"EntryPoint","urlTemplate":"https:\/\/www.mariahilf.eu\/?s={search_term_string}"},"query-input":{"@type":"PropertyValueSpecification","valueRequired":true,"valueName":"search_term_string"}}],"inLanguage":"de"},{"@type":"Organization","@id":"https:\/\/www.mariahilf.eu\/#organization","name":"Parafia Matki Bo\u017cej Cz\u0119stochowskiej w Knurowie","url":"https:\/\/www.mariahilf.eu\/","logo":{"@type":"ImageObject","inLanguage":"de","@id":"https:\/\/www.mariahilf.eu\/#\/schema\/logo\/image\/","url":"https:\/\/i0.wp.com\/www.mariahilf.eu\/wp-content\/uploads\/2018\/08\/logo_web_300x348.png?fit=300%2C348&ssl=1","contentUrl":"https:\/\/i0.wp.com\/www.mariahilf.eu\/wp-content\/uploads\/2018\/08\/logo_web_300x348.png?fit=300%2C348&ssl=1","width":300,"height":348,"caption":"Parafia Matki Bo\u017cej Cz\u0119stochowskiej w Knurowie"},"image":{"@id":"https:\/\/www.mariahilf.eu\/#\/schema\/logo\/image\/"},"sameAs":["https:\/\/www.facebook.com\/pannamariapomocna\/"]}]}},"jetpack_shortlink":"https:\/\/wp.me\/PaKJZm-dk","jetpack_sharing_enabled":true,"_links":{"self":[{"href":"https:\/\/www.mariahilf.eu\/de\/wp-json\/wp\/v2\/pages\/826","targetHints":{"allow":["GET"]}}],"collection":[{"href":"https:\/\/www.mariahilf.eu\/de\/wp-json\/wp\/v2\/pages"}],"about":[{"href":"https:\/\/www.mariahilf.eu\/de\/wp-json\/wp\/v2\/types\/page"}],"author":[{"embeddable":true,"href":"https:\/\/www.mariahilf.eu\/de\/wp-json\/wp\/v2\/users\/3"}],"replies":[{"embeddable":true,"href":"https:\/\/www.mariahilf.eu\/de\/wp-json\/wp\/v2\/comments?post=826"}],"version-history":[{"count":4,"href":"https:\/\/www.mariahilf.eu\/de\/wp-json\/wp\/v2\/pages\/826\/revisions"}],"predecessor-version":[{"id":2576,"href":"https:\/\/www.mariahilf.eu\/de\/wp-json\/wp\/v2\/pages\/826\/revisions\/2576"}],"up":[{"embeddable":true,"href":"https:\/\/www.mariahilf.eu\/de\/wp-json\/wp\/v2\/pages\/821"}],"wp:featuredmedia":[{"embeddable":true,"href":"https:\/\/www.mariahilf.eu\/de\/wp-json\/wp\/v2\/media\/1063"}],"wp:attachment":[{"href":"https:\/\/www.mariahilf.eu\/de\/wp-json\/wp\/v2\/media?parent=826"}],"curies":[{"name":"wp","href":"https:\/\/api.w.org\/{rel}","templated":true}]}}