{"id":1136,"date":"2018-12-08T16:16:14","date_gmt":"2018-12-08T15:16:14","guid":{"rendered":"http:\/\/mariahilf.eu.uvirt72.active24.cz\/?page_id=1136"},"modified":"2023-08-06T21:29:44","modified_gmt":"2023-08-06T19:29:44","slug":"prohlidky-poutniho-mista-s-vykladem","status":"publish","type":"page","link":"https:\/\/www.mariahilf.eu\/pl\/prohlidky-poutniho-mista-s-vykladem\/","title":{"rendered":"Wycieczki z przewodnikiem po sanktuarium"},"content":{"rendered":"<h2 style=\"text-align: center;\"><strong>Mil\u00ed poutn\u00edci a n\u00e1v\u0161t\u011bvn\u00edci<\/strong><\/h2>\n<p>&nbsp;<\/p>\n<h4 style=\"text-align: center;\">srde\u010dn\u011b V\u00e1s zveme<\/h4>\n<h4 style=\"text-align: center;\">na poutn\u00ed m\u00edsto Mariahilf u Zlat\u00fdch Hor zasv\u011bcen\u00e9<\/h4>\n<h4 style=\"text-align: center;\"><strong>Matce Bo\u017e\u00ed Pomocn\u00e9, Ochr\u00e1nkyni \u017eivota.<\/strong><\/h4>\n<p>&nbsp;<\/p>\n<h4 style=\"text-align: center;\">Kostel vybudovan\u00fd v\u00a090. letech<\/h4>\n<h4 style=\"text-align: center;\">na m\u00edst\u011b p\u016fvodn\u00edho \u2013 komunistick\u00fdm re\u017eimem zdevastovan\u00e9ho<\/h4>\n<h4 style=\"text-align: center;\">a zcela odstran\u011bn\u00e9ho kostela &#8211;<\/h4>\n<h4 style=\"text-align: center;\">je po cel\u00fd den otev\u0159en k\u00a0n\u00e1v\u0161t\u011bv\u011b a modlitb\u011b, a to<\/h4>\n<h3 style=\"text-align: center;\">od 8:00 do 18:00 (od dubna do z\u00e1\u0159\u00ed),<\/h3>\n<h3 style=\"text-align: center;\">v\u00a0ostatn\u00edch m\u011bs\u00edc\u00edch od 8:00 do 16:00.<\/h3>\n<p>&nbsp;<\/p>\n<h3 style=\"text-align: center;\">M\u00e1te\u2013 li z\u00e1jem<\/h3>\n<h3 style=\"text-align: center;\">(skupina nad 10 lidi ! )<\/h3>\n<h3 style=\"text-align: center;\">poslechnout si p\u0159\u00edb\u011bh a sv\u011bdectv\u00ed m\u00edsta,<\/h3>\n<h3 style=\"text-align: center;\">kter\u00e9 si Matka Bo\u017e\u00ed zvl\u00e1\u0161tn\u00edm zp\u016fsobem vyvolila p\u0159ed v\u00edce ne\u017e 300 lety,<\/h3>\n<h3 style=\"text-align: center;\"><strong>nahlaste se, pros\u00edme, <\/strong><\/h3>\n<h3 style=\"text-align: center;\"><strong>(min.1 den) p\u0159edem <\/strong><\/h3>\n<h3 style=\"text-align: center;\">na tel. <strong>+420 731 254 224<\/strong><\/h3>\n<h3 style=\"text-align: center;\">lub mailowo: <strong><a href=\"mailto:mariahilf@email.cz\">mariahilf@email.cz<\/a><\/strong><\/h3>\n<h2 style=\"text-align: center;\"><strong>na setk\u00e1n\u00ed s rektorem poutn\u00edho m\u00edsta<\/strong><\/h2>\n<h2 style=\"text-align: center;\"><strong>od\u00a0 \u00daTER\u00dd\u00a0 do\u00a0 SOBOTY (!)<\/strong><\/h2>\n<p>&nbsp;<\/p>\n<h3 style=\"text-align: center;\"><strong>Cieszymy si\u0119 na spotkanie!<\/strong><\/h3>\n<p>&nbsp;<\/p>","protected":false},"excerpt":{"rendered":"<p>Mil\u00ed poutn\u00edci a n\u00e1v\u0161t\u011bvn\u00edci &nbsp; srde\u010dn\u011b V\u00e1s zveme na poutn\u00ed m\u00edsto Mariahilf u Zlat\u00fdch Hor zasv\u011bcen\u00e9 Matce Bo\u017e\u00ed Pomocn\u00e9, Ochr\u00e1nkyni \u017eivota. &nbsp; Kostel vybudovan\u00fd v\u00a090. letech na m\u00edst\u011b p\u016fvodn\u00edho \u2013 komunistick\u00fdm re\u017eimem zdevastovan\u00e9ho a zcela odstran\u011bn\u00e9ho kostela &#8211; je po cel\u00fd den otev\u0159en k\u00a0n\u00e1v\u0161t\u011bv\u011b a modlitb\u011b, a to od 8:00 do 18:00 (od dubna do<\/p>\n<div><a class=\"fw-btn fw-btn-1 fw-btn-black\" href=\"https:\/\/www.mariahilf.eu\/pl\/prohlidky-poutniho-mista-s-vykladem\/\"><span>Czytaj wi\u0119cej...<\/span><\/a><\/div>","protected":false},"author":2,"featured_media":1141,"parent":0,"menu_order":0,"comment_status":"closed","ping_status":"closed","template":"","meta":{"_acf_changed":false,"footnotes":""},"class_list":["post-1136","page","type-page","status-publish","has-post-thumbnail","hentry"],"acf":[],"yoast_head":"<!-- This site is optimized with the Yoast SEO plugin v26.6 - https:\/\/yoast.com\/wordpress\/plugins\/seo\/ -->\n<title>Prohl\u00eddky poutn\u00edho m\u00edsta s v\u00fdkladem - Maria Hilf - Poutn\u00ed M\u00edsto Panny Marie Pomocn\u00e9<\/title>\n<meta name=\"robots\" content=\"index, follow, max-snippet:-1, max-image-preview:large, max-video-preview:-1\" \/>\n<link rel=\"canonical\" href=\"https:\/\/www.mariahilf.eu\/pl\/prohlidky-poutniho-mista-s-vykladem\/\" \/>\n<meta property=\"og:locale\" content=\"pl_PL\" \/>\n<meta property=\"og:type\" content=\"article\" \/>\n<meta property=\"og:title\" content=\"Prohl\u00eddky poutn\u00edho m\u00edsta s v\u00fdkladem - Maria Hilf - Poutn\u00ed M\u00edsto Panny Marie Pomocn\u00e9\" \/>\n<meta property=\"og:description\" content=\"Mil\u00ed poutn\u00edci a n\u00e1v\u0161t\u011bvn\u00edci &nbsp; srde\u010dn\u011b V\u00e1s zveme na poutn\u00ed m\u00edsto Mariahilf u Zlat\u00fdch Hor zasv\u011bcen\u00e9 Matce Bo\u017e\u00ed Pomocn\u00e9, Ochr\u00e1nkyni \u017eivota. &nbsp; Kostel vybudovan\u00fd v\u00a090. letech na m\u00edst\u011b p\u016fvodn\u00edho \u2013 komunistick\u00fdm re\u017eimem zdevastovan\u00e9ho a zcela odstran\u011bn\u00e9ho kostela &#8211; je po cel\u00fd den otev\u0159en k\u00a0n\u00e1v\u0161t\u011bv\u011b a modlitb\u011b, a to od 8:00 do 18:00 (od dubna doP\u0159e\u010d\u00edst...\" \/>\n<meta property=\"og:url\" content=\"https:\/\/www.mariahilf.eu\/pl\/prohlidky-poutniho-mista-s-vykladem\/\" \/>\n<meta property=\"og:site_name\" content=\"Maria Hilf - Poutn\u00ed M\u00edsto Panny Marie Pomocn\u00e9\" \/>\n<meta property=\"article:publisher\" content=\"https:\/\/www.facebook.com\/pannamariapomocna\/\" \/>\n<meta property=\"article:modified_time\" content=\"2023-08-06T19:29:44+00:00\" \/>\n<meta property=\"og:image\" content=\"http:\/\/www.mariahilf.eu\/wp-content\/uploads\/2018\/12\/zwiedzanie-1024x576.png\" \/>\n\t<meta property=\"og:image:width\" content=\"1024\" \/>\n\t<meta property=\"og:image:height\" content=\"576\" \/>\n\t<meta property=\"og:image:type\" content=\"image\/png\" \/>\n<meta name=\"twitter:card\" content=\"summary_large_image\" \/>\n<script type=\"application\/ld+json\" class=\"yoast-schema-graph\">{\"@context\":\"https:\/\/schema.org\",\"@graph\":[{\"@type\":\"WebPage\",\"@id\":\"https:\/\/www.mariahilf.eu\/prohlidky-poutniho-mista-s-vykladem\/\",\"url\":\"https:\/\/www.mariahilf.eu\/prohlidky-poutniho-mista-s-vykladem\/\",\"name\":\"Prohl\u00eddky poutn\u00edho m\u00edsta s v\u00fdkladem - Maria Hilf - Poutn\u00ed M\u00edsto Panny Marie Pomocn\u00e9\",\"isPartOf\":{\"@id\":\"https:\/\/www.mariahilf.eu\/#website\"},\"primaryImageOfPage\":{\"@id\":\"https:\/\/www.mariahilf.eu\/prohlidky-poutniho-mista-s-vykladem\/#primaryimage\"},\"image\":{\"@id\":\"https:\/\/www.mariahilf.eu\/prohlidky-poutniho-mista-s-vykladem\/#primaryimage\"},\"thumbnailUrl\":\"https:\/\/i0.wp.com\/www.mariahilf.eu\/wp-content\/uploads\/2018\/12\/zwiedzanie.png?fit=1920%2C1080&ssl=1\",\"datePublished\":\"2018-12-08T15:16:14+00:00\",\"dateModified\":\"2023-08-06T19:29:44+00:00\",\"breadcrumb\":{\"@id\":\"https:\/\/www.mariahilf.eu\/prohlidky-poutniho-mista-s-vykladem\/#breadcrumb\"},\"inLanguage\":\"pl-PL\",\"potentialAction\":[{\"@type\":\"ReadAction\",\"target\":[\"https:\/\/www.mariahilf.eu\/prohlidky-poutniho-mista-s-vykladem\/\"]}]},{\"@type\":\"ImageObject\",\"inLanguage\":\"pl-PL\",\"@id\":\"https:\/\/www.mariahilf.eu\/prohlidky-poutniho-mista-s-vykladem\/#primaryimage\",\"url\":\"https:\/\/i0.wp.com\/www.mariahilf.eu\/wp-content\/uploads\/2018\/12\/zwiedzanie.png?fit=1920%2C1080&ssl=1\",\"contentUrl\":\"https:\/\/i0.wp.com\/www.mariahilf.eu\/wp-content\/uploads\/2018\/12\/zwiedzanie.png?fit=1920%2C1080&ssl=1\",\"width\":1920,\"height\":1080},{\"@type\":\"BreadcrumbList\",\"@id\":\"https:\/\/www.mariahilf.eu\/prohlidky-poutniho-mista-s-vykladem\/#breadcrumb\",\"itemListElement\":[{\"@type\":\"ListItem\",\"position\":1,\"name\":\"Strona g\u0142\u00f3wna\",\"item\":\"https:\/\/www.mariahilf.eu\/\"},{\"@type\":\"ListItem\",\"position\":2,\"name\":\"Prohl\u00eddky poutn\u00edho m\u00edsta s v\u00fdkladem\"}]},{\"@type\":\"WebSite\",\"@id\":\"https:\/\/www.mariahilf.eu\/#website\",\"url\":\"https:\/\/www.mariahilf.eu\/\",\"name\":\"Maria Hilf - Poutn\u00ed M\u00edsto Panny Marie Pomocn\u00e9\",\"description\":\"Duchovn\u00ed spr\u00e1va poutn\u00edho m\u00edsta Panny Marie Pomocn\u00e9\",\"publisher\":{\"@id\":\"https:\/\/www.mariahilf.eu\/#organization\"},\"potentialAction\":[{\"@type\":\"SearchAction\",\"target\":{\"@type\":\"EntryPoint\",\"urlTemplate\":\"https:\/\/www.mariahilf.eu\/?s={search_term_string}\"},\"query-input\":{\"@type\":\"PropertyValueSpecification\",\"valueRequired\":true,\"valueName\":\"search_term_string\"}}],\"inLanguage\":\"pl-PL\"},{\"@type\":\"Organization\",\"@id\":\"https:\/\/www.mariahilf.eu\/#organization\",\"name\":\"Parafia Matki Bo\u017cej Cz\u0119stochowskiej w Knurowie\",\"url\":\"https:\/\/www.mariahilf.eu\/\",\"logo\":{\"@type\":\"ImageObject\",\"inLanguage\":\"pl-PL\",\"@id\":\"https:\/\/www.mariahilf.eu\/#\/schema\/logo\/image\/\",\"url\":\"https:\/\/i0.wp.com\/www.mariahilf.eu\/wp-content\/uploads\/2018\/08\/logo_web_300x348.png?fit=300%2C348&ssl=1\",\"contentUrl\":\"https:\/\/i0.wp.com\/www.mariahilf.eu\/wp-content\/uploads\/2018\/08\/logo_web_300x348.png?fit=300%2C348&ssl=1\",\"width\":300,\"height\":348,\"caption\":\"Parafia Matki Bo\u017cej Cz\u0119stochowskiej w Knurowie\"},\"image\":{\"@id\":\"https:\/\/www.mariahilf.eu\/#\/schema\/logo\/image\/\"},\"sameAs\":[\"https:\/\/www.facebook.com\/pannamariapomocna\/\"]}]}<\/script>\n<!-- \/ Yoast SEO plugin. -->","yoast_head_json":{"title":"Prohl\u00eddky poutn\u00edho m\u00edsta s v\u00fdkladem - Maria Hilf - Poutn\u00ed M\u00edsto Panny Marie Pomocn\u00e9","robots":{"index":"index","follow":"follow","max-snippet":"max-snippet:-1","max-image-preview":"max-image-preview:large","max-video-preview":"max-video-preview:-1"},"canonical":"https:\/\/www.mariahilf.eu\/pl\/prohlidky-poutniho-mista-s-vykladem\/","og_locale":"pl_PL","og_type":"article","og_title":"Prohl\u00eddky poutn\u00edho m\u00edsta s v\u00fdkladem - Maria Hilf - Poutn\u00ed M\u00edsto Panny Marie Pomocn\u00e9","og_description":"Mil\u00ed poutn\u00edci a n\u00e1v\u0161t\u011bvn\u00edci &nbsp; srde\u010dn\u011b V\u00e1s zveme na poutn\u00ed m\u00edsto Mariahilf u Zlat\u00fdch Hor zasv\u011bcen\u00e9 Matce Bo\u017e\u00ed Pomocn\u00e9, Ochr\u00e1nkyni \u017eivota. &nbsp; Kostel vybudovan\u00fd v\u00a090. letech na m\u00edst\u011b p\u016fvodn\u00edho \u2013 komunistick\u00fdm re\u017eimem zdevastovan\u00e9ho a zcela odstran\u011bn\u00e9ho kostela &#8211; je po cel\u00fd den otev\u0159en k\u00a0n\u00e1v\u0161t\u011bv\u011b a modlitb\u011b, a to od 8:00 do 18:00 (od dubna doP\u0159e\u010d\u00edst...","og_url":"https:\/\/www.mariahilf.eu\/pl\/prohlidky-poutniho-mista-s-vykladem\/","og_site_name":"Maria Hilf - Poutn\u00ed M\u00edsto Panny Marie Pomocn\u00e9","article_publisher":"https:\/\/www.facebook.com\/pannamariapomocna\/","article_modified_time":"2023-08-06T19:29:44+00:00","og_image":[{"width":1024,"height":576,"url":"http:\/\/www.mariahilf.eu\/wp-content\/uploads\/2018\/12\/zwiedzanie-1024x576.png","type":"image\/png"}],"twitter_card":"summary_large_image","schema":{"@context":"https:\/\/schema.org","@graph":[{"@type":"WebPage","@id":"https:\/\/www.mariahilf.eu\/prohlidky-poutniho-mista-s-vykladem\/","url":"https:\/\/www.mariahilf.eu\/prohlidky-poutniho-mista-s-vykladem\/","name":"Prohl\u00eddky poutn\u00edho m\u00edsta s v\u00fdkladem - Maria Hilf - Poutn\u00ed M\u00edsto Panny Marie Pomocn\u00e9","isPartOf":{"@id":"https:\/\/www.mariahilf.eu\/#website"},"primaryImageOfPage":{"@id":"https:\/\/www.mariahilf.eu\/prohlidky-poutniho-mista-s-vykladem\/#primaryimage"},"image":{"@id":"https:\/\/www.mariahilf.eu\/prohlidky-poutniho-mista-s-vykladem\/#primaryimage"},"thumbnailUrl":"https:\/\/i0.wp.com\/www.mariahilf.eu\/wp-content\/uploads\/2018\/12\/zwiedzanie.png?fit=1920%2C1080&ssl=1","datePublished":"2018-12-08T15:16:14+00:00","dateModified":"2023-08-06T19:29:44+00:00","breadcrumb":{"@id":"https:\/\/www.mariahilf.eu\/prohlidky-poutniho-mista-s-vykladem\/#breadcrumb"},"inLanguage":"pl-PL","potentialAction":[{"@type":"ReadAction","target":["https:\/\/www.mariahilf.eu\/prohlidky-poutniho-mista-s-vykladem\/"]}]},{"@type":"ImageObject","inLanguage":"pl-PL","@id":"https:\/\/www.mariahilf.eu\/prohlidky-poutniho-mista-s-vykladem\/#primaryimage","url":"https:\/\/i0.wp.com\/www.mariahilf.eu\/wp-content\/uploads\/2018\/12\/zwiedzanie.png?fit=1920%2C1080&ssl=1","contentUrl":"https:\/\/i0.wp.com\/www.mariahilf.eu\/wp-content\/uploads\/2018\/12\/zwiedzanie.png?fit=1920%2C1080&ssl=1","width":1920,"height":1080},{"@type":"BreadcrumbList","@id":"https:\/\/www.mariahilf.eu\/prohlidky-poutniho-mista-s-vykladem\/#breadcrumb","itemListElement":[{"@type":"ListItem","position":1,"name":"Strona g\u0142\u00f3wna","item":"https:\/\/www.mariahilf.eu\/"},{"@type":"ListItem","position":2,"name":"Prohl\u00eddky poutn\u00edho m\u00edsta s v\u00fdkladem"}]},{"@type":"WebSite","@id":"https:\/\/www.mariahilf.eu\/#website","url":"https:\/\/www.mariahilf.eu\/","name":"Maria Hilf - Poutn\u00ed M\u00edsto Panny Marie Pomocn\u00e9","description":"Duchowa administracja miejsca pielgrzymek Naj\u015bwi\u0119tszej Maryi Panny Pomocniczej","publisher":{"@id":"https:\/\/www.mariahilf.eu\/#organization"},"potentialAction":[{"@type":"SearchAction","target":{"@type":"EntryPoint","urlTemplate":"https:\/\/www.mariahilf.eu\/?s={search_term_string}"},"query-input":{"@type":"PropertyValueSpecification","valueRequired":true,"valueName":"search_term_string"}}],"inLanguage":"pl-PL"},{"@type":"Organization","@id":"https:\/\/www.mariahilf.eu\/#organization","name":"Parafia Matki Bo\u017cej Cz\u0119stochowskiej w Knurowie","url":"https:\/\/www.mariahilf.eu\/","logo":{"@type":"ImageObject","inLanguage":"pl-PL","@id":"https:\/\/www.mariahilf.eu\/#\/schema\/logo\/image\/","url":"https:\/\/i0.wp.com\/www.mariahilf.eu\/wp-content\/uploads\/2018\/08\/logo_web_300x348.png?fit=300%2C348&ssl=1","contentUrl":"https:\/\/i0.wp.com\/www.mariahilf.eu\/wp-content\/uploads\/2018\/08\/logo_web_300x348.png?fit=300%2C348&ssl=1","width":300,"height":348,"caption":"Parafia Matki Bo\u017cej Cz\u0119stochowskiej w Knurowie"},"image":{"@id":"https:\/\/www.mariahilf.eu\/#\/schema\/logo\/image\/"},"sameAs":["https:\/\/www.facebook.com\/pannamariapomocna\/"]}]}},"jetpack_shortlink":"https:\/\/wp.me\/PaKJZm-ik","jetpack_sharing_enabled":true,"_links":{"self":[{"href":"https:\/\/www.mariahilf.eu\/pl\/wp-json\/wp\/v2\/pages\/1136","targetHints":{"allow":["GET"]}}],"collection":[{"href":"https:\/\/www.mariahilf.eu\/pl\/wp-json\/wp\/v2\/pages"}],"about":[{"href":"https:\/\/www.mariahilf.eu\/pl\/wp-json\/wp\/v2\/types\/page"}],"author":[{"embeddable":true,"href":"https:\/\/www.mariahilf.eu\/pl\/wp-json\/wp\/v2\/users\/2"}],"replies":[{"embeddable":true,"href":"https:\/\/www.mariahilf.eu\/pl\/wp-json\/wp\/v2\/comments?post=1136"}],"version-history":[{"count":11,"href":"https:\/\/www.mariahilf.eu\/pl\/wp-json\/wp\/v2\/pages\/1136\/revisions"}],"predecessor-version":[{"id":2364,"href":"https:\/\/www.mariahilf.eu\/pl\/wp-json\/wp\/v2\/pages\/1136\/revisions\/2364"}],"wp:featuredmedia":[{"embeddable":true,"href":"https:\/\/www.mariahilf.eu\/pl\/wp-json\/wp\/v2\/media\/1141"}],"wp:attachment":[{"href":"https:\/\/www.mariahilf.eu\/pl\/wp-json\/wp\/v2\/media?parent=1136"}],"curies":[{"name":"wp","href":"https:\/\/api.w.org\/{rel}","templated":true}]}}