{"id":2734,"date":"2023-09-22T09:26:13","date_gmt":"2023-09-22T07:26:13","guid":{"rendered":"https:\/\/www.mariahilf.eu\/?page_id=2734"},"modified":"2023-09-22T09:42:17","modified_gmt":"2023-09-22T07:42:17","slug":"historie-1994","status":"publish","type":"page","link":"https:\/\/www.mariahilf.eu\/pl\/historie\/historie-1994\/","title":{"rendered":"Historia - 1994"},"content":{"rendered":"<div data-elementor-type=\"wp-page\" data-elementor-id=\"2734\" class=\"elementor elementor-2734\" data-elementor-post-type=\"page\">\n\t\t\t\t\t\t<section class=\"elementor-section elementor-top-section elementor-element elementor-element-df650ff elementor-section-boxed elementor-section-height-default elementor-section-height-default\" data-id=\"df650ff\" data-element_type=\"section\" data-e-type=\"section\">\n\t\t\t\t\t\t<div class=\"elementor-container elementor-column-gap-default\">\n\t\t\t\t\t<div class=\"elementor-column elementor-col-100 elementor-top-column elementor-element elementor-element-35ea128\" data-id=\"35ea128\" data-element_type=\"column\" data-e-type=\"column\">\n\t\t\t<div class=\"elementor-widget-wrap elementor-element-populated\">\n\t\t\t\t\t\t<div class=\"elementor-element elementor-element-4e2a12c elementor-widget elementor-widget-heading\" data-id=\"4e2a12c\" data-element_type=\"widget\" data-e-type=\"widget\" data-widget_type=\"heading.default\">\n\t\t\t\t<div class=\"elementor-widget-container\">\n\t\t\t\t\t<h1 class=\"elementor-heading-title elementor-size-default\">Prace budowlane<\/h1>\t\t\t\t<\/div>\n\t\t\t\t<\/div>\n\t\t\t\t<div class=\"elementor-element elementor-element-2242ba5 elementor-widget-divider--view-line elementor-widget elementor-widget-divider\" data-id=\"2242ba5\" data-element_type=\"widget\" data-e-type=\"widget\" data-widget_type=\"divider.default\">\n\t\t\t\t<div class=\"elementor-widget-container\">\n\t\t\t\t\t\t\t<div class=\"elementor-divider\">\n\t\t\t<span class=\"elementor-divider-separator\">\n\t\t\t\t\t\t<\/span>\n\t\t<\/div>\n\t\t\t\t\t\t<\/div>\n\t\t\t\t<\/div>\n\t\t\t\t<div class=\"elementor-element elementor-element-6f80f9b elementor-arrows-position-inside elementor-pagination-position-outside elementor-widget elementor-widget-image-carousel\" data-id=\"6f80f9b\" data-element_type=\"widget\" data-e-type=\"widget\" data-settings=\"{&quot;slides_to_show&quot;:&quot;5&quot;,&quot;autoplay_speed&quot;:4000,&quot;navigation&quot;:&quot;both&quot;,&quot;autoplay&quot;:&quot;yes&quot;,&quot;pause_on_hover&quot;:&quot;yes&quot;,&quot;pause_on_interaction&quot;:&quot;yes&quot;,&quot;infinite&quot;:&quot;yes&quot;,&quot;speed&quot;:500}\" data-widget_type=\"image-carousel.default\">\n\t\t\t\t<div class=\"elementor-widget-container\">\n\t\t\t\t\t\t\t<div class=\"elementor-image-carousel-wrapper swiper\" role=\"region\" aria-roledescription=\"carousel\" aria-label=\"Karuzela obrazk\u00f3w\" dir=\"ltr\">\n\t\t\t<div class=\"elementor-image-carousel swiper-wrapper\" aria-live=\"off\">\n\t\t\t\t\t\t\t\t<div class=\"swiper-slide\" role=\"group\" aria-roledescription=\"slide\" aria-label=\"1 z 6\" data-no-translation-aria-label=\"\"><a data-elementor-open-lightbox=\"yes\" data-elementor-lightbox-slideshow=\"6f80f9b\" data-e-action-hash=\"#elementor-action%3Aaction%3Dlightbox%26settings%3DeyJpZCI6Mjc0MCwidXJsIjoiaHR0cHM6XC9cL3d3dy5tYXJpYWhpbGYuZXVcL3dwLWNvbnRlbnRcL3VwbG9hZHNcLzIwMjNcLzA5XC9NYXJpYUhpbGZfMTk5NC00LXNjYWxlZC5qcGciLCJzbGlkZXNob3ciOiI2ZjgwZjliIn0%3D\" href=\"https:\/\/i0.wp.com\/www.mariahilf.eu\/wp-content\/uploads\/2023\/09\/MariaHilf_1994-4-scaled.jpg?ssl=1\"><figure class=\"swiper-slide-inner\"><img decoding=\"async\" class=\"swiper-slide-image\" src=\"https:\/\/i0.wp.com\/www.mariahilf.eu\/wp-content\/uploads\/2023\/09\/MariaHilf_1994-4-scaled.jpg?resize=150%2C150&amp;ssl=1\" alt=\"\" \/><\/figure><\/a><\/div><div class=\"swiper-slide\" role=\"group\" aria-roledescription=\"slide\" aria-label=\"2 z 6\" data-no-translation-aria-label=\"\"><a data-elementor-open-lightbox=\"yes\" data-elementor-lightbox-slideshow=\"6f80f9b\" data-e-action-hash=\"#elementor-action%3Aaction%3Dlightbox%26settings%3DeyJpZCI6MjczOCwidXJsIjoiaHR0cHM6XC9cL3d3dy5tYXJpYWhpbGYuZXVcL3dwLWNvbnRlbnRcL3VwbG9hZHNcLzIwMjNcLzA5XC9NYXJpYUhpbGZfMTk5NC0yLmpwZyIsInNsaWRlc2hvdyI6IjZmODBmOWIifQ%3D%3D\" href=\"https:\/\/i0.wp.com\/www.mariahilf.eu\/wp-content\/uploads\/2023\/09\/MariaHilf_1994-2.jpg?ssl=1\"><figure class=\"swiper-slide-inner\"><img decoding=\"async\" class=\"swiper-slide-image\" src=\"https:\/\/i0.wp.com\/www.mariahilf.eu\/wp-content\/uploads\/2023\/09\/MariaHilf_1994-2.jpg?resize=150%2C150&amp;ssl=1\" alt=\"\" \/><\/figure><\/a><\/div><div class=\"swiper-slide\" role=\"group\" aria-roledescription=\"slide\" aria-label=\"3 z 6\" data-no-translation-aria-label=\"\"><a data-elementor-open-lightbox=\"yes\" data-elementor-lightbox-slideshow=\"6f80f9b\" data-e-action-hash=\"#elementor-action%3Aaction%3Dlightbox%26settings%3DeyJpZCI6MjczNywidXJsIjoiaHR0cHM6XC9cL3d3dy5tYXJpYWhpbGYuZXVcL3dwLWNvbnRlbnRcL3VwbG9hZHNcLzIwMjNcLzA5XC9NYXJpYUhpbGZfMTk5NC0xLXNjYWxlZC5qcGciLCJzbGlkZXNob3ciOiI2ZjgwZjliIn0%3D\" href=\"https:\/\/i0.wp.com\/www.mariahilf.eu\/wp-content\/uploads\/2023\/09\/MariaHilf_1994-1-scaled.jpg?ssl=1\"><figure class=\"swiper-slide-inner\"><img decoding=\"async\" class=\"swiper-slide-image\" src=\"https:\/\/i0.wp.com\/www.mariahilf.eu\/wp-content\/uploads\/2023\/09\/MariaHilf_1994-1-scaled.jpg?resize=150%2C150&amp;ssl=1\" alt=\"\" \/><\/figure><\/a><\/div><div class=\"swiper-slide\" role=\"group\" aria-roledescription=\"slide\" aria-label=\"4 z 6\" data-no-translation-aria-label=\"\"><a data-elementor-open-lightbox=\"yes\" data-elementor-lightbox-slideshow=\"6f80f9b\" data-e-action-hash=\"#elementor-action%3Aaction%3Dlightbox%26settings%3DeyJpZCI6MjczOSwidXJsIjoiaHR0cHM6XC9cL3d3dy5tYXJpYWhpbGYuZXVcL3dwLWNvbnRlbnRcL3VwbG9hZHNcLzIwMjNcLzA5XC9NYXJpYUhpbGZfMTk5NC0zLmpwZyIsInNsaWRlc2hvdyI6IjZmODBmOWIifQ%3D%3D\" href=\"https:\/\/i0.wp.com\/www.mariahilf.eu\/wp-content\/uploads\/2023\/09\/MariaHilf_1994-3.jpg?ssl=1\"><figure class=\"swiper-slide-inner\"><img decoding=\"async\" class=\"swiper-slide-image\" src=\"https:\/\/i0.wp.com\/www.mariahilf.eu\/wp-content\/uploads\/2023\/09\/MariaHilf_1994-3.jpg?resize=150%2C150&amp;ssl=1\" alt=\"\" \/><\/figure><\/a><\/div><div class=\"swiper-slide\" role=\"group\" aria-roledescription=\"slide\" aria-label=\"5 z 6\" data-no-translation-aria-label=\"\"><a data-elementor-open-lightbox=\"yes\" data-elementor-lightbox-slideshow=\"6f80f9b\" data-e-action-hash=\"#elementor-action%3Aaction%3Dlightbox%26settings%3DeyJpZCI6Mjc0MSwidXJsIjoiaHR0cHM6XC9cL3d3dy5tYXJpYWhpbGYuZXVcL3dwLWNvbnRlbnRcL3VwbG9hZHNcLzIwMjNcLzA5XC9NYXJpYUhpbGZfMTk5NC05LXNjYWxlZC5qcGciLCJzbGlkZXNob3ciOiI2ZjgwZjliIn0%3D\" href=\"https:\/\/i0.wp.com\/www.mariahilf.eu\/wp-content\/uploads\/2023\/09\/MariaHilf_1994-9-scaled.jpg?ssl=1\"><figure class=\"swiper-slide-inner\"><img decoding=\"async\" class=\"swiper-slide-image\" src=\"https:\/\/i0.wp.com\/www.mariahilf.eu\/wp-content\/uploads\/2023\/09\/MariaHilf_1994-9-scaled.jpg?resize=150%2C150&amp;ssl=1\" alt=\"\" \/><\/figure><\/a><\/div><div class=\"swiper-slide\" role=\"group\" aria-roledescription=\"slide\" aria-label=\"6 z 6\" data-no-translation-aria-label=\"\"><a data-elementor-open-lightbox=\"yes\" data-elementor-lightbox-slideshow=\"6f80f9b\" data-e-action-hash=\"#elementor-action%3Aaction%3Dlightbox%26settings%3DeyJpZCI6Mjc0MiwidXJsIjoiaHR0cHM6XC9cL3d3dy5tYXJpYWhpbGYuZXVcL3dwLWNvbnRlbnRcL3VwbG9hZHNcLzIwMjNcLzA5XC9NYXJpYUhpbGZfMTk5NC0xMC1zY2FsZWQuanBnIiwic2xpZGVzaG93IjoiNmY4MGY5YiJ9\" href=\"https:\/\/i0.wp.com\/www.mariahilf.eu\/wp-content\/uploads\/2023\/09\/MariaHilf_1994-10-scaled.jpg?ssl=1\"><figure class=\"swiper-slide-inner\"><img decoding=\"async\" class=\"swiper-slide-image\" src=\"https:\/\/i0.wp.com\/www.mariahilf.eu\/wp-content\/uploads\/2023\/09\/MariaHilf_1994-10-scaled.jpg?resize=150%2C150&amp;ssl=1\" alt=\"\" \/><\/figure><\/a><\/div>\t\t\t<\/div>\n\t\t\t\t\t\t\t\t\t\t\t\t<div class=\"elementor-swiper-button elementor-swiper-button-prev\" role=\"button\" tabindex=\"0\">\n\t\t\t\t\t\t<i aria-hidden=\"true\" class=\"eicon-chevron-left\"><\/i>\t\t\t\t\t<\/div>\n\t\t\t\t\t<div class=\"elementor-swiper-button elementor-swiper-button-next\" role=\"button\" tabindex=\"0\">\n\t\t\t\t\t\t<i aria-hidden=\"true\" class=\"eicon-chevron-right\"><\/i>\t\t\t\t\t<\/div>\n\t\t\t\t\n\t\t\t\t\t\t\t\t\t<div class=\"swiper-pagination\"><\/div>\n\t\t\t\t\t\t\t\t\t<\/div>\n\t\t\t\t\t\t<\/div>\n\t\t\t\t<\/div>\n\t\t\t\t\t<\/div>\n\t\t<\/div>\n\t\t\t\t\t<\/div>\n\t\t<\/section>\n\t\t\t\t<section class=\"elementor-section elementor-top-section elementor-element elementor-element-88acc94 elementor-section-boxed elementor-section-height-default elementor-section-height-default\" data-id=\"88acc94\" data-element_type=\"section\" data-e-type=\"section\">\n\t\t\t\t\t\t<div class=\"elementor-container elementor-column-gap-default\">\n\t\t\t\t\t<div class=\"elementor-column elementor-col-100 elementor-top-column elementor-element elementor-element-928a3a9\" data-id=\"928a3a9\" data-element_type=\"column\" data-e-type=\"column\">\n\t\t\t<div class=\"elementor-widget-wrap elementor-element-populated\">\n\t\t\t\t\t\t<div class=\"elementor-element elementor-element-7673d0d elementor-widget elementor-widget-heading\" data-id=\"7673d0d\" data-element_type=\"widget\" data-e-type=\"widget\" data-widget_type=\"heading.default\">\n\t\t\t\t<div class=\"elementor-widget-container\">\n\t\t\t\t\t<h1 class=\"elementor-heading-title elementor-size-default\">G\u0142\u00f3wna Pielgrzymka 1994<\/h1>\t\t\t\t<\/div>\n\t\t\t\t<\/div>\n\t\t\t\t<div class=\"elementor-element elementor-element-ed34f61 elementor-widget-divider--view-line elementor-widget elementor-widget-divider\" data-id=\"ed34f61\" data-element_type=\"widget\" data-e-type=\"widget\" data-widget_type=\"divider.default\">\n\t\t\t\t<div class=\"elementor-widget-container\">\n\t\t\t\t\t\t\t<div class=\"elementor-divider\">\n\t\t\t<span class=\"elementor-divider-separator\">\n\t\t\t\t\t\t<\/span>\n\t\t<\/div>\n\t\t\t\t\t\t<\/div>\n\t\t\t\t<\/div>\n\t\t\t\t<div class=\"elementor-element elementor-element-2d62e16 elementor-arrows-position-inside elementor-pagination-position-outside elementor-widget elementor-widget-image-carousel\" data-id=\"2d62e16\" data-element_type=\"widget\" data-e-type=\"widget\" data-settings=\"{&quot;slides_to_show&quot;:&quot;4&quot;,&quot;autoplay_speed&quot;:4000,&quot;navigation&quot;:&quot;both&quot;,&quot;autoplay&quot;:&quot;yes&quot;,&quot;pause_on_hover&quot;:&quot;yes&quot;,&quot;pause_on_interaction&quot;:&quot;yes&quot;,&quot;infinite&quot;:&quot;yes&quot;,&quot;speed&quot;:500}\" data-widget_type=\"image-carousel.default\">\n\t\t\t\t<div class=\"elementor-widget-container\">\n\t\t\t\t\t\t\t<div class=\"elementor-image-carousel-wrapper swiper\" role=\"region\" aria-roledescription=\"carousel\" aria-label=\"Karuzela obrazk\u00f3w\" dir=\"ltr\">\n\t\t\t<div class=\"elementor-image-carousel swiper-wrapper\" aria-live=\"off\">\n\t\t\t\t\t\t\t\t<div class=\"swiper-slide\" role=\"group\" aria-roledescription=\"slide\" aria-label=\"1 z 4\" data-no-translation-aria-label=\"\"><a data-elementor-open-lightbox=\"yes\" data-elementor-lightbox-slideshow=\"2d62e16\" data-e-action-hash=\"#elementor-action%3Aaction%3Dlightbox%26settings%3DeyJpZCI6Mjc0MywidXJsIjoiaHR0cHM6XC9cL3d3dy5tYXJpYWhpbGYuZXVcL3dwLWNvbnRlbnRcL3VwbG9hZHNcLzIwMjNcLzA5XC9NYXJpYUhpbGZfMTk5NC01LXNjYWxlZC5qcGciLCJzbGlkZXNob3ciOiIyZDYyZTE2In0%3D\" href=\"https:\/\/i0.wp.com\/www.mariahilf.eu\/wp-content\/uploads\/2023\/09\/MariaHilf_1994-5-scaled.jpg?ssl=1\"><figure class=\"swiper-slide-inner\"><img decoding=\"async\" class=\"swiper-slide-image\" src=\"https:\/\/i0.wp.com\/www.mariahilf.eu\/wp-content\/uploads\/2023\/09\/MariaHilf_1994-5-scaled.jpg?resize=150%2C150&amp;ssl=1\" alt=\"\" \/><\/figure><\/a><\/div><div class=\"swiper-slide\" role=\"group\" aria-roledescription=\"slide\" aria-label=\"2 z 4\" data-no-translation-aria-label=\"\"><a data-elementor-open-lightbox=\"yes\" data-elementor-lightbox-slideshow=\"2d62e16\" data-e-action-hash=\"#elementor-action%3Aaction%3Dlightbox%26settings%3DeyJpZCI6Mjc0NCwidXJsIjoiaHR0cHM6XC9cL3d3dy5tYXJpYWhpbGYuZXVcL3dwLWNvbnRlbnRcL3VwbG9hZHNcLzIwMjNcLzA5XC9NYXJpYUhpbGZfMTk5NC02LmpwZyIsInNsaWRlc2hvdyI6IjJkNjJlMTYifQ%3D%3D\" href=\"https:\/\/i0.wp.com\/www.mariahilf.eu\/wp-content\/uploads\/2023\/09\/MariaHilf_1994-6.jpg?ssl=1\"><figure class=\"swiper-slide-inner\"><img decoding=\"async\" class=\"swiper-slide-image\" src=\"https:\/\/i0.wp.com\/www.mariahilf.eu\/wp-content\/uploads\/2023\/09\/MariaHilf_1994-6.jpg?resize=150%2C150&amp;ssl=1\" alt=\"\" \/><\/figure><\/a><\/div><div class=\"swiper-slide\" role=\"group\" aria-roledescription=\"slide\" aria-label=\"3 z 4\" data-no-translation-aria-label=\"\"><a data-elementor-open-lightbox=\"yes\" data-elementor-lightbox-slideshow=\"2d62e16\" data-e-action-hash=\"#elementor-action%3Aaction%3Dlightbox%26settings%3DeyJpZCI6Mjc0NSwidXJsIjoiaHR0cHM6XC9cL3d3dy5tYXJpYWhpbGYuZXVcL3dwLWNvbnRlbnRcL3VwbG9hZHNcLzIwMjNcLzA5XC9NYXJpYUhpbGZfMTk5NC03LXNjYWxlZC5qcGciLCJzbGlkZXNob3ciOiIyZDYyZTE2In0%3D\" href=\"https:\/\/i0.wp.com\/www.mariahilf.eu\/wp-content\/uploads\/2023\/09\/MariaHilf_1994-7-scaled.jpg?ssl=1\"><figure class=\"swiper-slide-inner\"><img decoding=\"async\" class=\"swiper-slide-image\" src=\"https:\/\/i0.wp.com\/www.mariahilf.eu\/wp-content\/uploads\/2023\/09\/MariaHilf_1994-7-scaled.jpg?resize=150%2C150&amp;ssl=1\" alt=\"\" \/><\/figure><\/a><\/div><div class=\"swiper-slide\" role=\"group\" aria-roledescription=\"slide\" aria-label=\"4 z 4\" data-no-translation-aria-label=\"\"><a data-elementor-open-lightbox=\"yes\" data-elementor-lightbox-slideshow=\"2d62e16\" data-e-action-hash=\"#elementor-action%3Aaction%3Dlightbox%26settings%3DeyJpZCI6Mjc0NiwidXJsIjoiaHR0cHM6XC9cL3d3dy5tYXJpYWhpbGYuZXVcL3dwLWNvbnRlbnRcL3VwbG9hZHNcLzIwMjNcLzA5XC9NYXJpYUhpbGZfMTk5NC04LXNjYWxlZC5qcGciLCJzbGlkZXNob3ciOiIyZDYyZTE2In0%3D\" href=\"https:\/\/i0.wp.com\/www.mariahilf.eu\/wp-content\/uploads\/2023\/09\/MariaHilf_1994-8-scaled.jpg?ssl=1\"><figure class=\"swiper-slide-inner\"><img decoding=\"async\" class=\"swiper-slide-image\" src=\"https:\/\/i0.wp.com\/www.mariahilf.eu\/wp-content\/uploads\/2023\/09\/MariaHilf_1994-8-scaled.jpg?resize=150%2C150&amp;ssl=1\" alt=\"\" \/><\/figure><\/a><\/div>\t\t\t<\/div>\n\t\t\t\t\t\t\t\t\t\t\t\t<div class=\"elementor-swiper-button elementor-swiper-button-prev\" role=\"button\" tabindex=\"0\">\n\t\t\t\t\t\t<i aria-hidden=\"true\" class=\"eicon-chevron-left\"><\/i>\t\t\t\t\t<\/div>\n\t\t\t\t\t<div class=\"elementor-swiper-button elementor-swiper-button-next\" role=\"button\" tabindex=\"0\">\n\t\t\t\t\t\t<i aria-hidden=\"true\" class=\"eicon-chevron-right\"><\/i>\t\t\t\t\t<\/div>\n\t\t\t\t\n\t\t\t\t\t\t\t\t\t<div class=\"swiper-pagination\"><\/div>\n\t\t\t\t\t\t\t\t\t<\/div>\n\t\t\t\t\t\t<\/div>\n\t\t\t\t<\/div>\n\t\t\t\t\t<\/div>\n\t\t<\/div>\n\t\t\t\t\t<\/div>\n\t\t<\/section>\n\t\t\t\t<\/div>","protected":false},"excerpt":{"rendered":"<p>Konstruk\u010dn\u00ed pr\u00e1ce &nbsp; &nbsp; &nbsp; &nbsp; &nbsp; &nbsp; &nbsp; Hlavn\u00ed pou\u0165 1994 &nbsp; &nbsp; &nbsp; &nbsp; &nbsp;<\/p>","protected":false},"author":2,"featured_media":2742,"parent":705,"menu_order":0,"comment_status":"closed","ping_status":"closed","template":"","meta":{"_acf_changed":false,"footnotes":""},"class_list":["post-2734","page","type-page","status-publish","has-post-thumbnail","hentry"],"acf":[],"yoast_head":"<!-- This site is optimized with the Yoast SEO plugin v27.4 - https:\/\/yoast.com\/product\/yoast-seo-wordpress\/ -->\n<title>Historie - 1994 - Maria Hilf - Poutn\u00ed M\u00edsto Panny Marie Pomocn\u00e9<\/title>\n<meta name=\"robots\" content=\"index, follow, max-snippet:-1, max-image-preview:large, max-video-preview:-1\" \/>\n<link rel=\"canonical\" href=\"https:\/\/www.mariahilf.eu\/pl\/historie\/historie-1994\/\" \/>\n<meta property=\"og:locale\" content=\"pl_PL\" \/>\n<meta property=\"og:type\" content=\"article\" \/>\n<meta property=\"og:title\" content=\"Historie - 1994 - Maria Hilf - Poutn\u00ed M\u00edsto Panny Marie Pomocn\u00e9\" \/>\n<meta property=\"og:description\" content=\"Konstruk\u010dn\u00ed pr\u00e1ce &nbsp; &nbsp; &nbsp; &nbsp; &nbsp; &nbsp; &nbsp; Hlavn\u00ed pou\u0165 1994 &nbsp; &nbsp; &nbsp; &nbsp; &nbsp;\" \/>\n<meta property=\"og:url\" content=\"https:\/\/www.mariahilf.eu\/pl\/historie\/historie-1994\/\" \/>\n<meta property=\"og:site_name\" content=\"Maria Hilf - Poutn\u00ed M\u00edsto Panny Marie Pomocn\u00e9\" \/>\n<meta property=\"article:publisher\" content=\"https:\/\/www.facebook.com\/pannamariapomocna\/\" \/>\n<meta property=\"article:modified_time\" content=\"2023-09-22T07:42:17+00:00\" \/>\n<meta property=\"og:image\" content=\"https:\/\/www.mariahilf.eu\/wp-content\/uploads\/2023\/09\/MariaHilf_1994-10-scaled.jpg\" \/>\n\t<meta property=\"og:image:width\" content=\"2560\" \/>\n\t<meta property=\"og:image:height\" content=\"1697\" \/>\n\t<meta property=\"og:image:type\" content=\"image\/jpeg\" \/>\n<meta name=\"twitter:card\" content=\"summary_large_image\" \/>\n<script type=\"application\/ld+json\" class=\"yoast-schema-graph\">{\"@context\":\"https:\\\/\\\/schema.org\",\"@graph\":[{\"@type\":\"WebPage\",\"@id\":\"https:\\\/\\\/www.mariahilf.eu\\\/historie\\\/historie-1994\\\/\",\"url\":\"https:\\\/\\\/www.mariahilf.eu\\\/historie\\\/historie-1994\\\/\",\"name\":\"Historie - 1994 - Maria Hilf - Poutn\u00ed M\u00edsto Panny Marie Pomocn\u00e9\",\"isPartOf\":{\"@id\":\"https:\\\/\\\/www.mariahilf.eu\\\/#website\"},\"primaryImageOfPage\":{\"@id\":\"https:\\\/\\\/www.mariahilf.eu\\\/historie\\\/historie-1994\\\/#primaryimage\"},\"image\":{\"@id\":\"https:\\\/\\\/www.mariahilf.eu\\\/historie\\\/historie-1994\\\/#primaryimage\"},\"thumbnailUrl\":\"https:\\\/\\\/i0.wp.com\\\/www.mariahilf.eu\\\/wp-content\\\/uploads\\\/2023\\\/09\\\/MariaHilf_1994-10-scaled.jpg?fit=2560%2C1697&ssl=1\",\"datePublished\":\"2023-09-22T07:26:13+00:00\",\"dateModified\":\"2023-09-22T07:42:17+00:00\",\"breadcrumb\":{\"@id\":\"https:\\\/\\\/www.mariahilf.eu\\\/historie\\\/historie-1994\\\/#breadcrumb\"},\"inLanguage\":\"pl-PL\",\"potentialAction\":[{\"@type\":\"ReadAction\",\"target\":[\"https:\\\/\\\/www.mariahilf.eu\\\/historie\\\/historie-1994\\\/\"]}]},{\"@type\":\"ImageObject\",\"inLanguage\":\"pl-PL\",\"@id\":\"https:\\\/\\\/www.mariahilf.eu\\\/historie\\\/historie-1994\\\/#primaryimage\",\"url\":\"https:\\\/\\\/i0.wp.com\\\/www.mariahilf.eu\\\/wp-content\\\/uploads\\\/2023\\\/09\\\/MariaHilf_1994-10-scaled.jpg?fit=2560%2C1697&ssl=1\",\"contentUrl\":\"https:\\\/\\\/i0.wp.com\\\/www.mariahilf.eu\\\/wp-content\\\/uploads\\\/2023\\\/09\\\/MariaHilf_1994-10-scaled.jpg?fit=2560%2C1697&ssl=1\",\"width\":2560,\"height\":1697},{\"@type\":\"BreadcrumbList\",\"@id\":\"https:\\\/\\\/www.mariahilf.eu\\\/historie\\\/historie-1994\\\/#breadcrumb\",\"itemListElement\":[{\"@type\":\"ListItem\",\"position\":1,\"name\":\"Strona g\u0142\u00f3wna\",\"item\":\"https:\\\/\\\/www.mariahilf.eu\\\/\"},{\"@type\":\"ListItem\",\"position\":2,\"name\":\"Historie\",\"item\":\"https:\\\/\\\/www.mariahilf.eu\\\/historie\\\/\"},{\"@type\":\"ListItem\",\"position\":3,\"name\":\"Historie &#8211; 1994\"}]},{\"@type\":\"WebSite\",\"@id\":\"https:\\\/\\\/www.mariahilf.eu\\\/#website\",\"url\":\"https:\\\/\\\/www.mariahilf.eu\\\/\",\"name\":\"Maria Hilf - Poutn\u00ed M\u00edsto Panny Marie Pomocn\u00e9\",\"description\":\"Duchovn\u00ed spr\u00e1va poutn\u00edho m\u00edsta Panny Marie Pomocn\u00e9\",\"publisher\":{\"@id\":\"https:\\\/\\\/www.mariahilf.eu\\\/#organization\"},\"potentialAction\":[{\"@type\":\"SearchAction\",\"target\":{\"@type\":\"EntryPoint\",\"urlTemplate\":\"https:\\\/\\\/www.mariahilf.eu\\\/?s={search_term_string}\"},\"query-input\":{\"@type\":\"PropertyValueSpecification\",\"valueRequired\":true,\"valueName\":\"search_term_string\"}}],\"inLanguage\":\"pl-PL\"},{\"@type\":\"Organization\",\"@id\":\"https:\\\/\\\/www.mariahilf.eu\\\/#organization\",\"name\":\"Parafia Matki Bo\u017cej Cz\u0119stochowskiej w Knurowie\",\"url\":\"https:\\\/\\\/www.mariahilf.eu\\\/\",\"logo\":{\"@type\":\"ImageObject\",\"inLanguage\":\"pl-PL\",\"@id\":\"https:\\\/\\\/www.mariahilf.eu\\\/#\\\/schema\\\/logo\\\/image\\\/\",\"url\":\"https:\\\/\\\/i0.wp.com\\\/www.mariahilf.eu\\\/wp-content\\\/uploads\\\/2018\\\/08\\\/logo_web_300x348.png?fit=300%2C348&ssl=1\",\"contentUrl\":\"https:\\\/\\\/i0.wp.com\\\/www.mariahilf.eu\\\/wp-content\\\/uploads\\\/2018\\\/08\\\/logo_web_300x348.png?fit=300%2C348&ssl=1\",\"width\":300,\"height\":348,\"caption\":\"Parafia Matki Bo\u017cej Cz\u0119stochowskiej w Knurowie\"},\"image\":{\"@id\":\"https:\\\/\\\/www.mariahilf.eu\\\/#\\\/schema\\\/logo\\\/image\\\/\"},\"sameAs\":[\"https:\\\/\\\/www.facebook.com\\\/pannamariapomocna\\\/\"]}]}<\/script>\n<!-- \/ Yoast SEO plugin. -->","yoast_head_json":{"title":"Historie - 1994 - Maria Hilf - Poutn\u00ed M\u00edsto Panny Marie Pomocn\u00e9","robots":{"index":"index","follow":"follow","max-snippet":"max-snippet:-1","max-image-preview":"max-image-preview:large","max-video-preview":"max-video-preview:-1"},"canonical":"https:\/\/www.mariahilf.eu\/pl\/historie\/historie-1994\/","og_locale":"pl_PL","og_type":"article","og_title":"Historie - 1994 - Maria Hilf - Poutn\u00ed M\u00edsto Panny Marie Pomocn\u00e9","og_description":"Konstruk\u010dn\u00ed pr\u00e1ce &nbsp; &nbsp; &nbsp; &nbsp; &nbsp; &nbsp; &nbsp; Hlavn\u00ed pou\u0165 1994 &nbsp; &nbsp; &nbsp; &nbsp; &nbsp;","og_url":"https:\/\/www.mariahilf.eu\/pl\/historie\/historie-1994\/","og_site_name":"Maria Hilf - Poutn\u00ed M\u00edsto Panny Marie Pomocn\u00e9","article_publisher":"https:\/\/www.facebook.com\/pannamariapomocna\/","article_modified_time":"2023-09-22T07:42:17+00:00","og_image":[{"width":2560,"height":1697,"url":"https:\/\/www.mariahilf.eu\/wp-content\/uploads\/2023\/09\/MariaHilf_1994-10-scaled.jpg","type":"image\/jpeg"}],"twitter_card":"summary_large_image","schema":{"@context":"https:\/\/schema.org","@graph":[{"@type":"WebPage","@id":"https:\/\/www.mariahilf.eu\/historie\/historie-1994\/","url":"https:\/\/www.mariahilf.eu\/historie\/historie-1994\/","name":"Historie - 1994 - Maria Hilf - Poutn\u00ed M\u00edsto Panny Marie Pomocn\u00e9","isPartOf":{"@id":"https:\/\/www.mariahilf.eu\/#website"},"primaryImageOfPage":{"@id":"https:\/\/www.mariahilf.eu\/historie\/historie-1994\/#primaryimage"},"image":{"@id":"https:\/\/www.mariahilf.eu\/historie\/historie-1994\/#primaryimage"},"thumbnailUrl":"https:\/\/i0.wp.com\/www.mariahilf.eu\/wp-content\/uploads\/2023\/09\/MariaHilf_1994-10-scaled.jpg?fit=2560%2C1697&ssl=1","datePublished":"2023-09-22T07:26:13+00:00","dateModified":"2023-09-22T07:42:17+00:00","breadcrumb":{"@id":"https:\/\/www.mariahilf.eu\/historie\/historie-1994\/#breadcrumb"},"inLanguage":"pl-PL","potentialAction":[{"@type":"ReadAction","target":["https:\/\/www.mariahilf.eu\/historie\/historie-1994\/"]}]},{"@type":"ImageObject","inLanguage":"pl-PL","@id":"https:\/\/www.mariahilf.eu\/historie\/historie-1994\/#primaryimage","url":"https:\/\/i0.wp.com\/www.mariahilf.eu\/wp-content\/uploads\/2023\/09\/MariaHilf_1994-10-scaled.jpg?fit=2560%2C1697&ssl=1","contentUrl":"https:\/\/i0.wp.com\/www.mariahilf.eu\/wp-content\/uploads\/2023\/09\/MariaHilf_1994-10-scaled.jpg?fit=2560%2C1697&ssl=1","width":2560,"height":1697},{"@type":"BreadcrumbList","@id":"https:\/\/www.mariahilf.eu\/historie\/historie-1994\/#breadcrumb","itemListElement":[{"@type":"ListItem","position":1,"name":"Strona g\u0142\u00f3wna","item":"https:\/\/www.mariahilf.eu\/"},{"@type":"ListItem","position":2,"name":"Historie","item":"https:\/\/www.mariahilf.eu\/historie\/"},{"@type":"ListItem","position":3,"name":"Historie &#8211; 1994"}]},{"@type":"WebSite","@id":"https:\/\/www.mariahilf.eu\/#website","url":"https:\/\/www.mariahilf.eu\/","name":"Maria Hilf - Poutn\u00ed M\u00edsto Panny Marie Pomocn\u00e9","description":"Duchowa administracja miejsca pielgrzymek Naj\u015bwi\u0119tszej Maryi Panny Pomocniczej","publisher":{"@id":"https:\/\/www.mariahilf.eu\/#organization"},"potentialAction":[{"@type":"SearchAction","target":{"@type":"EntryPoint","urlTemplate":"https:\/\/www.mariahilf.eu\/?s={search_term_string}"},"query-input":{"@type":"PropertyValueSpecification","valueRequired":true,"valueName":"search_term_string"}}],"inLanguage":"pl-PL"},{"@type":"Organization","@id":"https:\/\/www.mariahilf.eu\/#organization","name":"Parafia Matki Bo\u017cej Cz\u0119stochowskiej w Knurowie","url":"https:\/\/www.mariahilf.eu\/","logo":{"@type":"ImageObject","inLanguage":"pl-PL","@id":"https:\/\/www.mariahilf.eu\/#\/schema\/logo\/image\/","url":"https:\/\/i0.wp.com\/www.mariahilf.eu\/wp-content\/uploads\/2018\/08\/logo_web_300x348.png?fit=300%2C348&ssl=1","contentUrl":"https:\/\/i0.wp.com\/www.mariahilf.eu\/wp-content\/uploads\/2018\/08\/logo_web_300x348.png?fit=300%2C348&ssl=1","width":300,"height":348,"caption":"Parafia Matki Bo\u017cej Cz\u0119stochowskiej w Knurowie"},"image":{"@id":"https:\/\/www.mariahilf.eu\/#\/schema\/logo\/image\/"},"sameAs":["https:\/\/www.facebook.com\/pannamariapomocna\/"]}]}},"jetpack_shortlink":"https:\/\/wp.me\/PaKJZm-I6","jetpack_sharing_enabled":true,"_links":{"self":[{"href":"https:\/\/www.mariahilf.eu\/pl\/wp-json\/wp\/v2\/pages\/2734","targetHints":{"allow":["GET"]}}],"collection":[{"href":"https:\/\/www.mariahilf.eu\/pl\/wp-json\/wp\/v2\/pages"}],"about":[{"href":"https:\/\/www.mariahilf.eu\/pl\/wp-json\/wp\/v2\/types\/page"}],"author":[{"embeddable":true,"href":"https:\/\/www.mariahilf.eu\/pl\/wp-json\/wp\/v2\/users\/2"}],"replies":[{"embeddable":true,"href":"https:\/\/www.mariahilf.eu\/pl\/wp-json\/wp\/v2\/comments?post=2734"}],"version-history":[{"count":7,"href":"https:\/\/www.mariahilf.eu\/pl\/wp-json\/wp\/v2\/pages\/2734\/revisions"}],"predecessor-version":[{"id":2736,"href":"https:\/\/www.mariahilf.eu\/pl\/wp-json\/wp\/v2\/pages\/2734\/revisions\/2736"}],"up":[{"embeddable":true,"href":"https:\/\/www.mariahilf.eu\/pl\/wp-json\/wp\/v2\/pages\/705"}],"wp:featuredmedia":[{"embeddable":true,"href":"https:\/\/www.mariahilf.eu\/pl\/wp-json\/wp\/v2\/media\/2742"}],"wp:attachment":[{"href":"https:\/\/www.mariahilf.eu\/pl\/wp-json\/wp\/v2\/media?parent=2734"}],"curies":[{"name":"wp","href":"https:\/\/api.w.org\/{rel}","templated":true}]}}