{"id":709,"date":"2018-08-28T17:58:48","date_gmt":"2018-08-28T15:58:48","guid":{"rendered":"http:\/\/mariahilf.online\/?page_id=709"},"modified":"2023-09-20T11:08:18","modified_gmt":"2023-09-20T09:08:18","slug":"devastace","status":"publish","type":"page","link":"https:\/\/www.mariahilf.eu\/pl\/historie\/devastace\/","title":{"rendered":"Dewastacja miejsca pielgrzymek"},"content":{"rendered":"<p><strong><a href=\"https:\/\/i0.wp.com\/www.mariahilf.eu\/wp-content\/uploads\/2018\/12\/VandaloveM.jpg?ssl=1\"><img data-recalc-dims=\"1\" fetchpriority=\"high\" decoding=\"async\" class=\"alignleft wp-image-1086 size-full\" src=\"https:\/\/i0.wp.com\/www.mariahilf.eu\/wp-content\/uploads\/2018\/12\/VandaloveM.jpg?resize=289%2C200&#038;ssl=1\" alt=\"\" width=\"289\" height=\"200\" \/><\/a>Zakaz sprawowania kultu w ko\u015bciele na Mariahil u Zlatych Hor w 1955 roku<\/strong> a zakaz organizowania pielgrzymek by\u0142 uzasadniany trwaj\u0105cym wydobyciem. Stwierdzono jednak, \u017ce Dyrekcja \"Rudn\u00e9 doly\" nie wnioskowa\u0142a o zamkni\u0119cie ko\u015bcio\u0142a pielgrzymkowego ani okolicy. O tym, \u017ce by\u0142o to ca\u0142kowicie sztuczne, \u015bwiadczy fakt, \u017ce nikomu z odwiedzaj\u0105cych, przypadkowych turyst\u00f3w, a tak\u017ce dzieci ze Zlatohorskiej strefy rehabilitacji, nigdy nie zabraniano chodzi\u0107 po tym terenie wok\u00f3\u0142 sanktuarium maryjnego. Wr\u0119cz przeciwnie, wydawa\u0142o si\u0119, \u017ce niekt\u00f3rzy go\u015bcie byli nad wyraz mile widziani. Wandale. Wszystkie dowody \u015bwiadczy\u0142y o tym, \u017ce wandalizm nie by\u0142 przypadkowy, ale celowy, w pewnym stopniu konsekwentnie kontrolowany. Mia\u0142o to s\u0142u\u017cy\u0107 jako powa\u017cny pow\u00f3d do likwidacji \u015bwi\u0105tyni.<\/p>\n<p>Podczas gdy administrator<strong> P. E. \u0160tula a P. E. Morcinek<\/strong> ze Sup\u00edkovic, wraz z innymi wierz\u0105cymi, pr\u00f3bowali ocali\u0107 \u015bwi\u0105tyni\u0119, w ko\u015bciele i poza ni\u0105, dochodzi\u0142o do dos\u0142ownie bestialskiej dewastacji, bez wzgl\u0119du na historyczn\u0105 i artystyczn\u0105 warto\u015b\u0107 tego miejsca. Stopniowo niszczono o\u0142tarze, \u0142awki i organy. Ko\u015bcielne kafelki i marmurowa ok\u0142adzina, klatki schodowe i kaplice murowane zosta\u0142y zdemontowane i rozkradzione. Z tego materia\u0142u, w pobli\u017cu przystanku, wybudowano poczekalni\u0119. Wszystko to w bia\u0142y dzie\u0144, pod nadzorem policji. W tej niefortunnej sytuacji sekretarz ds. religii, w towarzystwie ordynariusza Vesel\u00e9go, odwiedzili miejscowego duchownego ks. Eduarda Gottsmanna. Przybyli po pisemn\u0105 zgod\u0119 na zburzenie ko\u015bcio\u0142a. Nalegali na starego chorego kap\u0142ana, ale on tego nie zrobi\u0142.<\/p>\n<p><strong>W\u0142adze jednak\u017ce by\u0142y zdecydowane za wszelk\u0105 cen\u0119 zako\u0144czy\u0107 dewastacj\u0119.<\/strong><\/p>\n<p><a href=\"https:\/\/i0.wp.com\/www.mariahilf.eu\/wp-content\/uploads\/2018\/12\/InterierM.jpg?ssl=1\"><img data-recalc-dims=\"1\" decoding=\"async\" class=\"alignright wp-image-1089 size-full\" src=\"https:\/\/i0.wp.com\/www.mariahilf.eu\/wp-content\/uploads\/2018\/12\/InterierM.jpg?resize=290%2C200&#038;ssl=1\" alt=\"\" width=\"290\" height=\"200\" \/><\/a>Tak zwane Praska wiosna w roku <strong>1968<\/strong> 1968 zapewni\u0142 przerw\u0119 \"na odpoczynek\" w walce o uratowanie sanktuarium maryjnego. Wierni kierowani przez nowo mianowanego administratora P. Metod\u011bj Ne\u010dase szybko wykorzystali okazj\u0119 i usun\u0119li szkody. Kr\u00f3tki okres demokratyzacji zast\u0105pi\u0142 sztywn\u0105 \"normalizacj\u0119\", walka przeciwko Ko\u015bcio\u0142owi ponownie wybuch\u0142a. Ostateczne zapisy tragicznego rozdzia\u0142u sanktuarium zosta\u0142y napisane 16.5.1973.\u00a0<strong>16 maja 1973 r<\/strong>Zosta\u0142 wydany rozkaz, aby Ko\u015bci\u00f3\u0142 natychmiast zdemontowa\u0142 rusztowanie wok\u00f3\u0142 \u015bwi\u0105tyni i zabra\u0142 materia\u0142 budowlany. Nowa blacha na dachu ko\u015bcio\u0142a musia\u0142a zosta\u0107 \u015bci\u0105gni\u0119ta przez wierz\u0105cych w ci\u0105gu pi\u0119ciu dni. Ludzie z b\u00f3lem odwozili z tego miejsca wszystko, co ich po\u015bwi\u0119cenie zgromadzi\u0142o w ci\u0105gu ostatnich kilku miesi\u0119cy.<\/p>\n<p>Ostatnia nadzieja na ocalenie \u015bwi\u0105tyni wygas\u0142a 22.9.1973 roku. <strong>22 wrze\u015bnia 1973 r<\/strong>Poniewa\u017c lokalni robotnicy byli niech\u0119tni do przeprowadzania rozbi\u00f3rki (podobnie jak ich poprzednicy dwa wieki temu), zosta\u0142o do tego haniebnego czynu wezwane komando z Brna. Ponad g\u00f3rami zacz\u0119\u0142y si\u0119 rozlega\u0142y echa eksplozji...<\/p>\n<p><strong>Nie mia\u0142o tu zosta\u0107 nic, co mog\u0142oby przypomina\u0107, \u017ce kiedy\u015b by\u0142o tu miejsce kultu Bo\u017cego.\u00a0<\/strong><\/p>\n<p><a href=\"https:\/\/i0.wp.com\/www.mariahilf.eu\/wp-content\/uploads\/2018\/12\/HromadaM.jpg?ssl=1\"><img data-recalc-dims=\"1\" decoding=\"async\" class=\"alignleft wp-image-1090 size-full\" src=\"https:\/\/i0.wp.com\/www.mariahilf.eu\/wp-content\/uploads\/2018\/12\/HromadaM.jpg?resize=285%2C200&#038;ssl=1\" alt=\"\" width=\"285\" height=\"200\" \/><\/a><a href=\"https:\/\/i0.wp.com\/www.mariahilf.eu\/wp-content\/uploads\/2018\/12\/TravaM.jpg?ssl=1\"><img data-recalc-dims=\"1\" loading=\"lazy\" decoding=\"async\" class=\"alignright wp-image-1091 size-full\" src=\"https:\/\/i0.wp.com\/www.mariahilf.eu\/wp-content\/uploads\/2018\/12\/TravaM.jpg?resize=286%2C200&#038;ssl=1\" alt=\"\" width=\"286\" height=\"200\" \/><\/a>Wszystko, co dokumentowa\u0142o Bo\u017c\u0105 mi\u0142o\u015b\u0107 i moc, musia\u0142o znikn\u0105\u0107, w tym listy z podzi\u0119kowaniem za uzdrowienie. Buldo\u017cery doko\u0144czy\u0142y dzie\u0142o z\u0142o\u015bci i zniszczy\u0142y niezliczon\u0105 liczb\u0119 marmurowych tabliczek z podzi\u0119kowaniami, wiele kul i protez, opatrunk\u00f3w i tym podobnych, kt\u00f3re wdzi\u0119czni pielgrzymi zostawiali na dow\u00f3d swojego uzdrowienia.<\/p>\n<p>Wszystko zosta\u0142o obr\u00f3cone w proch ziemi. Tylko kamienie, resztki blach z cebulowatych kszta\u0142t\u00f3w dach\u00f3w kapliczek, kawa\u0142ki belek, czy bezg\u0142owy anio\u0142 mog\u0142y po 17 latach odwiedzaj\u0105cym to miejsce powiedzie\u0107, \u017ce tutaj by\u0142o szczeg\u00f3lne miejsce. Zosta\u0142y tylko pokrzywy, zaro\u015bla i puste miejsce...<\/p>\n<p><strong>Ale Bo\u017ce drogi, nie s\u0105 naszymi. Kto z nas wie dlaczego z takim b\u00f3lem historia potraktowa\u0142a Maryjn\u0105 \u015bwi\u0105tyni\u0119? Jak\u0105 mia\u0142 Pan intencj\u0119 dopuszczaj\u0105c na ludzi i to miejsce tyle nieszcz\u0119\u015b\u0107?<\/strong><\/p>","protected":false},"excerpt":{"rendered":"<p>Zastaven\u00ed bohoslu\u017eeb v kostele P. Marie Pomocn\u00e9 u Zlat\u00fdch Hor roku 1955 a z\u00e1kaz kon\u00e1n\u00ed pout\u00ed byly od\u016fvodn\u011bny prov\u00e1d\u011bn\u00edm d\u016fln\u00edch prac\u00ed. Bylo v\u0161ak zji\u0161t\u011bno, \u017ee \u0159editelstv\u00ed Rudn\u00fdch dol\u016f o uzav\u0159en\u00ed poutn\u00edho kostela a okoln\u00edho prostoru ne\u017e\u00e1dalo.\u00a0O tom, \u017ee \u0161lo o naprosto vykonstruovan\u00e9 d\u016fvody, sv\u011bd\u010dil i fakt, \u017ee v\u0161em ostatn\u00edm n\u00e1v\u0161t\u011bvn\u00edk\u016fm, n\u00e1hodn\u00fdm rekreant\u016fm stejn\u011b jako d\u011btem<\/p>\n<div><a class=\"fw-btn fw-btn-1 fw-btn-black\" href=\"https:\/\/www.mariahilf.eu\/pl\/historie\/devastace\/\"><span>Czytaj wi\u0119cej...<\/span><\/a><\/div>","protected":false},"author":2,"featured_media":720,"parent":705,"menu_order":0,"comment_status":"closed","ping_status":"closed","template":"","meta":{"_acf_changed":false,"footnotes":""},"class_list":["post-709","page","type-page","status-publish","has-post-thumbnail","hentry"],"acf":[],"yoast_head":"<!-- This site is optimized with the Yoast SEO plugin v26.6 - https:\/\/yoast.com\/wordpress\/plugins\/seo\/ -->\n<title>Devastace poutn\u00edho m\u00edsta - Maria Hilf - Poutn\u00ed M\u00edsto Panny Marie Pomocn\u00e9<\/title>\n<meta name=\"robots\" content=\"index, follow, max-snippet:-1, max-image-preview:large, max-video-preview:-1\" \/>\n<link rel=\"canonical\" href=\"https:\/\/www.mariahilf.eu\/pl\/historie\/devastace\/\" \/>\n<meta property=\"og:locale\" content=\"pl_PL\" \/>\n<meta property=\"og:type\" content=\"article\" \/>\n<meta property=\"og:title\" content=\"Devastace poutn\u00edho m\u00edsta - Maria Hilf - Poutn\u00ed M\u00edsto Panny Marie Pomocn\u00e9\" \/>\n<meta property=\"og:description\" content=\"Zastaven\u00ed bohoslu\u017eeb v kostele P. Marie Pomocn\u00e9 u Zlat\u00fdch Hor roku 1955 a z\u00e1kaz kon\u00e1n\u00ed pout\u00ed byly od\u016fvodn\u011bny prov\u00e1d\u011bn\u00edm d\u016fln\u00edch prac\u00ed. Bylo v\u0161ak zji\u0161t\u011bno, \u017ee \u0159editelstv\u00ed Rudn\u00fdch dol\u016f o uzav\u0159en\u00ed poutn\u00edho kostela a okoln\u00edho prostoru ne\u017e\u00e1dalo.\u00a0O tom, \u017ee \u0161lo o naprosto vykonstruovan\u00e9 d\u016fvody, sv\u011bd\u010dil i fakt, \u017ee v\u0161em ostatn\u00edm n\u00e1v\u0161t\u011bvn\u00edk\u016fm, n\u00e1hodn\u00fdm rekreant\u016fm stejn\u011b jako d\u011btemP\u0159e\u010d\u00edst...\" \/>\n<meta property=\"og:url\" content=\"https:\/\/www.mariahilf.eu\/pl\/historie\/devastace\/\" \/>\n<meta property=\"og:site_name\" content=\"Maria Hilf - Poutn\u00ed M\u00edsto Panny Marie Pomocn\u00e9\" \/>\n<meta property=\"article:publisher\" content=\"https:\/\/www.facebook.com\/pannamariapomocna\/\" \/>\n<meta property=\"article:modified_time\" content=\"2023-09-20T09:08:18+00:00\" \/>\n<meta property=\"og:image\" content=\"https:\/\/www.mariahilf.eu\/wp-content\/uploads\/2018\/08\/historia.png\" \/>\n\t<meta property=\"og:image:width\" content=\"2000\" \/>\n\t<meta property=\"og:image:height\" content=\"1125\" \/>\n\t<meta property=\"og:image:type\" content=\"image\/png\" \/>\n<meta name=\"twitter:card\" content=\"summary_large_image\" \/>\n<script type=\"application\/ld+json\" class=\"yoast-schema-graph\">{\"@context\":\"https:\/\/schema.org\",\"@graph\":[{\"@type\":\"WebPage\",\"@id\":\"https:\/\/www.mariahilf.eu\/historie\/devastace\/\",\"url\":\"https:\/\/www.mariahilf.eu\/historie\/devastace\/\",\"name\":\"Devastace poutn\u00edho m\u00edsta - Maria Hilf - Poutn\u00ed M\u00edsto Panny Marie Pomocn\u00e9\",\"isPartOf\":{\"@id\":\"https:\/\/www.mariahilf.eu\/#website\"},\"primaryImageOfPage\":{\"@id\":\"https:\/\/www.mariahilf.eu\/historie\/devastace\/#primaryimage\"},\"image\":{\"@id\":\"https:\/\/www.mariahilf.eu\/historie\/devastace\/#primaryimage\"},\"thumbnailUrl\":\"https:\/\/i0.wp.com\/www.mariahilf.eu\/wp-content\/uploads\/2018\/08\/historia.png?fit=2000%2C1125&ssl=1\",\"datePublished\":\"2018-08-28T15:58:48+00:00\",\"dateModified\":\"2023-09-20T09:08:18+00:00\",\"breadcrumb\":{\"@id\":\"https:\/\/www.mariahilf.eu\/historie\/devastace\/#breadcrumb\"},\"inLanguage\":\"pl-PL\",\"potentialAction\":[{\"@type\":\"ReadAction\",\"target\":[\"https:\/\/www.mariahilf.eu\/historie\/devastace\/\"]}]},{\"@type\":\"ImageObject\",\"inLanguage\":\"pl-PL\",\"@id\":\"https:\/\/www.mariahilf.eu\/historie\/devastace\/#primaryimage\",\"url\":\"https:\/\/i0.wp.com\/www.mariahilf.eu\/wp-content\/uploads\/2018\/08\/historia.png?fit=2000%2C1125&ssl=1\",\"contentUrl\":\"https:\/\/i0.wp.com\/www.mariahilf.eu\/wp-content\/uploads\/2018\/08\/historia.png?fit=2000%2C1125&ssl=1\",\"width\":2000,\"height\":1125},{\"@type\":\"BreadcrumbList\",\"@id\":\"https:\/\/www.mariahilf.eu\/historie\/devastace\/#breadcrumb\",\"itemListElement\":[{\"@type\":\"ListItem\",\"position\":1,\"name\":\"Strona g\u0142\u00f3wna\",\"item\":\"https:\/\/www.mariahilf.eu\/\"},{\"@type\":\"ListItem\",\"position\":2,\"name\":\"Historie\",\"item\":\"https:\/\/www.mariahilf.eu\/historie\/\"},{\"@type\":\"ListItem\",\"position\":3,\"name\":\"Devastace poutn\u00edho m\u00edsta\"}]},{\"@type\":\"WebSite\",\"@id\":\"https:\/\/www.mariahilf.eu\/#website\",\"url\":\"https:\/\/www.mariahilf.eu\/\",\"name\":\"Maria Hilf - Poutn\u00ed M\u00edsto Panny Marie Pomocn\u00e9\",\"description\":\"Duchovn\u00ed spr\u00e1va poutn\u00edho m\u00edsta Panny Marie Pomocn\u00e9\",\"publisher\":{\"@id\":\"https:\/\/www.mariahilf.eu\/#organization\"},\"potentialAction\":[{\"@type\":\"SearchAction\",\"target\":{\"@type\":\"EntryPoint\",\"urlTemplate\":\"https:\/\/www.mariahilf.eu\/?s={search_term_string}\"},\"query-input\":{\"@type\":\"PropertyValueSpecification\",\"valueRequired\":true,\"valueName\":\"search_term_string\"}}],\"inLanguage\":\"pl-PL\"},{\"@type\":\"Organization\",\"@id\":\"https:\/\/www.mariahilf.eu\/#organization\",\"name\":\"Parafia Matki Bo\u017cej Cz\u0119stochowskiej w Knurowie\",\"url\":\"https:\/\/www.mariahilf.eu\/\",\"logo\":{\"@type\":\"ImageObject\",\"inLanguage\":\"pl-PL\",\"@id\":\"https:\/\/www.mariahilf.eu\/#\/schema\/logo\/image\/\",\"url\":\"https:\/\/i0.wp.com\/www.mariahilf.eu\/wp-content\/uploads\/2018\/08\/logo_web_300x348.png?fit=300%2C348&ssl=1\",\"contentUrl\":\"https:\/\/i0.wp.com\/www.mariahilf.eu\/wp-content\/uploads\/2018\/08\/logo_web_300x348.png?fit=300%2C348&ssl=1\",\"width\":300,\"height\":348,\"caption\":\"Parafia Matki Bo\u017cej Cz\u0119stochowskiej w Knurowie\"},\"image\":{\"@id\":\"https:\/\/www.mariahilf.eu\/#\/schema\/logo\/image\/\"},\"sameAs\":[\"https:\/\/www.facebook.com\/pannamariapomocna\/\"]}]}<\/script>\n<!-- \/ Yoast SEO plugin. -->","yoast_head_json":{"title":"Devastace poutn\u00edho m\u00edsta - Maria Hilf - Poutn\u00ed M\u00edsto Panny Marie Pomocn\u00e9","robots":{"index":"index","follow":"follow","max-snippet":"max-snippet:-1","max-image-preview":"max-image-preview:large","max-video-preview":"max-video-preview:-1"},"canonical":"https:\/\/www.mariahilf.eu\/pl\/historie\/devastace\/","og_locale":"pl_PL","og_type":"article","og_title":"Devastace poutn\u00edho m\u00edsta - Maria Hilf - Poutn\u00ed M\u00edsto Panny Marie Pomocn\u00e9","og_description":"Zastaven\u00ed bohoslu\u017eeb v kostele P. Marie Pomocn\u00e9 u Zlat\u00fdch Hor roku 1955 a z\u00e1kaz kon\u00e1n\u00ed pout\u00ed byly od\u016fvodn\u011bny prov\u00e1d\u011bn\u00edm d\u016fln\u00edch prac\u00ed. Bylo v\u0161ak zji\u0161t\u011bno, \u017ee \u0159editelstv\u00ed Rudn\u00fdch dol\u016f o uzav\u0159en\u00ed poutn\u00edho kostela a okoln\u00edho prostoru ne\u017e\u00e1dalo.\u00a0O tom, \u017ee \u0161lo o naprosto vykonstruovan\u00e9 d\u016fvody, sv\u011bd\u010dil i fakt, \u017ee v\u0161em ostatn\u00edm n\u00e1v\u0161t\u011bvn\u00edk\u016fm, n\u00e1hodn\u00fdm rekreant\u016fm stejn\u011b jako d\u011btemP\u0159e\u010d\u00edst...","og_url":"https:\/\/www.mariahilf.eu\/pl\/historie\/devastace\/","og_site_name":"Maria Hilf - Poutn\u00ed M\u00edsto Panny Marie Pomocn\u00e9","article_publisher":"https:\/\/www.facebook.com\/pannamariapomocna\/","article_modified_time":"2023-09-20T09:08:18+00:00","og_image":[{"width":2000,"height":1125,"url":"https:\/\/www.mariahilf.eu\/wp-content\/uploads\/2018\/08\/historia.png","type":"image\/png"}],"twitter_card":"summary_large_image","schema":{"@context":"https:\/\/schema.org","@graph":[{"@type":"WebPage","@id":"https:\/\/www.mariahilf.eu\/historie\/devastace\/","url":"https:\/\/www.mariahilf.eu\/historie\/devastace\/","name":"Devastace poutn\u00edho m\u00edsta - Maria Hilf - Poutn\u00ed M\u00edsto Panny Marie Pomocn\u00e9","isPartOf":{"@id":"https:\/\/www.mariahilf.eu\/#website"},"primaryImageOfPage":{"@id":"https:\/\/www.mariahilf.eu\/historie\/devastace\/#primaryimage"},"image":{"@id":"https:\/\/www.mariahilf.eu\/historie\/devastace\/#primaryimage"},"thumbnailUrl":"https:\/\/i0.wp.com\/www.mariahilf.eu\/wp-content\/uploads\/2018\/08\/historia.png?fit=2000%2C1125&ssl=1","datePublished":"2018-08-28T15:58:48+00:00","dateModified":"2023-09-20T09:08:18+00:00","breadcrumb":{"@id":"https:\/\/www.mariahilf.eu\/historie\/devastace\/#breadcrumb"},"inLanguage":"pl-PL","potentialAction":[{"@type":"ReadAction","target":["https:\/\/www.mariahilf.eu\/historie\/devastace\/"]}]},{"@type":"ImageObject","inLanguage":"pl-PL","@id":"https:\/\/www.mariahilf.eu\/historie\/devastace\/#primaryimage","url":"https:\/\/i0.wp.com\/www.mariahilf.eu\/wp-content\/uploads\/2018\/08\/historia.png?fit=2000%2C1125&ssl=1","contentUrl":"https:\/\/i0.wp.com\/www.mariahilf.eu\/wp-content\/uploads\/2018\/08\/historia.png?fit=2000%2C1125&ssl=1","width":2000,"height":1125},{"@type":"BreadcrumbList","@id":"https:\/\/www.mariahilf.eu\/historie\/devastace\/#breadcrumb","itemListElement":[{"@type":"ListItem","position":1,"name":"Strona g\u0142\u00f3wna","item":"https:\/\/www.mariahilf.eu\/"},{"@type":"ListItem","position":2,"name":"Historie","item":"https:\/\/www.mariahilf.eu\/historie\/"},{"@type":"ListItem","position":3,"name":"Devastace poutn\u00edho m\u00edsta"}]},{"@type":"WebSite","@id":"https:\/\/www.mariahilf.eu\/#website","url":"https:\/\/www.mariahilf.eu\/","name":"Maria Hilf - Poutn\u00ed M\u00edsto Panny Marie Pomocn\u00e9","description":"Duchowa administracja miejsca pielgrzymek Naj\u015bwi\u0119tszej Maryi Panny Pomocniczej","publisher":{"@id":"https:\/\/www.mariahilf.eu\/#organization"},"potentialAction":[{"@type":"SearchAction","target":{"@type":"EntryPoint","urlTemplate":"https:\/\/www.mariahilf.eu\/?s={search_term_string}"},"query-input":{"@type":"PropertyValueSpecification","valueRequired":true,"valueName":"search_term_string"}}],"inLanguage":"pl-PL"},{"@type":"Organization","@id":"https:\/\/www.mariahilf.eu\/#organization","name":"Parafia Matki Bo\u017cej Cz\u0119stochowskiej w Knurowie","url":"https:\/\/www.mariahilf.eu\/","logo":{"@type":"ImageObject","inLanguage":"pl-PL","@id":"https:\/\/www.mariahilf.eu\/#\/schema\/logo\/image\/","url":"https:\/\/i0.wp.com\/www.mariahilf.eu\/wp-content\/uploads\/2018\/08\/logo_web_300x348.png?fit=300%2C348&ssl=1","contentUrl":"https:\/\/i0.wp.com\/www.mariahilf.eu\/wp-content\/uploads\/2018\/08\/logo_web_300x348.png?fit=300%2C348&ssl=1","width":300,"height":348,"caption":"Parafia Matki Bo\u017cej Cz\u0119stochowskiej w Knurowie"},"image":{"@id":"https:\/\/www.mariahilf.eu\/#\/schema\/logo\/image\/"},"sameAs":["https:\/\/www.facebook.com\/pannamariapomocna\/"]}]}},"jetpack_shortlink":"https:\/\/wp.me\/PaKJZm-br","jetpack_sharing_enabled":true,"_links":{"self":[{"href":"https:\/\/www.mariahilf.eu\/pl\/wp-json\/wp\/v2\/pages\/709","targetHints":{"allow":["GET"]}}],"collection":[{"href":"https:\/\/www.mariahilf.eu\/pl\/wp-json\/wp\/v2\/pages"}],"about":[{"href":"https:\/\/www.mariahilf.eu\/pl\/wp-json\/wp\/v2\/types\/page"}],"author":[{"embeddable":true,"href":"https:\/\/www.mariahilf.eu\/pl\/wp-json\/wp\/v2\/users\/2"}],"replies":[{"embeddable":true,"href":"https:\/\/www.mariahilf.eu\/pl\/wp-json\/wp\/v2\/comments?post=709"}],"version-history":[{"count":2,"href":"https:\/\/www.mariahilf.eu\/pl\/wp-json\/wp\/v2\/pages\/709\/revisions"}],"predecessor-version":[{"id":2649,"href":"https:\/\/www.mariahilf.eu\/pl\/wp-json\/wp\/v2\/pages\/709\/revisions\/2649"}],"up":[{"embeddable":true,"href":"https:\/\/www.mariahilf.eu\/pl\/wp-json\/wp\/v2\/pages\/705"}],"wp:featuredmedia":[{"embeddable":true,"href":"https:\/\/www.mariahilf.eu\/pl\/wp-json\/wp\/v2\/media\/720"}],"wp:attachment":[{"href":"https:\/\/www.mariahilf.eu\/pl\/wp-json\/wp\/v2\/media?parent=709"}],"curies":[{"name":"wp","href":"https:\/\/api.w.org\/{rel}","templated":true}]}}