{"id":828,"date":"2018-09-01T21:36:25","date_gmt":"2018-09-01T19:36:25","guid":{"rendered":"http:\/\/mariahilf.online\/?page_id=828"},"modified":"2023-09-07T10:23:15","modified_gmt":"2023-09-07T08:23:15","slug":"sv-jan-nepomuk-neumann","status":"publish","type":"page","link":"https:\/\/www.mariahilf.eu\/pl\/relikvie\/sv-jan-nepomuk-neumann\/","title":{"rendered":"\u015aw. Jan Nepomucen Neumann"},"content":{"rendered":"<div data-elementor-type=\"wp-page\" data-elementor-id=\"828\" class=\"elementor elementor-828\" data-elementor-post-type=\"page\">\n\t\t\t\t\t\t<section class=\"elementor-section elementor-top-section elementor-element elementor-element-a5b447e elementor-section-boxed elementor-section-height-default elementor-section-height-default\" data-id=\"a5b447e\" data-element_type=\"section\" data-e-type=\"section\">\n\t\t\t\t\t\t<div class=\"elementor-container elementor-column-gap-default\">\n\t\t\t\t\t<div class=\"elementor-column elementor-col-100 elementor-top-column elementor-element elementor-element-6de0120\" data-id=\"6de0120\" data-element_type=\"column\" data-e-type=\"column\">\n\t\t\t<div class=\"elementor-widget-wrap elementor-element-populated\">\n\t\t\t\t\t\t<div class=\"elementor-element elementor-element-27bf9fa elementor-widget elementor-widget-image\" data-id=\"27bf9fa\" data-element_type=\"widget\" data-e-type=\"widget\" data-widget_type=\"image.default\">\n\t\t\t\t<div class=\"elementor-widget-container\">\n\t\t\t\t\t\t\t\t\t\t\t\t\t\t\t<img fetchpriority=\"high\" decoding=\"async\" width=\"768\" height=\"512\" src=\"https:\/\/i0.wp.com\/www.mariahilf.eu\/wp-content\/uploads\/2018\/12\/jannepomukneumann.jpg?fit=768%2C512&amp;ssl=1\" class=\"attachment-medium_large size-medium_large wp-image-1064\" alt=\"\" srcset=\"https:\/\/i0.wp.com\/www.mariahilf.eu\/wp-content\/uploads\/2018\/12\/jannepomukneumann.jpg?w=1800&amp;ssl=1 1800w, https:\/\/i0.wp.com\/www.mariahilf.eu\/wp-content\/uploads\/2018\/12\/jannepomukneumann.jpg?resize=300%2C200&amp;ssl=1 300w, https:\/\/i0.wp.com\/www.mariahilf.eu\/wp-content\/uploads\/2018\/12\/jannepomukneumann.jpg?resize=768%2C512&amp;ssl=1 768w, https:\/\/i0.wp.com\/www.mariahilf.eu\/wp-content\/uploads\/2018\/12\/jannepomukneumann.jpg?resize=1024%2C683&amp;ssl=1 1024w\" sizes=\"(max-width: 768px) 100vw, 768px\" \/>\t\t\t\t\t\t\t\t\t\t\t\t\t\t\t<\/div>\n\t\t\t\t<\/div>\n\t\t\t\t\t<\/div>\n\t\t<\/div>\n\t\t\t\t\t<\/div>\n\t\t<\/section>\n\t\t\t\t<\/div>","protected":false},"excerpt":{"rendered":"","protected":false},"author":3,"featured_media":1064,"parent":821,"menu_order":0,"comment_status":"closed","ping_status":"closed","template":"","meta":{"_acf_changed":false,"footnotes":""},"class_list":["post-828","page","type-page","status-publish","has-post-thumbnail","hentry"],"acf":[],"yoast_head":"<!-- This site is optimized with the Yoast SEO plugin v27.4 - https:\/\/yoast.com\/product\/yoast-seo-wordpress\/ -->\n<title>Sv. Jan Nepomuk Neumann - Maria Hilf - Poutn\u00ed M\u00edsto Panny Marie Pomocn\u00e9<\/title>\n<meta name=\"robots\" content=\"index, follow, max-snippet:-1, max-image-preview:large, max-video-preview:-1\" \/>\n<link rel=\"canonical\" href=\"https:\/\/www.mariahilf.eu\/pl\/relikvie\/sv-jan-nepomuk-neumann\/\" \/>\n<meta property=\"og:locale\" content=\"pl_PL\" \/>\n<meta property=\"og:type\" content=\"article\" \/>\n<meta property=\"og:title\" content=\"Sv. Jan Nepomuk Neumann - Maria Hilf - Poutn\u00ed M\u00edsto Panny Marie Pomocn\u00e9\" \/>\n<meta property=\"og:url\" content=\"https:\/\/www.mariahilf.eu\/pl\/relikvie\/sv-jan-nepomuk-neumann\/\" \/>\n<meta property=\"og:site_name\" content=\"Maria Hilf - Poutn\u00ed M\u00edsto Panny Marie Pomocn\u00e9\" \/>\n<meta property=\"article:publisher\" content=\"https:\/\/www.facebook.com\/pannamariapomocna\/\" \/>\n<meta property=\"article:modified_time\" content=\"2023-09-07T08:23:15+00:00\" \/>\n<meta property=\"og:image\" content=\"https:\/\/www.mariahilf.eu\/wp-content\/uploads\/2018\/12\/jannepomukneumann.jpg\" \/>\n\t<meta property=\"og:image:width\" content=\"1800\" \/>\n\t<meta property=\"og:image:height\" content=\"1200\" \/>\n\t<meta property=\"og:image:type\" content=\"image\/jpeg\" \/>\n<meta name=\"twitter:card\" content=\"summary_large_image\" \/>\n<script type=\"application\/ld+json\" class=\"yoast-schema-graph\">{\"@context\":\"https:\\\/\\\/schema.org\",\"@graph\":[{\"@type\":\"WebPage\",\"@id\":\"https:\\\/\\\/www.mariahilf.eu\\\/relikvie\\\/sv-jan-nepomuk-neumann\\\/\",\"url\":\"https:\\\/\\\/www.mariahilf.eu\\\/relikvie\\\/sv-jan-nepomuk-neumann\\\/\",\"name\":\"Sv. Jan Nepomuk Neumann - Maria Hilf - Poutn\u00ed M\u00edsto Panny Marie Pomocn\u00e9\",\"isPartOf\":{\"@id\":\"https:\\\/\\\/www.mariahilf.eu\\\/#website\"},\"primaryImageOfPage\":{\"@id\":\"https:\\\/\\\/www.mariahilf.eu\\\/relikvie\\\/sv-jan-nepomuk-neumann\\\/#primaryimage\"},\"image\":{\"@id\":\"https:\\\/\\\/www.mariahilf.eu\\\/relikvie\\\/sv-jan-nepomuk-neumann\\\/#primaryimage\"},\"thumbnailUrl\":\"https:\\\/\\\/i0.wp.com\\\/www.mariahilf.eu\\\/wp-content\\\/uploads\\\/2018\\\/12\\\/jannepomukneumann.jpg?fit=1800%2C1200&ssl=1\",\"datePublished\":\"2018-09-01T19:36:25+00:00\",\"dateModified\":\"2023-09-07T08:23:15+00:00\",\"breadcrumb\":{\"@id\":\"https:\\\/\\\/www.mariahilf.eu\\\/relikvie\\\/sv-jan-nepomuk-neumann\\\/#breadcrumb\"},\"inLanguage\":\"pl-PL\",\"potentialAction\":[{\"@type\":\"ReadAction\",\"target\":[\"https:\\\/\\\/www.mariahilf.eu\\\/relikvie\\\/sv-jan-nepomuk-neumann\\\/\"]}]},{\"@type\":\"ImageObject\",\"inLanguage\":\"pl-PL\",\"@id\":\"https:\\\/\\\/www.mariahilf.eu\\\/relikvie\\\/sv-jan-nepomuk-neumann\\\/#primaryimage\",\"url\":\"https:\\\/\\\/i0.wp.com\\\/www.mariahilf.eu\\\/wp-content\\\/uploads\\\/2018\\\/12\\\/jannepomukneumann.jpg?fit=1800%2C1200&ssl=1\",\"contentUrl\":\"https:\\\/\\\/i0.wp.com\\\/www.mariahilf.eu\\\/wp-content\\\/uploads\\\/2018\\\/12\\\/jannepomukneumann.jpg?fit=1800%2C1200&ssl=1\",\"width\":1800,\"height\":1200},{\"@type\":\"BreadcrumbList\",\"@id\":\"https:\\\/\\\/www.mariahilf.eu\\\/relikvie\\\/sv-jan-nepomuk-neumann\\\/#breadcrumb\",\"itemListElement\":[{\"@type\":\"ListItem\",\"position\":1,\"name\":\"Strona g\u0142\u00f3wna\",\"item\":\"https:\\\/\\\/www.mariahilf.eu\\\/\"},{\"@type\":\"ListItem\",\"position\":2,\"name\":\"Relikvie\",\"item\":\"https:\\\/\\\/www.mariahilf.eu\\\/relikvie\\\/\"},{\"@type\":\"ListItem\",\"position\":3,\"name\":\"Sv. Jan Nepomuk Neumann\"}]},{\"@type\":\"WebSite\",\"@id\":\"https:\\\/\\\/www.mariahilf.eu\\\/#website\",\"url\":\"https:\\\/\\\/www.mariahilf.eu\\\/\",\"name\":\"Maria Hilf - Poutn\u00ed M\u00edsto Panny Marie Pomocn\u00e9\",\"description\":\"Duchovn\u00ed spr\u00e1va poutn\u00edho m\u00edsta Panny Marie Pomocn\u00e9\",\"publisher\":{\"@id\":\"https:\\\/\\\/www.mariahilf.eu\\\/#organization\"},\"potentialAction\":[{\"@type\":\"SearchAction\",\"target\":{\"@type\":\"EntryPoint\",\"urlTemplate\":\"https:\\\/\\\/www.mariahilf.eu\\\/?s={search_term_string}\"},\"query-input\":{\"@type\":\"PropertyValueSpecification\",\"valueRequired\":true,\"valueName\":\"search_term_string\"}}],\"inLanguage\":\"pl-PL\"},{\"@type\":\"Organization\",\"@id\":\"https:\\\/\\\/www.mariahilf.eu\\\/#organization\",\"name\":\"Parafia Matki Bo\u017cej Cz\u0119stochowskiej w Knurowie\",\"url\":\"https:\\\/\\\/www.mariahilf.eu\\\/\",\"logo\":{\"@type\":\"ImageObject\",\"inLanguage\":\"pl-PL\",\"@id\":\"https:\\\/\\\/www.mariahilf.eu\\\/#\\\/schema\\\/logo\\\/image\\\/\",\"url\":\"https:\\\/\\\/i0.wp.com\\\/www.mariahilf.eu\\\/wp-content\\\/uploads\\\/2018\\\/08\\\/logo_web_300x348.png?fit=300%2C348&ssl=1\",\"contentUrl\":\"https:\\\/\\\/i0.wp.com\\\/www.mariahilf.eu\\\/wp-content\\\/uploads\\\/2018\\\/08\\\/logo_web_300x348.png?fit=300%2C348&ssl=1\",\"width\":300,\"height\":348,\"caption\":\"Parafia Matki Bo\u017cej Cz\u0119stochowskiej w Knurowie\"},\"image\":{\"@id\":\"https:\\\/\\\/www.mariahilf.eu\\\/#\\\/schema\\\/logo\\\/image\\\/\"},\"sameAs\":[\"https:\\\/\\\/www.facebook.com\\\/pannamariapomocna\\\/\"]}]}<\/script>\n<!-- \/ Yoast SEO plugin. -->","yoast_head_json":{"title":"Sv. Jan Nepomuk Neumann - Maria Hilf - Poutn\u00ed M\u00edsto Panny Marie Pomocn\u00e9","robots":{"index":"index","follow":"follow","max-snippet":"max-snippet:-1","max-image-preview":"max-image-preview:large","max-video-preview":"max-video-preview:-1"},"canonical":"https:\/\/www.mariahilf.eu\/pl\/relikvie\/sv-jan-nepomuk-neumann\/","og_locale":"pl_PL","og_type":"article","og_title":"Sv. Jan Nepomuk Neumann - Maria Hilf - Poutn\u00ed M\u00edsto Panny Marie Pomocn\u00e9","og_url":"https:\/\/www.mariahilf.eu\/pl\/relikvie\/sv-jan-nepomuk-neumann\/","og_site_name":"Maria Hilf - Poutn\u00ed M\u00edsto Panny Marie Pomocn\u00e9","article_publisher":"https:\/\/www.facebook.com\/pannamariapomocna\/","article_modified_time":"2023-09-07T08:23:15+00:00","og_image":[{"width":1800,"height":1200,"url":"https:\/\/www.mariahilf.eu\/wp-content\/uploads\/2018\/12\/jannepomukneumann.jpg","type":"image\/jpeg"}],"twitter_card":"summary_large_image","schema":{"@context":"https:\/\/schema.org","@graph":[{"@type":"WebPage","@id":"https:\/\/www.mariahilf.eu\/relikvie\/sv-jan-nepomuk-neumann\/","url":"https:\/\/www.mariahilf.eu\/relikvie\/sv-jan-nepomuk-neumann\/","name":"Sv. Jan Nepomuk Neumann - Maria Hilf - Poutn\u00ed M\u00edsto Panny Marie Pomocn\u00e9","isPartOf":{"@id":"https:\/\/www.mariahilf.eu\/#website"},"primaryImageOfPage":{"@id":"https:\/\/www.mariahilf.eu\/relikvie\/sv-jan-nepomuk-neumann\/#primaryimage"},"image":{"@id":"https:\/\/www.mariahilf.eu\/relikvie\/sv-jan-nepomuk-neumann\/#primaryimage"},"thumbnailUrl":"https:\/\/i0.wp.com\/www.mariahilf.eu\/wp-content\/uploads\/2018\/12\/jannepomukneumann.jpg?fit=1800%2C1200&ssl=1","datePublished":"2018-09-01T19:36:25+00:00","dateModified":"2023-09-07T08:23:15+00:00","breadcrumb":{"@id":"https:\/\/www.mariahilf.eu\/relikvie\/sv-jan-nepomuk-neumann\/#breadcrumb"},"inLanguage":"pl-PL","potentialAction":[{"@type":"ReadAction","target":["https:\/\/www.mariahilf.eu\/relikvie\/sv-jan-nepomuk-neumann\/"]}]},{"@type":"ImageObject","inLanguage":"pl-PL","@id":"https:\/\/www.mariahilf.eu\/relikvie\/sv-jan-nepomuk-neumann\/#primaryimage","url":"https:\/\/i0.wp.com\/www.mariahilf.eu\/wp-content\/uploads\/2018\/12\/jannepomukneumann.jpg?fit=1800%2C1200&ssl=1","contentUrl":"https:\/\/i0.wp.com\/www.mariahilf.eu\/wp-content\/uploads\/2018\/12\/jannepomukneumann.jpg?fit=1800%2C1200&ssl=1","width":1800,"height":1200},{"@type":"BreadcrumbList","@id":"https:\/\/www.mariahilf.eu\/relikvie\/sv-jan-nepomuk-neumann\/#breadcrumb","itemListElement":[{"@type":"ListItem","position":1,"name":"Strona g\u0142\u00f3wna","item":"https:\/\/www.mariahilf.eu\/"},{"@type":"ListItem","position":2,"name":"Relikvie","item":"https:\/\/www.mariahilf.eu\/relikvie\/"},{"@type":"ListItem","position":3,"name":"Sv. Jan Nepomuk Neumann"}]},{"@type":"WebSite","@id":"https:\/\/www.mariahilf.eu\/#website","url":"https:\/\/www.mariahilf.eu\/","name":"Maria Hilf - Poutn\u00ed M\u00edsto Panny Marie Pomocn\u00e9","description":"Duchowa administracja miejsca pielgrzymek Naj\u015bwi\u0119tszej Maryi Panny Pomocniczej","publisher":{"@id":"https:\/\/www.mariahilf.eu\/#organization"},"potentialAction":[{"@type":"SearchAction","target":{"@type":"EntryPoint","urlTemplate":"https:\/\/www.mariahilf.eu\/?s={search_term_string}"},"query-input":{"@type":"PropertyValueSpecification","valueRequired":true,"valueName":"search_term_string"}}],"inLanguage":"pl-PL"},{"@type":"Organization","@id":"https:\/\/www.mariahilf.eu\/#organization","name":"Parafia Matki Bo\u017cej Cz\u0119stochowskiej w Knurowie","url":"https:\/\/www.mariahilf.eu\/","logo":{"@type":"ImageObject","inLanguage":"pl-PL","@id":"https:\/\/www.mariahilf.eu\/#\/schema\/logo\/image\/","url":"https:\/\/i0.wp.com\/www.mariahilf.eu\/wp-content\/uploads\/2018\/08\/logo_web_300x348.png?fit=300%2C348&ssl=1","contentUrl":"https:\/\/i0.wp.com\/www.mariahilf.eu\/wp-content\/uploads\/2018\/08\/logo_web_300x348.png?fit=300%2C348&ssl=1","width":300,"height":348,"caption":"Parafia Matki Bo\u017cej Cz\u0119stochowskiej w Knurowie"},"image":{"@id":"https:\/\/www.mariahilf.eu\/#\/schema\/logo\/image\/"},"sameAs":["https:\/\/www.facebook.com\/pannamariapomocna\/"]}]}},"jetpack_shortlink":"https:\/\/wp.me\/PaKJZm-dm","jetpack_sharing_enabled":true,"_links":{"self":[{"href":"https:\/\/www.mariahilf.eu\/pl\/wp-json\/wp\/v2\/pages\/828","targetHints":{"allow":["GET"]}}],"collection":[{"href":"https:\/\/www.mariahilf.eu\/pl\/wp-json\/wp\/v2\/pages"}],"about":[{"href":"https:\/\/www.mariahilf.eu\/pl\/wp-json\/wp\/v2\/types\/page"}],"author":[{"embeddable":true,"href":"https:\/\/www.mariahilf.eu\/pl\/wp-json\/wp\/v2\/users\/3"}],"replies":[{"embeddable":true,"href":"https:\/\/www.mariahilf.eu\/pl\/wp-json\/wp\/v2\/comments?post=828"}],"version-history":[{"count":4,"href":"https:\/\/www.mariahilf.eu\/pl\/wp-json\/wp\/v2\/pages\/828\/revisions"}],"predecessor-version":[{"id":2570,"href":"https:\/\/www.mariahilf.eu\/pl\/wp-json\/wp\/v2\/pages\/828\/revisions\/2570"}],"up":[{"embeddable":true,"href":"https:\/\/www.mariahilf.eu\/pl\/wp-json\/wp\/v2\/pages\/821"}],"wp:featuredmedia":[{"embeddable":true,"href":"https:\/\/www.mariahilf.eu\/pl\/wp-json\/wp\/v2\/media\/1064"}],"wp:attachment":[{"href":"https:\/\/www.mariahilf.eu\/pl\/wp-json\/wp\/v2\/media?parent=828"}],"curies":[{"name":"wp","href":"https:\/\/api.w.org\/{rel}","templated":true}]}}